{"id":84,"date":"2022-04-11T15:02:33","date_gmt":"2022-04-11T15:02:33","guid":{"rendered":"https:\/\/happyadventurers.com\/?page_id=84"},"modified":"2024-11-06T09:56:38","modified_gmt":"2024-11-06T16:56:38","slug":"about-us","status":"publish","type":"page","link":"https:\/\/happyadventurers.com\/es\/about-us\/","title":{"rendered":"Nosotros"},"content":{"rendered":"<h2 class=\"wp-block-heading\">Nosotros<\/h2>\n\n\n\n<p style=\"font-size:20px\">Lo que m\u00e1s valoramos en <strong>Happy Adventurers<\/strong> is happiness, beautiful memories, and amazing experiences. These are the things that shape us as human beings and connect us with others. We want you to have all those things &#8211; and as your travel agency, we are confident that we can make that happen!<\/p>\n\n\n\n<p style=\"font-size:20px\">Con m\u00e1s de 10 a\u00f1os de experiencia en la industria del turismo, hemos viajado continuamente para encontrar los mejores destinos para ti. Lo que aprendimos sobrepas\u00f3 nuestras expectativas! Nuestra decisi\u00f3n de enfocarnos exclusivamente en parques de diversiones y cruceros, deja ver que son lugares verdaderamente m\u00e1gicos. Para nosotros, no tendr\u00eda sentido no llevarte ah\u00ed.<\/p>\n\n\n\n<p style=\"font-size:20px\">Actualmente ofrecemos viajes a destinos de ensue\u00f1o:<\/p>\n\n\n\n<p style=\"font-size:20px\">\u2022 Walt Disney World Resort in Orlando, FL.<br>\u2022 Disneyland Resort in California.<br>\u2022 Universal Studios Florida.<br>\u2022 Universal Studios Hollywood in California.<br>\u2022 Cruceros seleccionados<\/p>\n\n\n\n<p style=\"font-size:20px\">Queremos asegurarnos de que nadie se sienta excluido en el viaje, y descubrimos que estos destinos tienen algo ideal para cada qui\u00e9n. Desde los ni\u00f1os hasta los abuelos! Esto lo escuchamos con frecuencia en nuestras llamadas de seguimiento cuando nuestros clientes han regresado de su viaje \u2013 verdaderamente disfrutamos cuando nos cuentan acerca de todas las memorias que construyeron durante su viaje.&nbsp;<\/p>\n\n\n\n<p style=\"font-size:20px\">Somos una agencia j\u00f3ven, pero hemos ayudado a familias de m\u00e1s de 10 pa\u00edses a crear memorias \u00fanicas e irrepetibles. <\/p>\n\n\n\n<h3 class=\"wp-block-heading has-text-align-center\">\u00a1Estamos emocionados de ser parte de tu viaje!<\/h3>","protected":false},"excerpt":{"rendered":"<p>Lo que m\u00e1s valoramos en Happy Adventurers es la felicidad, las memorias y la experiencias inolvidables. Estas son las cosas que nos forman como humanos y nos ayudan a conectar con los dem\u00e1s.<\/p>","protected":false},"author":1,"featured_media":105,"parent":0,"menu_order":0,"comment_status":"closed","ping_status":"closed","template":"","meta":{"_acf_changed":false,"footnotes":""},"class_list":["post-84","page","type-page","status-publish","has-post-thumbnail","hentry"],"acf":[],"yoast_head":"<!-- This site is optimized with the Yoast SEO plugin v27.4 - https:\/\/yoast.com\/product\/yoast-seo-wordpress\/ -->\n<title>About Us - Happy Adventurers<\/title>\n<meta name=\"robots\" content=\"index, follow, max-snippet:-1, max-image-preview:large, max-video-preview:-1\" \/>\n<link rel=\"canonical\" href=\"https:\/\/happyadventurers.com\/es\/about-us\/\" \/>\n<meta property=\"og:locale\" content=\"es_MX\" \/>\n<meta property=\"og:type\" content=\"article\" \/>\n<meta property=\"og:title\" content=\"About Us - Happy Adventurers\" \/>\n<meta property=\"og:description\" content=\"What we value the most at Happy Adventurers is happiness, beautiful memories, and amazing experiences. These are the things that shape us as human beings and connect us with others.\" \/>\n<meta property=\"og:url\" content=\"https:\/\/happyadventurers.com\/es\/about-us\/\" \/>\n<meta property=\"og:site_name\" content=\"Happy Adventurers\" \/>\n<meta property=\"article:modified_time\" content=\"2024-11-06T16:56:38+00:00\" \/>\n<meta property=\"og:image\" content=\"http:\/\/happyadventurers.com\/wp-content\/uploads\/2022\/04\/minnie-ears.jpg\" \/>\n\t<meta property=\"og:image:width\" content=\"1440\" \/>\n\t<meta property=\"og:image:height\" content=\"1080\" \/>\n\t<meta property=\"og:image:type\" content=\"image\/jpeg\" \/>\n<meta name=\"twitter:card\" content=\"summary_large_image\" \/>\n<meta name=\"twitter:label1\" content=\"Tiempo de lectura\" \/>\n\t<meta name=\"twitter:data1\" content=\"2 minutos\" \/>\n<script type=\"application\/ld+json\" class=\"yoast-schema-graph\">{\"@context\":\"https:\\\/\\\/schema.org\",\"@graph\":[{\"@type\":\"WebPage\",\"@id\":\"https:\\\/\\\/happyadventurers.com\\\/about-us\\\/\",\"url\":\"https:\\\/\\\/happyadventurers.com\\\/about-us\\\/\",\"name\":\"About Us - Happy Adventurers\",\"isPartOf\":{\"@id\":\"https:\\\/\\\/happyadventurers.com\\\/#website\"},\"primaryImageOfPage\":{\"@id\":\"https:\\\/\\\/happyadventurers.com\\\/about-us\\\/#primaryimage\"},\"image\":{\"@id\":\"https:\\\/\\\/happyadventurers.com\\\/about-us\\\/#primaryimage\"},\"thumbnailUrl\":\"https:\\\/\\\/happyadventurers.com\\\/wp-content\\\/uploads\\\/2022\\\/04\\\/minnie-ears.jpg\",\"datePublished\":\"2022-04-11T15:02:33+00:00\",\"dateModified\":\"2024-11-06T16:56:38+00:00\",\"breadcrumb\":{\"@id\":\"https:\\\/\\\/happyadventurers.com\\\/about-us\\\/#breadcrumb\"},\"inLanguage\":\"es\",\"potentialAction\":[{\"@type\":\"ReadAction\",\"target\":[\"https:\\\/\\\/happyadventurers.com\\\/about-us\\\/\"]}]},{\"@type\":\"ImageObject\",\"inLanguage\":\"es\",\"@id\":\"https:\\\/\\\/happyadventurers.com\\\/about-us\\\/#primaryimage\",\"url\":\"https:\\\/\\\/happyadventurers.com\\\/wp-content\\\/uploads\\\/2022\\\/04\\\/minnie-ears.jpg\",\"contentUrl\":\"https:\\\/\\\/happyadventurers.com\\\/wp-content\\\/uploads\\\/2022\\\/04\\\/minnie-ears.jpg\",\"width\":1440,\"height\":1080},{\"@type\":\"BreadcrumbList\",\"@id\":\"https:\\\/\\\/happyadventurers.com\\\/about-us\\\/#breadcrumb\",\"itemListElement\":[{\"@type\":\"ListItem\",\"position\":1,\"name\":\"Home\",\"item\":\"https:\\\/\\\/happyadventurers.com\\\/\"},{\"@type\":\"ListItem\",\"position\":2,\"name\":\"About Us\"}]},{\"@type\":\"WebSite\",\"@id\":\"https:\\\/\\\/happyadventurers.com\\\/#website\",\"url\":\"https:\\\/\\\/happyadventurers.com\\\/\",\"name\":\"Happy Adventurers\",\"description\":\"The Fun Travel Agency\",\"publisher\":{\"@id\":\"https:\\\/\\\/happyadventurers.com\\\/#organization\"},\"potentialAction\":[{\"@type\":\"SearchAction\",\"target\":{\"@type\":\"EntryPoint\",\"urlTemplate\":\"https:\\\/\\\/happyadventurers.com\\\/?s={search_term_string}\"},\"query-input\":{\"@type\":\"PropertyValueSpecification\",\"valueRequired\":true,\"valueName\":\"search_term_string\"}}],\"inLanguage\":\"es\"},{\"@type\":\"Organization\",\"@id\":\"https:\\\/\\\/happyadventurers.com\\\/#organization\",\"name\":\"Happy Adventurers\",\"url\":\"https:\\\/\\\/happyadventurers.com\\\/\",\"logo\":{\"@type\":\"ImageObject\",\"inLanguage\":\"es\",\"@id\":\"https:\\\/\\\/happyadventurers.com\\\/#\\\/schema\\\/logo\\\/image\\\/\",\"url\":\"https:\\\/\\\/happyadventurers.com\\\/wp-content\\\/uploads\\\/2022\\\/04\\\/Logo-Oficial-nocastle.png\",\"contentUrl\":\"https:\\\/\\\/happyadventurers.com\\\/wp-content\\\/uploads\\\/2022\\\/04\\\/Logo-Oficial-nocastle.png\",\"width\":655,\"height\":540,\"caption\":\"Happy Adventurers\"},\"image\":{\"@id\":\"https:\\\/\\\/happyadventurers.com\\\/#\\\/schema\\\/logo\\\/image\\\/\"}}]}<\/script>\n<!-- \/ Yoast SEO plugin. -->","yoast_head_json":{"title":"About Us - Happy Adventurers","robots":{"index":"index","follow":"follow","max-snippet":"max-snippet:-1","max-image-preview":"max-image-preview:large","max-video-preview":"max-video-preview:-1"},"canonical":"https:\/\/happyadventurers.com\/es\/about-us\/","og_locale":"es_MX","og_type":"article","og_title":"About Us - Happy Adventurers","og_description":"What we value the most at Happy Adventurers is happiness, beautiful memories, and amazing experiences. These are the things that shape us as human beings and connect us with others.","og_url":"https:\/\/happyadventurers.com\/es\/about-us\/","og_site_name":"Happy Adventurers","article_modified_time":"2024-11-06T16:56:38+00:00","og_image":[{"width":1440,"height":1080,"url":"http:\/\/happyadventurers.com\/wp-content\/uploads\/2022\/04\/minnie-ears.jpg","type":"image\/jpeg"}],"twitter_card":"summary_large_image","twitter_misc":{"Tiempo de lectura":"2 minutos"},"schema":{"@context":"https:\/\/schema.org","@graph":[{"@type":"WebPage","@id":"https:\/\/happyadventurers.com\/about-us\/","url":"https:\/\/happyadventurers.com\/about-us\/","name":"About Us - Happy Adventurers","isPartOf":{"@id":"https:\/\/happyadventurers.com\/#website"},"primaryImageOfPage":{"@id":"https:\/\/happyadventurers.com\/about-us\/#primaryimage"},"image":{"@id":"https:\/\/happyadventurers.com\/about-us\/#primaryimage"},"thumbnailUrl":"https:\/\/happyadventurers.com\/wp-content\/uploads\/2022\/04\/minnie-ears.jpg","datePublished":"2022-04-11T15:02:33+00:00","dateModified":"2024-11-06T16:56:38+00:00","breadcrumb":{"@id":"https:\/\/happyadventurers.com\/about-us\/#breadcrumb"},"inLanguage":"es","potentialAction":[{"@type":"ReadAction","target":["https:\/\/happyadventurers.com\/about-us\/"]}]},{"@type":"ImageObject","inLanguage":"es","@id":"https:\/\/happyadventurers.com\/about-us\/#primaryimage","url":"https:\/\/happyadventurers.com\/wp-content\/uploads\/2022\/04\/minnie-ears.jpg","contentUrl":"https:\/\/happyadventurers.com\/wp-content\/uploads\/2022\/04\/minnie-ears.jpg","width":1440,"height":1080},{"@type":"BreadcrumbList","@id":"https:\/\/happyadventurers.com\/about-us\/#breadcrumb","itemListElement":[{"@type":"ListItem","position":1,"name":"Home","item":"https:\/\/happyadventurers.com\/"},{"@type":"ListItem","position":2,"name":"About Us"}]},{"@type":"WebSite","@id":"https:\/\/happyadventurers.com\/#website","url":"https:\/\/happyadventurers.com\/","name":"Happy Adventurers","description":"The Fun Travel Agency","publisher":{"@id":"https:\/\/happyadventurers.com\/#organization"},"potentialAction":[{"@type":"SearchAction","target":{"@type":"EntryPoint","urlTemplate":"https:\/\/happyadventurers.com\/?s={search_term_string}"},"query-input":{"@type":"PropertyValueSpecification","valueRequired":true,"valueName":"search_term_string"}}],"inLanguage":"es"},{"@type":"Organization","@id":"https:\/\/happyadventurers.com\/#organization","name":"Happy Adventurers","url":"https:\/\/happyadventurers.com\/","logo":{"@type":"ImageObject","inLanguage":"es","@id":"https:\/\/happyadventurers.com\/#\/schema\/logo\/image\/","url":"https:\/\/happyadventurers.com\/wp-content\/uploads\/2022\/04\/Logo-Oficial-nocastle.png","contentUrl":"https:\/\/happyadventurers.com\/wp-content\/uploads\/2022\/04\/Logo-Oficial-nocastle.png","width":655,"height":540,"caption":"Happy Adventurers"},"image":{"@id":"https:\/\/happyadventurers.com\/#\/schema\/logo\/image\/"}}]}},"_links":{"self":[{"href":"https:\/\/happyadventurers.com\/es\/wp-json\/wp\/v2\/pages\/84","targetHints":{"allow":["GET"]}}],"collection":[{"href":"https:\/\/happyadventurers.com\/es\/wp-json\/wp\/v2\/pages"}],"about":[{"href":"https:\/\/happyadventurers.com\/es\/wp-json\/wp\/v2\/types\/page"}],"author":[{"embeddable":true,"href":"https:\/\/happyadventurers.com\/es\/wp-json\/wp\/v2\/users\/1"}],"replies":[{"embeddable":true,"href":"https:\/\/happyadventurers.com\/es\/wp-json\/wp\/v2\/comments?post=84"}],"version-history":[{"count":10,"href":"https:\/\/happyadventurers.com\/es\/wp-json\/wp\/v2\/pages\/84\/revisions"}],"predecessor-version":[{"id":6361,"href":"https:\/\/happyadventurers.com\/es\/wp-json\/wp\/v2\/pages\/84\/revisions\/6361"}],"wp:featuredmedia":[{"embeddable":true,"href":"https:\/\/happyadventurers.com\/es\/wp-json\/wp\/v2\/media\/105"}],"wp:attachment":[{"href":"https:\/\/happyadventurers.com\/es\/wp-json\/wp\/v2\/media?parent=84"}],"curies":[{"name":"wp","href":"https:\/\/api.w.org\/{rel}","templated":true}]}}