{"id":7632,"date":"2025-05-05T11:13:16","date_gmt":"2025-05-05T18:13:16","guid":{"rendered":"https:\/\/happyadventurers.com\/?page_id=7632"},"modified":"2025-05-05T11:13:48","modified_gmt":"2025-05-05T18:13:48","slug":"epic-universe-panel","status":"publish","type":"page","link":"https:\/\/happyadventurers.com\/es\/epic-universe-panel\/","title":{"rendered":"Epic Universe Panel"},"content":{"rendered":"\n<h2 class=\"wp-block-heading\">Epic Universe Panel<\/h2>\n\n\n<div class=\"wpforms-container wpforms-container-full wpforms-block wpforms-block-ebc5af85-b79f-4a59-a70f-08bb070c8d31\" id=\"wpforms-7626\"><form id=\"wpforms-form-7626\" class=\"wpforms-validate wpforms-form wpforms-ajax-form\" data-formid=\"7626\" method=\"post\" enctype=\"multipart\/form-data\" action=\"\/es\/wp-json\/wp\/v2\/pages\/7632\" data-token=\"ad86d2f014c7306e7e32fb71759e8f5d\" data-token-time=\"1777662451\"><div class=\"wpforms-head-container\"><div class=\"wpforms-description\">Estamos preparando con cari\u00f1o este panel de Epic Universe, donde todos tendremos la oportunidad de hacer preguntas a los Aventureros que ya visitaron el parque.\r\n\r\nComp\u00e1rtenos las preguntas que desees que sean contestadas durante el Panel. No te preocupes, si se te olvida alguna, podr\u00e1s hacerla en el chat el d\u00eda del Webinar.<\/div><\/div><noscript class=\"wpforms-error-noscript\">Por favor, activa JavaScript en tu navegador para completar este formulario.<\/noscript><div class=\"wpforms-field-container\"><div id=\"wpforms-7626-field_1-container\" class=\"wpforms-field wpforms-field-name\" data-field-type=\"name\" data-field-id=\"1\"><label class=\"wpforms-field-label\" for=\"wpforms-7626-field_1\">Nombre <span class=\"wpforms-required-label\">*<\/span><\/label><div class=\"wpforms-field-row wpforms-field-large\"><div class=\"wpforms-field-row-block wpforms-first wpforms-one-half\"><input type=\"text\" id=\"wpforms-7626-field_1\" class=\"wpforms-field-name-first wpforms-field-required\" name=\"wpforms[fields][1][first]\" placeholder=\"Primer Nombre\" required><label for=\"wpforms-7626-field_1\" class=\"wpforms-field-sublabel after wpforms-sublabel-hide\">Nombre<\/label><\/div><div class=\"wpforms-field-row-block wpforms-one-half\"><input type=\"text\" id=\"wpforms-7626-field_1-last\" class=\"wpforms-field-name-last wpforms-field-required\" name=\"wpforms[fields][1][last]\" placeholder=\"Apellido\" required><label for=\"wpforms-7626-field_1-last\" class=\"wpforms-field-sublabel after wpforms-sublabel-hide\">Apellidos<\/label><\/div><\/div><\/div><div id=\"wpforms-7626-field_2-container\" class=\"wpforms-field wpforms-field-email\" data-field-type=\"email\" data-field-id=\"2\"><label class=\"wpforms-field-label\" for=\"wpforms-7626-field_2\">Email <span class=\"wpforms-required-label\">*<\/span><\/label><input type=\"email\" id=\"wpforms-7626-field_2\" class=\"wpforms-field-large wpforms-field-required\" name=\"wpforms[fields][2]\" spellcheck=\"false\" required><\/div><div id=\"wpforms-7626-field_4-container\" class=\"wpforms-field wpforms-field-textarea\" data-field-type=\"textarea\" data-field-id=\"4\"><label class=\"wpforms-field-label\" for=\"wpforms-7626-field_4\">\u00bfQu\u00e9 preguntas te gustar\u00eda que respondi\u00e9ramos durante el Webinar?<\/label><textarea id=\"wpforms-7626-field_4\" class=\"wpforms-field-medium\" name=\"wpforms[fields][4]\" ><\/textarea><\/div><\/div><!-- .wpforms-field-container --><div class=\"wpforms-submit-container\" ><input type=\"hidden\" name=\"wpforms[id]\" value=\"7626\"><input type=\"hidden\" name=\"page_title\" value=\"\"><input type=\"hidden\" name=\"page_url\" value=\"https:\/\/happyadventurers.com\/es\/wp-json\/wp\/v2\/pages\/7632\"><input type=\"hidden\" name=\"url_referer\" value=\"\"><button type=\"submit\" name=\"wpforms[submit]\" id=\"wpforms-submit-7626\" class=\"wpforms-submit\" data-alt-text=\"Enviando...\" data-submit-text=\"Enviar\" aria-live=\"assertive\" value=\"wpforms-submit\">Enviar<\/button><img decoding=\"async\" data-src=\"https:\/\/happyadventurers.com\/wp-content\/plugins\/wpforms\/assets\/images\/submit-spin.svg\" class=\"wpforms-submit-spinner lazyload\" style=\"--smush-placeholder-width: 26px; --smush-placeholder-aspect-ratio: 26\/26;display: none;\" width=\"26\" height=\"26\" alt=\"Cargando\" src=\"data:image\/svg+xml;base64,PHN2ZyB3aWR0aD0iMSIgaGVpZ2h0PSIxIiB4bWxucz0iaHR0cDovL3d3dy53My5vcmcvMjAwMC9zdmciPjwvc3ZnPg==\"><\/div><\/form><\/div>  <!-- .wpforms-container -->","protected":false},"excerpt":{"rendered":"<p>Epic Universe Panel<\/p>","protected":false},"author":1,"featured_media":7407,"parent":0,"menu_order":0,"comment_status":"closed","ping_status":"closed","template":"","meta":{"_acf_changed":false,"footnotes":""},"class_list":["post-7632","page","type-page","status-publish","has-post-thumbnail","hentry"],"acf":[],"yoast_head":"<!-- This site is optimized with the Yoast SEO plugin v27.5 - https:\/\/yoast.com\/product\/yoast-seo-wordpress\/ -->\n<title>Epic Universe Panel - Happy Adventurers<\/title>\n<meta name=\"robots\" content=\"index, follow, max-snippet:-1, max-image-preview:large, max-video-preview:-1\" \/>\n<link rel=\"canonical\" href=\"https:\/\/happyadventurers.com\/es\/epic-universe-panel\/\" \/>\n<meta property=\"og:locale\" content=\"es_MX\" \/>\n<meta property=\"og:type\" content=\"article\" \/>\n<meta property=\"og:title\" content=\"Epic Universe Panel - Happy Adventurers\" \/>\n<meta property=\"og:description\" content=\"Epic Universe Panel\" \/>\n<meta property=\"og:url\" content=\"https:\/\/happyadventurers.com\/es\/epic-universe-panel\/\" \/>\n<meta property=\"og:site_name\" content=\"Happy Adventurers\" \/>\n<meta property=\"article:modified_time\" content=\"2025-05-05T18:13:48+00:00\" \/>\n<meta property=\"og:image\" content=\"http:\/\/happyadventurers.com\/wp-content\/uploads\/2025\/04\/epic-universe-celestial-park-chronos-tower.jpg.webp\" \/>\n\t<meta property=\"og:image:width\" content=\"1200\" \/>\n\t<meta property=\"og:image:height\" content=\"900\" \/>\n\t<meta property=\"og:image:type\" content=\"image\/webp\" \/>\n<meta name=\"twitter:card\" content=\"summary_large_image\" \/>\n<meta name=\"twitter:label1\" content=\"Tiempo de lectura\" \/>\n\t<meta name=\"twitter:data1\" content=\"1 minuto\" \/>\n<script type=\"application\/ld+json\" class=\"yoast-schema-graph\">{\"@context\":\"https:\\\/\\\/schema.org\",\"@graph\":[{\"@type\":\"WebPage\",\"@id\":\"https:\\\/\\\/happyadventurers.com\\\/epic-universe-panel\\\/\",\"url\":\"https:\\\/\\\/happyadventurers.com\\\/epic-universe-panel\\\/\",\"name\":\"Epic Universe Panel - Happy Adventurers\",\"isPartOf\":{\"@id\":\"https:\\\/\\\/happyadventurers.com\\\/#website\"},\"primaryImageOfPage\":{\"@id\":\"https:\\\/\\\/happyadventurers.com\\\/epic-universe-panel\\\/#primaryimage\"},\"image\":{\"@id\":\"https:\\\/\\\/happyadventurers.com\\\/epic-universe-panel\\\/#primaryimage\"},\"thumbnailUrl\":\"https:\\\/\\\/happyadventurers.com\\\/wp-content\\\/uploads\\\/2025\\\/04\\\/epic-universe-celestial-park-chronos-tower.jpg.webp\",\"datePublished\":\"2025-05-05T18:13:16+00:00\",\"dateModified\":\"2025-05-05T18:13:48+00:00\",\"breadcrumb\":{\"@id\":\"https:\\\/\\\/happyadventurers.com\\\/epic-universe-panel\\\/#breadcrumb\"},\"inLanguage\":\"es\",\"potentialAction\":[{\"@type\":\"ReadAction\",\"target\":[\"https:\\\/\\\/happyadventurers.com\\\/epic-universe-panel\\\/\"]}]},{\"@type\":\"ImageObject\",\"inLanguage\":\"es\",\"@id\":\"https:\\\/\\\/happyadventurers.com\\\/epic-universe-panel\\\/#primaryimage\",\"url\":\"https:\\\/\\\/happyadventurers.com\\\/wp-content\\\/uploads\\\/2025\\\/04\\\/epic-universe-celestial-park-chronos-tower.jpg.webp\",\"contentUrl\":\"https:\\\/\\\/happyadventurers.com\\\/wp-content\\\/uploads\\\/2025\\\/04\\\/epic-universe-celestial-park-chronos-tower.jpg.webp\",\"width\":1200,\"height\":900},{\"@type\":\"BreadcrumbList\",\"@id\":\"https:\\\/\\\/happyadventurers.com\\\/epic-universe-panel\\\/#breadcrumb\",\"itemListElement\":[{\"@type\":\"ListItem\",\"position\":1,\"name\":\"Home\",\"item\":\"https:\\\/\\\/happyadventurers.com\\\/\"},{\"@type\":\"ListItem\",\"position\":2,\"name\":\"Epic Universe Panel\"}]},{\"@type\":\"WebSite\",\"@id\":\"https:\\\/\\\/happyadventurers.com\\\/#website\",\"url\":\"https:\\\/\\\/happyadventurers.com\\\/\",\"name\":\"Happy Adventurers\",\"description\":\"The Fun Travel Agency\",\"publisher\":{\"@id\":\"https:\\\/\\\/happyadventurers.com\\\/#organization\"},\"potentialAction\":[{\"@type\":\"SearchAction\",\"target\":{\"@type\":\"EntryPoint\",\"urlTemplate\":\"https:\\\/\\\/happyadventurers.com\\\/?s={search_term_string}\"},\"query-input\":{\"@type\":\"PropertyValueSpecification\",\"valueRequired\":true,\"valueName\":\"search_term_string\"}}],\"inLanguage\":\"es\"},{\"@type\":\"Organization\",\"@id\":\"https:\\\/\\\/happyadventurers.com\\\/#organization\",\"name\":\"Happy Adventurers\",\"url\":\"https:\\\/\\\/happyadventurers.com\\\/\",\"logo\":{\"@type\":\"ImageObject\",\"inLanguage\":\"es\",\"@id\":\"https:\\\/\\\/happyadventurers.com\\\/#\\\/schema\\\/logo\\\/image\\\/\",\"url\":\"https:\\\/\\\/happyadventurers.com\\\/wp-content\\\/uploads\\\/2022\\\/04\\\/Logo-Oficial-nocastle.png\",\"contentUrl\":\"https:\\\/\\\/happyadventurers.com\\\/wp-content\\\/uploads\\\/2022\\\/04\\\/Logo-Oficial-nocastle.png\",\"width\":655,\"height\":540,\"caption\":\"Happy Adventurers\"},\"image\":{\"@id\":\"https:\\\/\\\/happyadventurers.com\\\/#\\\/schema\\\/logo\\\/image\\\/\"}}]}<\/script>\n<!-- \/ Yoast SEO plugin. -->","yoast_head_json":{"title":"Epic Universe Panel - Happy Adventurers","robots":{"index":"index","follow":"follow","max-snippet":"max-snippet:-1","max-image-preview":"max-image-preview:large","max-video-preview":"max-video-preview:-1"},"canonical":"https:\/\/happyadventurers.com\/es\/epic-universe-panel\/","og_locale":"es_MX","og_type":"article","og_title":"Epic Universe Panel - Happy Adventurers","og_description":"Epic Universe Panel","og_url":"https:\/\/happyadventurers.com\/es\/epic-universe-panel\/","og_site_name":"Happy Adventurers","article_modified_time":"2025-05-05T18:13:48+00:00","og_image":[{"width":1200,"height":900,"url":"http:\/\/happyadventurers.com\/wp-content\/uploads\/2025\/04\/epic-universe-celestial-park-chronos-tower.jpg.webp","type":"image\/webp"}],"twitter_card":"summary_large_image","twitter_misc":{"Tiempo de lectura":"1 minuto"},"schema":{"@context":"https:\/\/schema.org","@graph":[{"@type":"WebPage","@id":"https:\/\/happyadventurers.com\/epic-universe-panel\/","url":"https:\/\/happyadventurers.com\/epic-universe-panel\/","name":"Epic Universe Panel - Happy Adventurers","isPartOf":{"@id":"https:\/\/happyadventurers.com\/#website"},"primaryImageOfPage":{"@id":"https:\/\/happyadventurers.com\/epic-universe-panel\/#primaryimage"},"image":{"@id":"https:\/\/happyadventurers.com\/epic-universe-panel\/#primaryimage"},"thumbnailUrl":"https:\/\/happyadventurers.com\/wp-content\/uploads\/2025\/04\/epic-universe-celestial-park-chronos-tower.jpg.webp","datePublished":"2025-05-05T18:13:16+00:00","dateModified":"2025-05-05T18:13:48+00:00","breadcrumb":{"@id":"https:\/\/happyadventurers.com\/epic-universe-panel\/#breadcrumb"},"inLanguage":"es","potentialAction":[{"@type":"ReadAction","target":["https:\/\/happyadventurers.com\/epic-universe-panel\/"]}]},{"@type":"ImageObject","inLanguage":"es","@id":"https:\/\/happyadventurers.com\/epic-universe-panel\/#primaryimage","url":"https:\/\/happyadventurers.com\/wp-content\/uploads\/2025\/04\/epic-universe-celestial-park-chronos-tower.jpg.webp","contentUrl":"https:\/\/happyadventurers.com\/wp-content\/uploads\/2025\/04\/epic-universe-celestial-park-chronos-tower.jpg.webp","width":1200,"height":900},{"@type":"BreadcrumbList","@id":"https:\/\/happyadventurers.com\/epic-universe-panel\/#breadcrumb","itemListElement":[{"@type":"ListItem","position":1,"name":"Home","item":"https:\/\/happyadventurers.com\/"},{"@type":"ListItem","position":2,"name":"Epic Universe Panel"}]},{"@type":"WebSite","@id":"https:\/\/happyadventurers.com\/#website","url":"https:\/\/happyadventurers.com\/","name":"Happy Adventurers","description":"The Fun Travel Agency","publisher":{"@id":"https:\/\/happyadventurers.com\/#organization"},"potentialAction":[{"@type":"SearchAction","target":{"@type":"EntryPoint","urlTemplate":"https:\/\/happyadventurers.com\/?s={search_term_string}"},"query-input":{"@type":"PropertyValueSpecification","valueRequired":true,"valueName":"search_term_string"}}],"inLanguage":"es"},{"@type":"Organization","@id":"https:\/\/happyadventurers.com\/#organization","name":"Happy Adventurers","url":"https:\/\/happyadventurers.com\/","logo":{"@type":"ImageObject","inLanguage":"es","@id":"https:\/\/happyadventurers.com\/#\/schema\/logo\/image\/","url":"https:\/\/happyadventurers.com\/wp-content\/uploads\/2022\/04\/Logo-Oficial-nocastle.png","contentUrl":"https:\/\/happyadventurers.com\/wp-content\/uploads\/2022\/04\/Logo-Oficial-nocastle.png","width":655,"height":540,"caption":"Happy Adventurers"},"image":{"@id":"https:\/\/happyadventurers.com\/#\/schema\/logo\/image\/"}}]}},"_links":{"self":[{"href":"https:\/\/happyadventurers.com\/es\/wp-json\/wp\/v2\/pages\/7632","targetHints":{"allow":["GET"]}}],"collection":[{"href":"https:\/\/happyadventurers.com\/es\/wp-json\/wp\/v2\/pages"}],"about":[{"href":"https:\/\/happyadventurers.com\/es\/wp-json\/wp\/v2\/types\/page"}],"author":[{"embeddable":true,"href":"https:\/\/happyadventurers.com\/es\/wp-json\/wp\/v2\/users\/1"}],"replies":[{"embeddable":true,"href":"https:\/\/happyadventurers.com\/es\/wp-json\/wp\/v2\/comments?post=7632"}],"version-history":[{"count":1,"href":"https:\/\/happyadventurers.com\/es\/wp-json\/wp\/v2\/pages\/7632\/revisions"}],"predecessor-version":[{"id":7633,"href":"https:\/\/happyadventurers.com\/es\/wp-json\/wp\/v2\/pages\/7632\/revisions\/7633"}],"wp:featuredmedia":[{"embeddable":true,"href":"https:\/\/happyadventurers.com\/es\/wp-json\/wp\/v2\/media\/7407"}],"wp:attachment":[{"href":"https:\/\/happyadventurers.com\/es\/wp-json\/wp\/v2\/media?parent=7632"}],"curies":[{"name":"wp","href":"https:\/\/api.w.org\/{rel}","templated":true}]}}