{"id":5748,"date":"2024-08-27T00:01:02","date_gmt":"2024-08-27T00:01:02","guid":{"rendered":"https:\/\/happyadventurers.com\/?page_id=5748"},"modified":"2024-08-27T00:10:36","modified_gmt":"2024-08-27T00:10:36","slug":"aventureros-assemble-pre-event-survey","status":"publish","type":"page","link":"https:\/\/happyadventurers.com\/es\/aventureros-assemble-pre-event-survey\/","title":{"rendered":"Aventureros Assemble Pre-Event Survey"},"content":{"rendered":"\n<h2 class=\"wp-block-heading\">Aventureros Assemble Pre-Event Survey<\/h2>\n\n\n\n<p>Estamos a unas semanas de este incre\u00edble evento, te agradecemos que te tomes unos minutos para responder un par de preguntas que ser\u00e1n \u00fatiles en la planeaci\u00f3n de la log\u00edstica del Assemble.<\/p>\n\n\n<div class=\"wpforms-container wpforms-container-full wpforms-block wpforms-block-df5c4a0b-51d1-40fa-a5d7-5e7ad17b8afa\" id=\"wpforms-5736\"><form id=\"wpforms-form-5736\" class=\"wpforms-validate wpforms-form wpforms-ajax-form\" data-formid=\"5736\" method=\"post\" enctype=\"multipart\/form-data\" action=\"\/es\/wp-json\/wp\/v2\/pages\/5748\" data-token=\"650d400d6382f6661fffe09d592a3b2a\" data-token-time=\"1778564500\"><noscript class=\"wpforms-error-noscript\">Por favor, activa JavaScript en tu navegador para completar este formulario.<\/noscript><div class=\"wpforms-field-container\"><div id=\"wpforms-5736-field_1-container\" class=\"wpforms-field wpforms-field-name\" data-field-type=\"name\" data-field-id=\"1\"><label class=\"wpforms-field-label\" for=\"wpforms-5736-field_1\">Nombre <span class=\"wpforms-required-label\">*<\/span><\/label><div class=\"wpforms-field-row wpforms-field-large\"><div class=\"wpforms-field-row-block wpforms-first wpforms-one-half\"><input type=\"text\" id=\"wpforms-5736-field_1\" class=\"wpforms-field-name-first wpforms-field-required\" name=\"wpforms[fields][1][first]\" placeholder=\"Primer Nombre\" required><label for=\"wpforms-5736-field_1\" class=\"wpforms-field-sublabel after wpforms-sublabel-hide\">Nombre<\/label><\/div><div class=\"wpforms-field-row-block wpforms-one-half\"><input type=\"text\" id=\"wpforms-5736-field_1-last\" class=\"wpforms-field-name-last wpforms-field-required\" name=\"wpforms[fields][1][last]\" placeholder=\"Apellido\" required><label for=\"wpforms-5736-field_1-last\" class=\"wpforms-field-sublabel after wpforms-sublabel-hide\">Apellidos<\/label><\/div><\/div><\/div><div id=\"wpforms-5736-field_16-container\" class=\"wpforms-field wpforms-field-email\" data-field-type=\"email\" data-field-id=\"16\"><label class=\"wpforms-field-label\" for=\"wpforms-5736-field_16\">Email Registrado en el Aventureros Assemble <span class=\"wpforms-required-label\">*<\/span><\/label><input type=\"email\" id=\"wpforms-5736-field_16\" class=\"wpforms-field-large wpforms-field-required wpforms-novalidate-onkeyup\" data-rule-restricted-email=\"1\" data-rule-unique=\"true\" name=\"wpforms[fields][16]\" spellcheck=\"false\" required><div class=\"wpforms-field-description\">Aseg\u00farate de utilizar el correo utilizado en la compra de tus tickets del Aventureros Assemble.<\/div><\/div><div id=\"wpforms-5736-field_6-container\" class=\"wpforms-field wpforms-field-text\" data-field-type=\"text\" data-field-id=\"6\"><label class=\"wpforms-field-label\" for=\"wpforms-5736-field_6\">\u00bfCu\u00e1l es tu pel\u00edcula Disney favorita? <span class=\"wpforms-required-label\">*<\/span><\/label><input type=\"text\" id=\"wpforms-5736-field_6\" class=\"wpforms-field-large wpforms-field-required\" name=\"wpforms[fields][6]\" required><div class=\"wpforms-field-description\">(Queremos saber m\u00e1s sobre ti, comparte con nosotros tu pel\u00edcula favorita)<\/div><\/div><div id=\"wpforms-5736-field_10-container\" class=\"wpforms-field wpforms-field-select wpforms-field-select-style-classic\" data-field-type=\"select\" data-field-id=\"10\"><label class=\"wpforms-field-label\" for=\"wpforms-5736-field_10\">\u00bfCu\u00e1l es tu nivel de entendimiento del idioma ingl\u00e9s? <span class=\"wpforms-required-label\">*<\/span><\/label><select id=\"wpforms-5736-field_10\" class=\"wpforms-field-large wpforms-field-required\" name=\"wpforms[fields][10]\" required=\"required\"><option value=\"\" class=\"placeholder\" disabled  selected='selected'>Selecciona Uno<\/option><option value=\"Ninguno (No entiendo ingl\u00e9s)\"  class=\"choice-1 depth-1\"  >Ninguno (No entiendo ingl\u00e9s)<\/option><option value=\"B\u00e1sico (Entiendo algunas palabras o frases)\"  class=\"choice-2 depth-1\"  >B\u00e1sico (Entiendo algunas palabras o frases)<\/option><option value=\"Intermedio (Puedo seguir conversaciones simples)\"  class=\"choice-3 depth-1\"  >Intermedio (Puedo seguir conversaciones simples)<\/option><option value=\"Avanzado (Puedo entender la mayor\u00eda de las conversaciones)\"  class=\"choice-5 depth-1\"  >Avanzado (Puedo entender la mayor\u00eda de las conversaciones)<\/option><option value=\"Fluido (Entiendo y hablo ingl\u00e9s con facilidad)\"  class=\"choice-4 depth-1\"  >Fluido (Entiendo y hablo ingl\u00e9s con facilidad)<\/option><\/select><div class=\"wpforms-field-description\">No te preocupes, tendremos traducci\u00f3n simult\u00e1nea al espa\u00f1ol de las presentaciones que sean en Ingl\u00e9s.<\/div><\/div><div id=\"wpforms-5736-field_8-container\" class=\"wpforms-field wpforms-field-select wpforms-conditional-trigger wpforms-field-select-style-classic\" data-field-type=\"select\" data-field-id=\"8\"><label class=\"wpforms-field-label\" for=\"wpforms-5736-field_8\">\u00bfTienes pensado acompa\u00f1arnos en la visita a Disneyland el d\u00eda 28 de Septiembre? <span class=\"wpforms-required-label\">*<\/span><\/label><select id=\"wpforms-5736-field_8\" class=\"wpforms-field-large wpforms-field-required\" name=\"wpforms[fields][8]\" required=\"required\"><option value=\"\" class=\"placeholder\" disabled  selected='selected'>Selecciona Uno<\/option><option value=\"S\u00ed\"  class=\"choice-1 depth-1\"  >S\u00ed<\/option><option value=\"No\"  class=\"choice-2 depth-1\"  >No<\/option><option value=\"A\u00fan no lo s\u00e9\"  class=\"choice-4 depth-1\"  >A\u00fan no lo s\u00e9<\/option><\/select><\/div><div id=\"wpforms-5736-field_13-container\" class=\"wpforms-field wpforms-field-select wpforms-conditional-field wpforms-conditional-show wpforms-conditional-trigger wpforms-field-select-style-classic\" data-field-type=\"select\" data-field-id=\"13\" style=\"display:none;\"><label class=\"wpforms-field-label\" for=\"wpforms-5736-field_13\">Cont\u00e1ndote a ti, \u00bfcu\u00e1ntas personas te acompa\u00f1ar\u00e1n a la visita a Disneyland el 28 de septiembre? <span class=\"wpforms-required-label\">*<\/span><\/label><select id=\"wpforms-5736-field_13\" class=\"wpforms-field-large wpforms-field-required\" name=\"wpforms[fields][13]\" required=\"required\"><option value=\"1\"  class=\"choice-1 depth-1\"  >1<\/option><option value=\"2\"  class=\"choice-2 depth-1\"  >2<\/option><option value=\"3\"  class=\"choice-7 depth-1\"  >3<\/option><option value=\"4\"  class=\"choice-8 depth-1\"  >4<\/option><option value=\"5\"  class=\"choice-5 depth-1\"  >5<\/option><option value=\"6\"  class=\"choice-4 depth-1\"  >6<\/option><option value=\"M\u00e1s de 6\"  class=\"choice-9 depth-1\"  >M\u00e1s de 6<\/option><\/select><\/div><div id=\"wpforms-5736-field_15-container\" class=\"wpforms-field wpforms-field-number wpforms-conditional-field wpforms-conditional-show\" data-field-type=\"number\" data-field-id=\"15\" style=\"display:none;\"><label class=\"wpforms-field-label\" for=\"wpforms-5736-field_15\">Espec\u00edfica cu\u00e1ntas personas <span class=\"wpforms-required-label\">*<\/span><\/label><input type=\"number\" id=\"wpforms-5736-field_15\" class=\"wpforms-field-large wpforms-field-required\" name=\"wpforms[fields][15]\" step=\"any\" required><\/div><\/div><!-- .wpforms-field-container --><div class=\"wpforms-submit-container\" ><input type=\"hidden\" name=\"wpforms[id]\" value=\"5736\"><input type=\"hidden\" name=\"page_title\" value=\"\"><input type=\"hidden\" name=\"page_url\" value=\"https:\/\/happyadventurers.com\/es\/wp-json\/wp\/v2\/pages\/5748\"><input type=\"hidden\" name=\"url_referer\" value=\"\"><button type=\"submit\" name=\"wpforms[submit]\" id=\"wpforms-submit-5736\" class=\"wpforms-submit\" data-alt-text=\"Enviando...\" data-submit-text=\"Enviar\" aria-live=\"assertive\" value=\"wpforms-submit\">Enviar<\/button><img decoding=\"async\" data-src=\"https:\/\/happyadventurers.com\/wp-content\/plugins\/wpforms\/assets\/images\/submit-spin.svg\" class=\"wpforms-submit-spinner lazyload\" style=\"--smush-placeholder-width: 26px; --smush-placeholder-aspect-ratio: 26\/26;display: none;\" width=\"26\" height=\"26\" alt=\"Cargando\" src=\"data:image\/svg+xml;base64,PHN2ZyB3aWR0aD0iMSIgaGVpZ2h0PSIxIiB4bWxucz0iaHR0cDovL3d3dy53My5vcmcvMjAwMC9zdmciPjwvc3ZnPg==\"><\/div><\/form><\/div>  <!-- .wpforms-container -->","protected":false},"excerpt":{"rendered":"<p>Aventureros Assemble Pre-Event Survey Estamos a unas semanas de este incre\u00edble evento, te agradecemos que&hellip;<\/p>","protected":false},"author":1,"featured_media":4259,"parent":0,"menu_order":0,"comment_status":"closed","ping_status":"closed","template":"","meta":{"_acf_changed":false,"footnotes":""},"class_list":["post-5748","page","type-page","status-publish","has-post-thumbnail","hentry"],"acf":[],"yoast_head":"<!-- This site is optimized with the Yoast SEO plugin v27.5 - https:\/\/yoast.com\/product\/yoast-seo-wordpress\/ -->\n<title>Aventureros Assemble Pre-Event Survey - Happy Adventurers<\/title>\n<meta name=\"robots\" content=\"index, follow, max-snippet:-1, max-image-preview:large, max-video-preview:-1\" \/>\n<link rel=\"canonical\" href=\"https:\/\/happyadventurers.com\/es\/aventureros-assemble-pre-event-survey\/\" \/>\n<meta property=\"og:locale\" content=\"es_MX\" \/>\n<meta property=\"og:type\" content=\"article\" \/>\n<meta property=\"og:title\" content=\"Aventureros Assemble Pre-Event Survey - Happy Adventurers\" \/>\n<meta property=\"og:description\" content=\"Aventureros Assemble Pre-Event Survey Estamos a unas semanas de este incre\u00edble evento, te agradecemos que&hellip;\" \/>\n<meta property=\"og:url\" content=\"https:\/\/happyadventurers.com\/es\/aventureros-assemble-pre-event-survey\/\" \/>\n<meta property=\"og:site_name\" content=\"Happy Adventurers\" \/>\n<meta property=\"article:publisher\" content=\"https:\/\/www.facebook.com\/happyadventurers.travel\" \/>\n<meta property=\"article:modified_time\" content=\"2024-08-27T00:10:36+00:00\" \/>\n<meta property=\"og:image\" content=\"http:\/\/happyadventurers.com\/wp-content\/uploads\/2024\/02\/rob-laughter-WW1jsInXgwM-unsplash-scaled.jpg\" \/>\n\t<meta property=\"og:image:width\" content=\"2560\" \/>\n\t<meta property=\"og:image:height\" content=\"1709\" \/>\n\t<meta property=\"og:image:type\" content=\"image\/jpeg\" \/>\n<meta name=\"twitter:card\" content=\"summary_large_image\" \/>\n<meta name=\"twitter:label1\" content=\"Tiempo de lectura\" \/>\n\t<meta name=\"twitter:data1\" content=\"1 minuto\" \/>\n<script type=\"application\/ld+json\" class=\"yoast-schema-graph\">{\"@context\":\"https:\\\/\\\/schema.org\",\"@graph\":[{\"@type\":\"WebPage\",\"@id\":\"https:\\\/\\\/happyadventurers.com\\\/aventureros-assemble-pre-event-survey\\\/\",\"url\":\"https:\\\/\\\/happyadventurers.com\\\/aventureros-assemble-pre-event-survey\\\/\",\"name\":\"Aventureros Assemble Pre-Event Survey - Happy Adventurers\",\"isPartOf\":{\"@id\":\"https:\\\/\\\/happyadventurers.com\\\/#website\"},\"primaryImageOfPage\":{\"@id\":\"https:\\\/\\\/happyadventurers.com\\\/aventureros-assemble-pre-event-survey\\\/#primaryimage\"},\"image\":{\"@id\":\"https:\\\/\\\/happyadventurers.com\\\/aventureros-assemble-pre-event-survey\\\/#primaryimage\"},\"thumbnailUrl\":\"https:\\\/\\\/happyadventurers.com\\\/wp-content\\\/uploads\\\/2024\\\/02\\\/rob-laughter-WW1jsInXgwM-unsplash-scaled.jpg\",\"datePublished\":\"2024-08-27T00:01:02+00:00\",\"dateModified\":\"2024-08-27T00:10:36+00:00\",\"breadcrumb\":{\"@id\":\"https:\\\/\\\/happyadventurers.com\\\/aventureros-assemble-pre-event-survey\\\/#breadcrumb\"},\"inLanguage\":\"es\",\"potentialAction\":[{\"@type\":\"ReadAction\",\"target\":[\"https:\\\/\\\/happyadventurers.com\\\/aventureros-assemble-pre-event-survey\\\/\"]}]},{\"@type\":\"ImageObject\",\"inLanguage\":\"es\",\"@id\":\"https:\\\/\\\/happyadventurers.com\\\/aventureros-assemble-pre-event-survey\\\/#primaryimage\",\"url\":\"https:\\\/\\\/happyadventurers.com\\\/wp-content\\\/uploads\\\/2024\\\/02\\\/rob-laughter-WW1jsInXgwM-unsplash-scaled.jpg\",\"contentUrl\":\"https:\\\/\\\/happyadventurers.com\\\/wp-content\\\/uploads\\\/2024\\\/02\\\/rob-laughter-WW1jsInXgwM-unsplash-scaled.jpg\",\"width\":2560,\"height\":1709},{\"@type\":\"BreadcrumbList\",\"@id\":\"https:\\\/\\\/happyadventurers.com\\\/aventureros-assemble-pre-event-survey\\\/#breadcrumb\",\"itemListElement\":[{\"@type\":\"ListItem\",\"position\":1,\"name\":\"Home\",\"item\":\"https:\\\/\\\/happyadventurers.com\\\/\"},{\"@type\":\"ListItem\",\"position\":2,\"name\":\"Aventureros Assemble Pre-Event Survey\"}]},{\"@type\":\"WebSite\",\"@id\":\"https:\\\/\\\/happyadventurers.com\\\/#website\",\"url\":\"https:\\\/\\\/happyadventurers.com\\\/\",\"name\":\"Happy Adventurers\",\"description\":\"The Fun Travel Agency\",\"publisher\":{\"@id\":\"https:\\\/\\\/happyadventurers.com\\\/#organization\"},\"potentialAction\":[{\"@type\":\"SearchAction\",\"target\":{\"@type\":\"EntryPoint\",\"urlTemplate\":\"https:\\\/\\\/happyadventurers.com\\\/?s={search_term_string}\"},\"query-input\":{\"@type\":\"PropertyValueSpecification\",\"valueRequired\":true,\"valueName\":\"search_term_string\"}}],\"inLanguage\":\"es\"},{\"@type\":\"Organization\",\"@id\":\"https:\\\/\\\/happyadventurers.com\\\/#organization\",\"name\":\"Happy Adventurers\",\"url\":\"https:\\\/\\\/happyadventurers.com\\\/\",\"logo\":{\"@type\":\"ImageObject\",\"inLanguage\":\"es\",\"@id\":\"https:\\\/\\\/happyadventurers.com\\\/#\\\/schema\\\/logo\\\/image\\\/\",\"url\":\"https:\\\/\\\/happyadventurers.com\\\/wp-content\\\/uploads\\\/2025\\\/02\\\/Logo-Oficial-Negro.png\",\"contentUrl\":\"https:\\\/\\\/happyadventurers.com\\\/wp-content\\\/uploads\\\/2025\\\/02\\\/Logo-Oficial-Negro.png\",\"width\":655,\"height\":540,\"caption\":\"Happy Adventurers\"},\"image\":{\"@id\":\"https:\\\/\\\/happyadventurers.com\\\/#\\\/schema\\\/logo\\\/image\\\/\"},\"sameAs\":[\"https:\\\/\\\/www.facebook.com\\\/happyadventurers.travel\",\"https:\\\/\\\/www.instagram.com\\\/happyadventurers.travel\\\/\"]}]}<\/script>\n<!-- \/ Yoast SEO plugin. -->","yoast_head_json":{"title":"Aventureros Assemble Pre-Event Survey - Happy Adventurers","robots":{"index":"index","follow":"follow","max-snippet":"max-snippet:-1","max-image-preview":"max-image-preview:large","max-video-preview":"max-video-preview:-1"},"canonical":"https:\/\/happyadventurers.com\/es\/aventureros-assemble-pre-event-survey\/","og_locale":"es_MX","og_type":"article","og_title":"Aventureros Assemble Pre-Event Survey - Happy Adventurers","og_description":"Aventureros Assemble Pre-Event Survey Estamos a unas semanas de este incre\u00edble evento, te agradecemos que&hellip;","og_url":"https:\/\/happyadventurers.com\/es\/aventureros-assemble-pre-event-survey\/","og_site_name":"Happy Adventurers","article_publisher":"https:\/\/www.facebook.com\/happyadventurers.travel","article_modified_time":"2024-08-27T00:10:36+00:00","og_image":[{"width":2560,"height":1709,"url":"http:\/\/happyadventurers.com\/wp-content\/uploads\/2024\/02\/rob-laughter-WW1jsInXgwM-unsplash-scaled.jpg","type":"image\/jpeg"}],"twitter_card":"summary_large_image","twitter_misc":{"Tiempo de lectura":"1 minuto"},"schema":{"@context":"https:\/\/schema.org","@graph":[{"@type":"WebPage","@id":"https:\/\/happyadventurers.com\/aventureros-assemble-pre-event-survey\/","url":"https:\/\/happyadventurers.com\/aventureros-assemble-pre-event-survey\/","name":"Aventureros Assemble Pre-Event Survey - Happy Adventurers","isPartOf":{"@id":"https:\/\/happyadventurers.com\/#website"},"primaryImageOfPage":{"@id":"https:\/\/happyadventurers.com\/aventureros-assemble-pre-event-survey\/#primaryimage"},"image":{"@id":"https:\/\/happyadventurers.com\/aventureros-assemble-pre-event-survey\/#primaryimage"},"thumbnailUrl":"https:\/\/happyadventurers.com\/wp-content\/uploads\/2024\/02\/rob-laughter-WW1jsInXgwM-unsplash-scaled.jpg","datePublished":"2024-08-27T00:01:02+00:00","dateModified":"2024-08-27T00:10:36+00:00","breadcrumb":{"@id":"https:\/\/happyadventurers.com\/aventureros-assemble-pre-event-survey\/#breadcrumb"},"inLanguage":"es","potentialAction":[{"@type":"ReadAction","target":["https:\/\/happyadventurers.com\/aventureros-assemble-pre-event-survey\/"]}]},{"@type":"ImageObject","inLanguage":"es","@id":"https:\/\/happyadventurers.com\/aventureros-assemble-pre-event-survey\/#primaryimage","url":"https:\/\/happyadventurers.com\/wp-content\/uploads\/2024\/02\/rob-laughter-WW1jsInXgwM-unsplash-scaled.jpg","contentUrl":"https:\/\/happyadventurers.com\/wp-content\/uploads\/2024\/02\/rob-laughter-WW1jsInXgwM-unsplash-scaled.jpg","width":2560,"height":1709},{"@type":"BreadcrumbList","@id":"https:\/\/happyadventurers.com\/aventureros-assemble-pre-event-survey\/#breadcrumb","itemListElement":[{"@type":"ListItem","position":1,"name":"Home","item":"https:\/\/happyadventurers.com\/"},{"@type":"ListItem","position":2,"name":"Aventureros Assemble Pre-Event Survey"}]},{"@type":"WebSite","@id":"https:\/\/happyadventurers.com\/#website","url":"https:\/\/happyadventurers.com\/","name":"Happy Adventurers","description":"The Fun Travel Agency","publisher":{"@id":"https:\/\/happyadventurers.com\/#organization"},"potentialAction":[{"@type":"SearchAction","target":{"@type":"EntryPoint","urlTemplate":"https:\/\/happyadventurers.com\/?s={search_term_string}"},"query-input":{"@type":"PropertyValueSpecification","valueRequired":true,"valueName":"search_term_string"}}],"inLanguage":"es"},{"@type":"Organization","@id":"https:\/\/happyadventurers.com\/#organization","name":"Happy Adventurers","url":"https:\/\/happyadventurers.com\/","logo":{"@type":"ImageObject","inLanguage":"es","@id":"https:\/\/happyadventurers.com\/#\/schema\/logo\/image\/","url":"https:\/\/happyadventurers.com\/wp-content\/uploads\/2025\/02\/Logo-Oficial-Negro.png","contentUrl":"https:\/\/happyadventurers.com\/wp-content\/uploads\/2025\/02\/Logo-Oficial-Negro.png","width":655,"height":540,"caption":"Happy Adventurers"},"image":{"@id":"https:\/\/happyadventurers.com\/#\/schema\/logo\/image\/"},"sameAs":["https:\/\/www.facebook.com\/happyadventurers.travel","https:\/\/www.instagram.com\/happyadventurers.travel\/"]}]}},"_links":{"self":[{"href":"https:\/\/happyadventurers.com\/es\/wp-json\/wp\/v2\/pages\/5748","targetHints":{"allow":["GET"]}}],"collection":[{"href":"https:\/\/happyadventurers.com\/es\/wp-json\/wp\/v2\/pages"}],"about":[{"href":"https:\/\/happyadventurers.com\/es\/wp-json\/wp\/v2\/types\/page"}],"author":[{"embeddable":true,"href":"https:\/\/happyadventurers.com\/es\/wp-json\/wp\/v2\/users\/1"}],"replies":[{"embeddable":true,"href":"https:\/\/happyadventurers.com\/es\/wp-json\/wp\/v2\/comments?post=5748"}],"version-history":[{"count":4,"href":"https:\/\/happyadventurers.com\/es\/wp-json\/wp\/v2\/pages\/5748\/revisions"}],"predecessor-version":[{"id":5885,"href":"https:\/\/happyadventurers.com\/es\/wp-json\/wp\/v2\/pages\/5748\/revisions\/5885"}],"wp:featuredmedia":[{"embeddable":true,"href":"https:\/\/happyadventurers.com\/es\/wp-json\/wp\/v2\/media\/4259"}],"wp:attachment":[{"href":"https:\/\/happyadventurers.com\/es\/wp-json\/wp\/v2\/media?parent=5748"}],"curies":[{"name":"wp","href":"https:\/\/api.w.org\/{rel}","templated":true}]}}