{"id":5040,"date":"2024-05-27T17:01:57","date_gmt":"2024-05-27T17:01:57","guid":{"rendered":"https:\/\/happyadventurers.com\/?page_id=5040"},"modified":"2024-05-27T17:51:00","modified_gmt":"2024-05-27T17:51:00","slug":"ask-royalcaribbean","status":"publish","type":"page","link":"https:\/\/happyadventurers.com\/es\/ask-royalcaribbean\/","title":{"rendered":"Royal Caribbean Preguntas para Webinar"},"content":{"rendered":"\n<h2 class=\"wp-block-heading\">Royal Caribbean Preguntas para Webinar<\/h2>\n\n\n\n<p>Estamos preparando un Webinar en Vivo sobre Royal Caribbean. Aqu\u00ed puedes dejarnos las preguntas que te gustar\u00eda que respondi\u00e9ramos.<\/p>\n\n\n<div class=\"wpforms-container wpforms-container-full wpforms-block wpforms-block-c826666b-2a99-42b8-93c1-e9b36e912f54\" id=\"wpforms-5033\"><form id=\"wpforms-form-5033\" class=\"wpforms-validate wpforms-form wpforms-ajax-form\" data-formid=\"5033\" method=\"post\" enctype=\"multipart\/form-data\" action=\"\/es\/wp-json\/wp\/v2\/pages\/5040\" data-token=\"92a20ff2091c840819cca0eb4ad20961\" data-token-time=\"1777696964\"><noscript class=\"wpforms-error-noscript\">Por favor, activa JavaScript en tu navegador para completar este formulario.<\/noscript><div class=\"wpforms-field-container\"><div id=\"wpforms-5033-field_1-container\" class=\"wpforms-field wpforms-field-name\" data-field-type=\"name\" data-field-id=\"1\"><label class=\"wpforms-field-label\" for=\"wpforms-5033-field_1\">Nombre <span class=\"wpforms-required-label\">*<\/span><\/label><div class=\"wpforms-field-row wpforms-field-medium\"><div class=\"wpforms-field-row-block wpforms-first wpforms-one-half\"><input type=\"text\" id=\"wpforms-5033-field_1\" class=\"wpforms-field-name-first wpforms-field-required\" name=\"wpforms[fields][1][first]\" placeholder=\"Primer Nombre\" required><label for=\"wpforms-5033-field_1\" class=\"wpforms-field-sublabel after wpforms-sublabel-hide\">Nombre<\/label><\/div><div class=\"wpforms-field-row-block wpforms-one-half\"><input type=\"text\" id=\"wpforms-5033-field_1-last\" class=\"wpforms-field-name-last wpforms-field-required\" name=\"wpforms[fields][1][last]\" placeholder=\"Apellido\" required><label for=\"wpforms-5033-field_1-last\" class=\"wpforms-field-sublabel after wpforms-sublabel-hide\">Apellidos<\/label><\/div><\/div><\/div><div id=\"wpforms-5033-field_2-container\" class=\"wpforms-field wpforms-field-email\" data-field-type=\"email\" data-field-id=\"2\"><label class=\"wpforms-field-label\" for=\"wpforms-5033-field_2\">Email <span class=\"wpforms-required-label\">*<\/span><\/label><input type=\"email\" id=\"wpforms-5033-field_2\" class=\"wpforms-field-medium wpforms-field-required\" name=\"wpforms[fields][2]\" spellcheck=\"false\" required><\/div><div id=\"wpforms-5033-field_4-container\" class=\"wpforms-field wpforms-field-textarea\" data-field-type=\"textarea\" data-field-id=\"4\"><label class=\"wpforms-field-label\" for=\"wpforms-5033-field_4\">\u00bfQu\u00e9 preguntas te gustar\u00eda que respondi\u00e9ramos durante el Webinar?<\/label><textarea id=\"wpforms-5033-field_4\" class=\"wpforms-field-medium\" name=\"wpforms[fields][4]\" ><\/textarea><\/div><\/div><!-- .wpforms-field-container --><div class=\"wpforms-submit-container\" ><input type=\"hidden\" name=\"wpforms[id]\" value=\"5033\"><input type=\"hidden\" name=\"page_title\" value=\"\"><input type=\"hidden\" name=\"page_url\" value=\"https:\/\/happyadventurers.com\/es\/wp-json\/wp\/v2\/pages\/5040\"><input type=\"hidden\" name=\"url_referer\" value=\"\"><button type=\"submit\" name=\"wpforms[submit]\" id=\"wpforms-submit-5033\" class=\"wpforms-submit\" data-alt-text=\"Enviando...\" data-submit-text=\"Enviar\" aria-live=\"assertive\" value=\"wpforms-submit\">Enviar<\/button><img decoding=\"async\" data-src=\"https:\/\/happyadventurers.com\/wp-content\/plugins\/wpforms\/assets\/images\/submit-spin.svg\" class=\"wpforms-submit-spinner lazyload\" style=\"--smush-placeholder-width: 26px; --smush-placeholder-aspect-ratio: 26\/26;display: none;\" width=\"26\" height=\"26\" alt=\"Cargando\" src=\"data:image\/svg+xml;base64,PHN2ZyB3aWR0aD0iMSIgaGVpZ2h0PSIxIiB4bWxucz0iaHR0cDovL3d3dy53My5vcmcvMjAwMC9zdmciPjwvc3ZnPg==\"><\/div><\/form><\/div>  <!-- .wpforms-container -->","protected":false},"excerpt":{"rendered":"<p>Royal Caribbean Preguntas para Webinar Estamos preparando un Webinar en Vivo sobre Royal Caribbean. Aqu\u00ed&hellip;<\/p>","protected":false},"author":1,"featured_media":5041,"parent":0,"menu_order":0,"comment_status":"closed","ping_status":"closed","template":"","meta":{"_acf_changed":false,"footnotes":""},"class_list":["post-5040","page","type-page","status-publish","has-post-thumbnail","hentry"],"acf":[],"yoast_head":"<!-- This site is optimized with the Yoast SEO plugin v27.5 - https:\/\/yoast.com\/product\/yoast-seo-wordpress\/ -->\n<title>Royal Caribbean Preguntas para Webinar - Happy Adventurers<\/title>\n<meta name=\"robots\" content=\"index, follow, max-snippet:-1, max-image-preview:large, max-video-preview:-1\" \/>\n<link rel=\"canonical\" href=\"https:\/\/happyadventurers.com\/es\/ask-royalcaribbean\/\" \/>\n<meta property=\"og:locale\" content=\"es_MX\" \/>\n<meta property=\"og:type\" content=\"article\" \/>\n<meta property=\"og:title\" content=\"Royal Caribbean Preguntas para Webinar - Happy Adventurers\" \/>\n<meta property=\"og:description\" content=\"Royal Caribbean Preguntas para Webinar Estamos preparando un Webinar en Vivo sobre Royal Caribbean. Aqu\u00ed&hellip;\" \/>\n<meta property=\"og:url\" content=\"https:\/\/happyadventurers.com\/es\/ask-royalcaribbean\/\" \/>\n<meta property=\"og:site_name\" content=\"Happy Adventurers\" \/>\n<meta property=\"article:modified_time\" content=\"2024-05-27T17:51:00+00:00\" \/>\n<meta property=\"og:image\" content=\"http:\/\/happyadventurers.com\/wp-content\/uploads\/2024\/05\/worlds-largest-cruise-ship-rescues-boat-feature.webp\" \/>\n\t<meta property=\"og:image:width\" content=\"1200\" \/>\n\t<meta property=\"og:image:height\" content=\"750\" \/>\n\t<meta property=\"og:image:type\" content=\"image\/webp\" \/>\n<meta name=\"twitter:card\" content=\"summary_large_image\" \/>\n<meta name=\"twitter:label1\" content=\"Tiempo de lectura\" \/>\n\t<meta name=\"twitter:data1\" content=\"1 minuto\" \/>\n<script type=\"application\/ld+json\" class=\"yoast-schema-graph\">{\"@context\":\"https:\\\/\\\/schema.org\",\"@graph\":[{\"@type\":\"WebPage\",\"@id\":\"https:\\\/\\\/happyadventurers.com\\\/ask-royalcaribbean\\\/\",\"url\":\"https:\\\/\\\/happyadventurers.com\\\/ask-royalcaribbean\\\/\",\"name\":\"Royal Caribbean Preguntas para Webinar - Happy Adventurers\",\"isPartOf\":{\"@id\":\"https:\\\/\\\/happyadventurers.com\\\/#website\"},\"primaryImageOfPage\":{\"@id\":\"https:\\\/\\\/happyadventurers.com\\\/ask-royalcaribbean\\\/#primaryimage\"},\"image\":{\"@id\":\"https:\\\/\\\/happyadventurers.com\\\/ask-royalcaribbean\\\/#primaryimage\"},\"thumbnailUrl\":\"https:\\\/\\\/happyadventurers.com\\\/wp-content\\\/uploads\\\/2024\\\/05\\\/worlds-largest-cruise-ship-rescues-boat-feature.webp\",\"datePublished\":\"2024-05-27T17:01:57+00:00\",\"dateModified\":\"2024-05-27T17:51:00+00:00\",\"breadcrumb\":{\"@id\":\"https:\\\/\\\/happyadventurers.com\\\/ask-royalcaribbean\\\/#breadcrumb\"},\"inLanguage\":\"es\",\"potentialAction\":[{\"@type\":\"ReadAction\",\"target\":[\"https:\\\/\\\/happyadventurers.com\\\/ask-royalcaribbean\\\/\"]}]},{\"@type\":\"ImageObject\",\"inLanguage\":\"es\",\"@id\":\"https:\\\/\\\/happyadventurers.com\\\/ask-royalcaribbean\\\/#primaryimage\",\"url\":\"https:\\\/\\\/happyadventurers.com\\\/wp-content\\\/uploads\\\/2024\\\/05\\\/worlds-largest-cruise-ship-rescues-boat-feature.webp\",\"contentUrl\":\"https:\\\/\\\/happyadventurers.com\\\/wp-content\\\/uploads\\\/2024\\\/05\\\/worlds-largest-cruise-ship-rescues-boat-feature.webp\",\"width\":1200,\"height\":750},{\"@type\":\"BreadcrumbList\",\"@id\":\"https:\\\/\\\/happyadventurers.com\\\/ask-royalcaribbean\\\/#breadcrumb\",\"itemListElement\":[{\"@type\":\"ListItem\",\"position\":1,\"name\":\"Home\",\"item\":\"https:\\\/\\\/happyadventurers.com\\\/\"},{\"@type\":\"ListItem\",\"position\":2,\"name\":\"Royal Caribbean Preguntas para Webinar\"}]},{\"@type\":\"WebSite\",\"@id\":\"https:\\\/\\\/happyadventurers.com\\\/#website\",\"url\":\"https:\\\/\\\/happyadventurers.com\\\/\",\"name\":\"Happy Adventurers\",\"description\":\"The Fun Travel Agency\",\"publisher\":{\"@id\":\"https:\\\/\\\/happyadventurers.com\\\/#organization\"},\"potentialAction\":[{\"@type\":\"SearchAction\",\"target\":{\"@type\":\"EntryPoint\",\"urlTemplate\":\"https:\\\/\\\/happyadventurers.com\\\/?s={search_term_string}\"},\"query-input\":{\"@type\":\"PropertyValueSpecification\",\"valueRequired\":true,\"valueName\":\"search_term_string\"}}],\"inLanguage\":\"es\"},{\"@type\":\"Organization\",\"@id\":\"https:\\\/\\\/happyadventurers.com\\\/#organization\",\"name\":\"Happy Adventurers\",\"url\":\"https:\\\/\\\/happyadventurers.com\\\/\",\"logo\":{\"@type\":\"ImageObject\",\"inLanguage\":\"es\",\"@id\":\"https:\\\/\\\/happyadventurers.com\\\/#\\\/schema\\\/logo\\\/image\\\/\",\"url\":\"https:\\\/\\\/happyadventurers.com\\\/wp-content\\\/uploads\\\/2022\\\/04\\\/Logo-Oficial-nocastle.png\",\"contentUrl\":\"https:\\\/\\\/happyadventurers.com\\\/wp-content\\\/uploads\\\/2022\\\/04\\\/Logo-Oficial-nocastle.png\",\"width\":655,\"height\":540,\"caption\":\"Happy Adventurers\"},\"image\":{\"@id\":\"https:\\\/\\\/happyadventurers.com\\\/#\\\/schema\\\/logo\\\/image\\\/\"}}]}<\/script>\n<!-- \/ Yoast SEO plugin. -->","yoast_head_json":{"title":"Royal Caribbean Preguntas para Webinar - Happy Adventurers","robots":{"index":"index","follow":"follow","max-snippet":"max-snippet:-1","max-image-preview":"max-image-preview:large","max-video-preview":"max-video-preview:-1"},"canonical":"https:\/\/happyadventurers.com\/es\/ask-royalcaribbean\/","og_locale":"es_MX","og_type":"article","og_title":"Royal Caribbean Preguntas para Webinar - Happy Adventurers","og_description":"Royal Caribbean Preguntas para Webinar Estamos preparando un Webinar en Vivo sobre Royal Caribbean. Aqu\u00ed&hellip;","og_url":"https:\/\/happyadventurers.com\/es\/ask-royalcaribbean\/","og_site_name":"Happy Adventurers","article_modified_time":"2024-05-27T17:51:00+00:00","og_image":[{"width":1200,"height":750,"url":"http:\/\/happyadventurers.com\/wp-content\/uploads\/2024\/05\/worlds-largest-cruise-ship-rescues-boat-feature.webp","type":"image\/webp"}],"twitter_card":"summary_large_image","twitter_misc":{"Tiempo de lectura":"1 minuto"},"schema":{"@context":"https:\/\/schema.org","@graph":[{"@type":"WebPage","@id":"https:\/\/happyadventurers.com\/ask-royalcaribbean\/","url":"https:\/\/happyadventurers.com\/ask-royalcaribbean\/","name":"Royal Caribbean Preguntas para Webinar - Happy Adventurers","isPartOf":{"@id":"https:\/\/happyadventurers.com\/#website"},"primaryImageOfPage":{"@id":"https:\/\/happyadventurers.com\/ask-royalcaribbean\/#primaryimage"},"image":{"@id":"https:\/\/happyadventurers.com\/ask-royalcaribbean\/#primaryimage"},"thumbnailUrl":"https:\/\/happyadventurers.com\/wp-content\/uploads\/2024\/05\/worlds-largest-cruise-ship-rescues-boat-feature.webp","datePublished":"2024-05-27T17:01:57+00:00","dateModified":"2024-05-27T17:51:00+00:00","breadcrumb":{"@id":"https:\/\/happyadventurers.com\/ask-royalcaribbean\/#breadcrumb"},"inLanguage":"es","potentialAction":[{"@type":"ReadAction","target":["https:\/\/happyadventurers.com\/ask-royalcaribbean\/"]}]},{"@type":"ImageObject","inLanguage":"es","@id":"https:\/\/happyadventurers.com\/ask-royalcaribbean\/#primaryimage","url":"https:\/\/happyadventurers.com\/wp-content\/uploads\/2024\/05\/worlds-largest-cruise-ship-rescues-boat-feature.webp","contentUrl":"https:\/\/happyadventurers.com\/wp-content\/uploads\/2024\/05\/worlds-largest-cruise-ship-rescues-boat-feature.webp","width":1200,"height":750},{"@type":"BreadcrumbList","@id":"https:\/\/happyadventurers.com\/ask-royalcaribbean\/#breadcrumb","itemListElement":[{"@type":"ListItem","position":1,"name":"Home","item":"https:\/\/happyadventurers.com\/"},{"@type":"ListItem","position":2,"name":"Royal Caribbean Preguntas para Webinar"}]},{"@type":"WebSite","@id":"https:\/\/happyadventurers.com\/#website","url":"https:\/\/happyadventurers.com\/","name":"Happy Adventurers","description":"The Fun Travel Agency","publisher":{"@id":"https:\/\/happyadventurers.com\/#organization"},"potentialAction":[{"@type":"SearchAction","target":{"@type":"EntryPoint","urlTemplate":"https:\/\/happyadventurers.com\/?s={search_term_string}"},"query-input":{"@type":"PropertyValueSpecification","valueRequired":true,"valueName":"search_term_string"}}],"inLanguage":"es"},{"@type":"Organization","@id":"https:\/\/happyadventurers.com\/#organization","name":"Happy Adventurers","url":"https:\/\/happyadventurers.com\/","logo":{"@type":"ImageObject","inLanguage":"es","@id":"https:\/\/happyadventurers.com\/#\/schema\/logo\/image\/","url":"https:\/\/happyadventurers.com\/wp-content\/uploads\/2022\/04\/Logo-Oficial-nocastle.png","contentUrl":"https:\/\/happyadventurers.com\/wp-content\/uploads\/2022\/04\/Logo-Oficial-nocastle.png","width":655,"height":540,"caption":"Happy Adventurers"},"image":{"@id":"https:\/\/happyadventurers.com\/#\/schema\/logo\/image\/"}}]}},"_links":{"self":[{"href":"https:\/\/happyadventurers.com\/es\/wp-json\/wp\/v2\/pages\/5040","targetHints":{"allow":["GET"]}}],"collection":[{"href":"https:\/\/happyadventurers.com\/es\/wp-json\/wp\/v2\/pages"}],"about":[{"href":"https:\/\/happyadventurers.com\/es\/wp-json\/wp\/v2\/types\/page"}],"author":[{"embeddable":true,"href":"https:\/\/happyadventurers.com\/es\/wp-json\/wp\/v2\/users\/1"}],"replies":[{"embeddable":true,"href":"https:\/\/happyadventurers.com\/es\/wp-json\/wp\/v2\/comments?post=5040"}],"version-history":[{"count":1,"href":"https:\/\/happyadventurers.com\/es\/wp-json\/wp\/v2\/pages\/5040\/revisions"}],"predecessor-version":[{"id":5042,"href":"https:\/\/happyadventurers.com\/es\/wp-json\/wp\/v2\/pages\/5040\/revisions\/5042"}],"wp:featuredmedia":[{"embeddable":true,"href":"https:\/\/happyadventurers.com\/es\/wp-json\/wp\/v2\/media\/5041"}],"wp:attachment":[{"href":"https:\/\/happyadventurers.com\/es\/wp-json\/wp\/v2\/media?parent=5040"}],"curies":[{"name":"wp","href":"https:\/\/api.w.org\/{rel}","templated":true}]}}