{"id":412,"date":"2022-06-17T00:33:40","date_gmt":"2022-06-17T00:33:40","guid":{"rendered":"https:\/\/happyadventurers.com\/?page_id=412"},"modified":"2022-06-17T00:43:40","modified_gmt":"2022-06-17T00:43:40","slug":"agentes-nuevos","status":"publish","type":"page","link":"https:\/\/happyadventurers.com\/es\/agentes-nuevos\/","title":{"rendered":"Aplicaci\u00f3n de Agentes Nuevos"},"content":{"rendered":"\n<h2 class=\"wp-block-heading\">\u00a1Estamos emocionados por conocerte!<\/h2>\n\n\n\n<h3 class=\"wp-block-heading\">Al contestar las siguientes preguntas, podremos determinar si nosotros somos la mejor opci\u00f3n para impulsarte a ser un exitoso Agente de Viajes Certificado.<\/h3>\n\n\n\n<h3 class=\"wp-block-heading\">Nuestro objetivo es que todas las personas que se unan, tengan oportunidad de tener \u00e9xito en este emprendimiento.<\/h3>\n\n\n\n<hr class=\"wp-block-separator has-text-color has-background has-black-background-color has-black-color is-style-wide\"\/>\n\n\n\n<h4 class=\"wp-block-heading\">Lee con atenci\u00f3n y responde las siguientes preguntas.<\/h4>\n\n\n<div class=\"wpforms-container wpforms-container-full\" id=\"wpforms-408\"><form id=\"wpforms-form-408\" class=\"wpforms-validate wpforms-form wpforms-ajax-form\" data-formid=\"408\" method=\"post\" enctype=\"multipart\/form-data\" action=\"\/es\/wp-json\/wp\/v2\/pages\/412\" data-token=\"f033c36d11a118a6fccccacbec0c8e3f\" data-token-time=\"1777967245\"><noscript class=\"wpforms-error-noscript\">Por favor, activa JavaScript en tu navegador para completar este formulario.<\/noscript><div class=\"wpforms-field-container\"><div id=\"wpforms-408-field_1-container\" class=\"wpforms-field wpforms-field-text\" data-field-type=\"text\" data-field-id=\"1\"><label class=\"wpforms-field-label\" for=\"wpforms-408-field_1\">Nombre Completo <span class=\"wpforms-required-label\">*<\/span><\/label><input type=\"text\" id=\"wpforms-408-field_1\" class=\"wpforms-field-medium wpforms-field-required\" name=\"wpforms[fields][1]\" required><\/div><div id=\"wpforms-408-field_2-container\" class=\"wpforms-field wpforms-field-text\" data-field-type=\"text\" data-field-id=\"2\"><label class=\"wpforms-field-label\" for=\"wpforms-408-field_2\">Tel\u00e9fono con WhatsApp <span class=\"wpforms-required-label\">*<\/span><\/label><input type=\"text\" id=\"wpforms-408-field_2\" class=\"wpforms-field-medium wpforms-field-required\" name=\"wpforms[fields][2]\" required><div class=\"wpforms-field-description\">Este ser\u00e1 el principal m\u00e9todo de contacto.<\/div><\/div><div id=\"wpforms-408-field_3-container\" class=\"wpforms-field wpforms-field-email\" data-field-type=\"email\" data-field-id=\"3\"><label class=\"wpforms-field-label\" for=\"wpforms-408-field_3\">Email <span class=\"wpforms-required-label\">*<\/span><\/label><input type=\"email\" id=\"wpforms-408-field_3\" class=\"wpforms-field-medium wpforms-field-required\" name=\"wpforms[fields][3]\" spellcheck=\"false\" required><\/div><div id=\"wpforms-408-field_4-container\" class=\"wpforms-field wpforms-field-textarea\" data-field-type=\"textarea\" data-field-id=\"4\"><label class=\"wpforms-field-label\" for=\"wpforms-408-field_4\">Cu\u00e9ntanos sobre tu experiencia planeando viajes en general. <span class=\"wpforms-required-label\">*<\/span><\/label><textarea id=\"wpforms-408-field_4\" class=\"wpforms-field-medium wpforms-field-required\" name=\"wpforms[fields][4]\" placeholder=\"Tu capacidad para planear efectivamente los viajes de tus clientes ser\u00e1 crucial. Describe c\u00f3mo te organizas, qu\u00e9 herramientas utilizas etc.\" required><\/textarea><\/div><div id=\"wpforms-408-field_5-container\" class=\"wpforms-field wpforms-field-checkbox\" data-field-type=\"checkbox\" data-field-id=\"5\"><label class=\"wpforms-field-label\">Como Agente de Viajes Certificado, tus clientes confiar\u00e1n en ti para proveer informaci\u00f3n de primera mano sobre los parques Disney. Selecciona todos los parques Disney que hayas visitado en los \u00faltimos 5 a\u00f1os. <span class=\"wpforms-required-label\">*<\/span><\/label><ul id=\"wpforms-408-field_5\" class=\"wpforms-field-required\"><li class=\"choice-1 depth-1\"><input type=\"checkbox\" id=\"wpforms-408-field_5_1\" name=\"wpforms[fields][5][]\" value=\"Disneyland (California)\" required ><label class=\"wpforms-field-label-inline\" for=\"wpforms-408-field_5_1\">Disneyland (California)<\/label><\/li><li class=\"choice-2 depth-1\"><input type=\"checkbox\" id=\"wpforms-408-field_5_2\" name=\"wpforms[fields][5][]\" value=\"Disney California Adventure\" required ><label class=\"wpforms-field-label-inline\" for=\"wpforms-408-field_5_2\">Disney California Adventure<\/label><\/li><li class=\"choice-3 depth-1\"><input type=\"checkbox\" id=\"wpforms-408-field_5_3\" name=\"wpforms[fields][5][]\" value=\"Magic Kingdom\" required ><label class=\"wpforms-field-label-inline\" for=\"wpforms-408-field_5_3\">Magic Kingdom<\/label><\/li><li class=\"choice-4 depth-1\"><input type=\"checkbox\" id=\"wpforms-408-field_5_4\" name=\"wpforms[fields][5][]\" value=\"Animal Kingdom\" required ><label class=\"wpforms-field-label-inline\" for=\"wpforms-408-field_5_4\">Animal Kingdom<\/label><\/li><li class=\"choice-5 depth-1\"><input type=\"checkbox\" id=\"wpforms-408-field_5_5\" name=\"wpforms[fields][5][]\" value=\"Hollywood Studios\" required ><label class=\"wpforms-field-label-inline\" for=\"wpforms-408-field_5_5\">Hollywood Studios<\/label><\/li><li class=\"choice-6 depth-1\"><input type=\"checkbox\" id=\"wpforms-408-field_5_6\" name=\"wpforms[fields][5][]\" value=\"EPCOT\" required ><label class=\"wpforms-field-label-inline\" for=\"wpforms-408-field_5_6\">EPCOT<\/label><\/li><li class=\"choice-8 depth-1\"><input type=\"checkbox\" id=\"wpforms-408-field_5_8\" name=\"wpforms[fields][5][]\" value=\"Blizzard Beach\" required ><label class=\"wpforms-field-label-inline\" for=\"wpforms-408-field_5_8\">Blizzard Beach<\/label><\/li><li class=\"choice-9 depth-1\"><input type=\"checkbox\" id=\"wpforms-408-field_5_9\" name=\"wpforms[fields][5][]\" value=\"Typhoon Lagoon\" required ><label class=\"wpforms-field-label-inline\" for=\"wpforms-408-field_5_9\">Typhoon Lagoon<\/label><\/li><li class=\"choice-7 depth-1\"><input type=\"checkbox\" id=\"wpforms-408-field_5_7\" name=\"wpforms[fields][5][]\" value=\"Otros parques Disney\" required ><label class=\"wpforms-field-label-inline\" for=\"wpforms-408-field_5_7\">Otros parques Disney<\/label><\/li><\/ul><\/div><div id=\"wpforms-408-field_6-container\" class=\"wpforms-field wpforms-field-textarea\" data-field-type=\"textarea\" data-field-id=\"6\"><label class=\"wpforms-field-label\" for=\"wpforms-408-field_6\">El principal requisito para tener \u00e9xito como Agente de Viajes es tu motivaci\u00f3n. Plat\u00edcanos \u00bfqu\u00e9 te motiva a convertirte en un Agente de Viajes Certificado? <span class=\"wpforms-required-label\">*<\/span><\/label><textarea id=\"wpforms-408-field_6\" class=\"wpforms-field-medium wpforms-field-required\" name=\"wpforms[fields][6]\" required><\/textarea><\/div><div id=\"wpforms-408-field_7-container\" class=\"wpforms-field wpforms-field-radio\" data-field-type=\"radio\" data-field-id=\"7\"><label class=\"wpforms-field-label\">Al formar parte de nuestra agencia, no hay cuotas m\u00ednimas de reservaci\u00f3n, ni penalizaciones por no reservar. Por otro lado, es importante para nosotros conocer el tiempo que podr\u00e1s dedicarle a este emprendimiento. \u00bfCu\u00e1nto tiempo tienes disponible para dedicarle a este emprendimiento? <span class=\"wpforms-required-label\">*<\/span><\/label><ul id=\"wpforms-408-field_7\" class=\"wpforms-field-required\"><li class=\"choice-1 depth-1\"><input type=\"radio\" id=\"wpforms-408-field_7_1\" name=\"wpforms[fields][7]\" value=\"1-5 horas a la semana\" required ><label class=\"wpforms-field-label-inline\" for=\"wpforms-408-field_7_1\">1-5 horas a la semana<\/label><\/li><li class=\"choice-2 depth-1\"><input type=\"radio\" id=\"wpforms-408-field_7_2\" name=\"wpforms[fields][7]\" value=\"6-10 horas a la semana\" required ><label class=\"wpforms-field-label-inline\" for=\"wpforms-408-field_7_2\">6-10 horas a la semana<\/label><\/li><li class=\"choice-3 depth-1\"><input type=\"radio\" id=\"wpforms-408-field_7_3\" name=\"wpforms[fields][7]\" value=\"10-15 horas a la semana\" required ><label class=\"wpforms-field-label-inline\" for=\"wpforms-408-field_7_3\">10-15 horas a la semana<\/label><\/li><li class=\"choice-4 depth-1\"><input type=\"radio\" id=\"wpforms-408-field_7_4\" name=\"wpforms[fields][7]\" value=\"M\u00e1s de 15 horas a la semana\" required ><label class=\"wpforms-field-label-inline\" for=\"wpforms-408-field_7_4\">M\u00e1s de 15 horas a la semana<\/label><\/li><\/ul><\/div><\/div><!-- .wpforms-field-container --><div class=\"wpforms-submit-container\" ><input type=\"hidden\" name=\"wpforms[id]\" value=\"408\"><input type=\"hidden\" name=\"page_title\" value=\"\"><input type=\"hidden\" name=\"page_url\" value=\"https:\/\/happyadventurers.com\/es\/wp-json\/wp\/v2\/pages\/412\"><input type=\"hidden\" name=\"url_referer\" value=\"\"><button type=\"submit\" name=\"wpforms[submit]\" id=\"wpforms-submit-408\" class=\"wpforms-submit\" data-alt-text=\"Enviando...\" data-submit-text=\"Enviar\" aria-live=\"assertive\" value=\"wpforms-submit\">Enviar<\/button><img decoding=\"async\" data-src=\"https:\/\/happyadventurers.com\/wp-content\/plugins\/wpforms\/assets\/images\/submit-spin.svg\" class=\"wpforms-submit-spinner lazyload\" style=\"--smush-placeholder-width: 26px; --smush-placeholder-aspect-ratio: 26\/26;display: none;\" width=\"26\" height=\"26\" alt=\"Cargando\" src=\"data:image\/svg+xml;base64,PHN2ZyB3aWR0aD0iMSIgaGVpZ2h0PSIxIiB4bWxucz0iaHR0cDovL3d3dy53My5vcmcvMjAwMC9zdmciPjwvc3ZnPg==\"><\/div><\/form><\/div>  <!-- .wpforms-container -->\n","protected":false},"excerpt":{"rendered":"<p>\u00a1Estamos emocionados por conocerte! Al contestar las siguientes preguntas, podremos determinar si nosotros somos la&hellip;<\/p>","protected":false},"author":1,"featured_media":413,"parent":0,"menu_order":0,"comment_status":"closed","ping_status":"closed","template":"","meta":{"_acf_changed":false,"footnotes":""},"class_list":["post-412","page","type-page","status-publish","has-post-thumbnail","hentry"],"acf":[],"yoast_head":"<!-- This site is optimized with the Yoast SEO plugin v27.5 - https:\/\/yoast.com\/product\/yoast-seo-wordpress\/ -->\n<title>Aplicaci\u00f3n de Agentes Nuevos - Happy Adventurers<\/title>\n<meta name=\"robots\" content=\"index, follow, max-snippet:-1, max-image-preview:large, max-video-preview:-1\" \/>\n<link rel=\"canonical\" href=\"https:\/\/happyadventurers.com\/es\/agentes-nuevos\/\" \/>\n<meta property=\"og:locale\" content=\"es_MX\" \/>\n<meta property=\"og:type\" content=\"article\" \/>\n<meta property=\"og:title\" content=\"Aplicaci\u00f3n de Agentes Nuevos - Happy Adventurers\" \/>\n<meta property=\"og:description\" content=\"\u00a1Estamos emocionados por conocerte! Al contestar las siguientes preguntas, podremos determinar si nosotros somos la&hellip;\" \/>\n<meta property=\"og:url\" content=\"https:\/\/happyadventurers.com\/es\/agentes-nuevos\/\" \/>\n<meta property=\"og:site_name\" content=\"Happy Adventurers\" \/>\n<meta property=\"article:publisher\" content=\"https:\/\/www.facebook.com\/happyadventurers.travel\" \/>\n<meta property=\"article:modified_time\" content=\"2022-06-17T00:43:40+00:00\" \/>\n<meta property=\"og:image\" content=\"http:\/\/happyadventurers.com\/wp-content\/uploads\/2022\/06\/brian-mcgowan-x3vzP_pzzGw-unsplash-1-scaled.jpg\" \/>\n\t<meta property=\"og:image:width\" content=\"2560\" \/>\n\t<meta property=\"og:image:height\" content=\"1707\" \/>\n\t<meta property=\"og:image:type\" content=\"image\/jpeg\" \/>\n<meta name=\"twitter:card\" content=\"summary_large_image\" \/>\n<meta name=\"twitter:label1\" content=\"Tiempo de lectura\" \/>\n\t<meta name=\"twitter:data1\" content=\"1 minuto\" \/>\n<script type=\"application\/ld+json\" class=\"yoast-schema-graph\">{\"@context\":\"https:\\\/\\\/schema.org\",\"@graph\":[{\"@type\":\"WebPage\",\"@id\":\"https:\\\/\\\/happyadventurers.com\\\/agentes-nuevos\\\/\",\"url\":\"https:\\\/\\\/happyadventurers.com\\\/agentes-nuevos\\\/\",\"name\":\"Aplicaci\u00f3n de Agentes Nuevos - Happy Adventurers\",\"isPartOf\":{\"@id\":\"https:\\\/\\\/happyadventurers.com\\\/#website\"},\"primaryImageOfPage\":{\"@id\":\"https:\\\/\\\/happyadventurers.com\\\/agentes-nuevos\\\/#primaryimage\"},\"image\":{\"@id\":\"https:\\\/\\\/happyadventurers.com\\\/agentes-nuevos\\\/#primaryimage\"},\"thumbnailUrl\":\"https:\\\/\\\/happyadventurers.com\\\/wp-content\\\/uploads\\\/2022\\\/06\\\/brian-mcgowan-x3vzP_pzzGw-unsplash-1-scaled.jpg\",\"datePublished\":\"2022-06-17T00:33:40+00:00\",\"dateModified\":\"2022-06-17T00:43:40+00:00\",\"breadcrumb\":{\"@id\":\"https:\\\/\\\/happyadventurers.com\\\/agentes-nuevos\\\/#breadcrumb\"},\"inLanguage\":\"es\",\"potentialAction\":[{\"@type\":\"ReadAction\",\"target\":[\"https:\\\/\\\/happyadventurers.com\\\/agentes-nuevos\\\/\"]}]},{\"@type\":\"ImageObject\",\"inLanguage\":\"es\",\"@id\":\"https:\\\/\\\/happyadventurers.com\\\/agentes-nuevos\\\/#primaryimage\",\"url\":\"https:\\\/\\\/happyadventurers.com\\\/wp-content\\\/uploads\\\/2022\\\/06\\\/brian-mcgowan-x3vzP_pzzGw-unsplash-1-scaled.jpg\",\"contentUrl\":\"https:\\\/\\\/happyadventurers.com\\\/wp-content\\\/uploads\\\/2022\\\/06\\\/brian-mcgowan-x3vzP_pzzGw-unsplash-1-scaled.jpg\",\"width\":2560,\"height\":1707},{\"@type\":\"BreadcrumbList\",\"@id\":\"https:\\\/\\\/happyadventurers.com\\\/agentes-nuevos\\\/#breadcrumb\",\"itemListElement\":[{\"@type\":\"ListItem\",\"position\":1,\"name\":\"Home\",\"item\":\"https:\\\/\\\/happyadventurers.com\\\/\"},{\"@type\":\"ListItem\",\"position\":2,\"name\":\"Aplicaci\u00f3n de Agentes Nuevos\"}]},{\"@type\":\"WebSite\",\"@id\":\"https:\\\/\\\/happyadventurers.com\\\/#website\",\"url\":\"https:\\\/\\\/happyadventurers.com\\\/\",\"name\":\"Happy Adventurers\",\"description\":\"The Fun Travel Agency\",\"publisher\":{\"@id\":\"https:\\\/\\\/happyadventurers.com\\\/#organization\"},\"potentialAction\":[{\"@type\":\"SearchAction\",\"target\":{\"@type\":\"EntryPoint\",\"urlTemplate\":\"https:\\\/\\\/happyadventurers.com\\\/?s={search_term_string}\"},\"query-input\":{\"@type\":\"PropertyValueSpecification\",\"valueRequired\":true,\"valueName\":\"search_term_string\"}}],\"inLanguage\":\"es\"},{\"@type\":\"Organization\",\"@id\":\"https:\\\/\\\/happyadventurers.com\\\/#organization\",\"name\":\"Happy Adventurers\",\"url\":\"https:\\\/\\\/happyadventurers.com\\\/\",\"logo\":{\"@type\":\"ImageObject\",\"inLanguage\":\"es\",\"@id\":\"https:\\\/\\\/happyadventurers.com\\\/#\\\/schema\\\/logo\\\/image\\\/\",\"url\":\"https:\\\/\\\/happyadventurers.com\\\/wp-content\\\/uploads\\\/2025\\\/02\\\/Logo-Oficial-Negro.png\",\"contentUrl\":\"https:\\\/\\\/happyadventurers.com\\\/wp-content\\\/uploads\\\/2025\\\/02\\\/Logo-Oficial-Negro.png\",\"width\":655,\"height\":540,\"caption\":\"Happy Adventurers\"},\"image\":{\"@id\":\"https:\\\/\\\/happyadventurers.com\\\/#\\\/schema\\\/logo\\\/image\\\/\"},\"sameAs\":[\"https:\\\/\\\/www.facebook.com\\\/happyadventurers.travel\",\"https:\\\/\\\/www.instagram.com\\\/happyadventurers.travel\\\/\"]}]}<\/script>\n<!-- \/ Yoast SEO plugin. -->","yoast_head_json":{"title":"Aplicaci\u00f3n de Agentes Nuevos - Happy Adventurers","robots":{"index":"index","follow":"follow","max-snippet":"max-snippet:-1","max-image-preview":"max-image-preview:large","max-video-preview":"max-video-preview:-1"},"canonical":"https:\/\/happyadventurers.com\/es\/agentes-nuevos\/","og_locale":"es_MX","og_type":"article","og_title":"Aplicaci\u00f3n de Agentes Nuevos - Happy Adventurers","og_description":"\u00a1Estamos emocionados por conocerte! Al contestar las siguientes preguntas, podremos determinar si nosotros somos la&hellip;","og_url":"https:\/\/happyadventurers.com\/es\/agentes-nuevos\/","og_site_name":"Happy Adventurers","article_publisher":"https:\/\/www.facebook.com\/happyadventurers.travel","article_modified_time":"2022-06-17T00:43:40+00:00","og_image":[{"width":2560,"height":1707,"url":"http:\/\/happyadventurers.com\/wp-content\/uploads\/2022\/06\/brian-mcgowan-x3vzP_pzzGw-unsplash-1-scaled.jpg","type":"image\/jpeg"}],"twitter_card":"summary_large_image","twitter_misc":{"Tiempo de lectura":"1 minuto"},"schema":{"@context":"https:\/\/schema.org","@graph":[{"@type":"WebPage","@id":"https:\/\/happyadventurers.com\/agentes-nuevos\/","url":"https:\/\/happyadventurers.com\/agentes-nuevos\/","name":"Aplicaci\u00f3n de Agentes Nuevos - Happy Adventurers","isPartOf":{"@id":"https:\/\/happyadventurers.com\/#website"},"primaryImageOfPage":{"@id":"https:\/\/happyadventurers.com\/agentes-nuevos\/#primaryimage"},"image":{"@id":"https:\/\/happyadventurers.com\/agentes-nuevos\/#primaryimage"},"thumbnailUrl":"https:\/\/happyadventurers.com\/wp-content\/uploads\/2022\/06\/brian-mcgowan-x3vzP_pzzGw-unsplash-1-scaled.jpg","datePublished":"2022-06-17T00:33:40+00:00","dateModified":"2022-06-17T00:43:40+00:00","breadcrumb":{"@id":"https:\/\/happyadventurers.com\/agentes-nuevos\/#breadcrumb"},"inLanguage":"es","potentialAction":[{"@type":"ReadAction","target":["https:\/\/happyadventurers.com\/agentes-nuevos\/"]}]},{"@type":"ImageObject","inLanguage":"es","@id":"https:\/\/happyadventurers.com\/agentes-nuevos\/#primaryimage","url":"https:\/\/happyadventurers.com\/wp-content\/uploads\/2022\/06\/brian-mcgowan-x3vzP_pzzGw-unsplash-1-scaled.jpg","contentUrl":"https:\/\/happyadventurers.com\/wp-content\/uploads\/2022\/06\/brian-mcgowan-x3vzP_pzzGw-unsplash-1-scaled.jpg","width":2560,"height":1707},{"@type":"BreadcrumbList","@id":"https:\/\/happyadventurers.com\/agentes-nuevos\/#breadcrumb","itemListElement":[{"@type":"ListItem","position":1,"name":"Home","item":"https:\/\/happyadventurers.com\/"},{"@type":"ListItem","position":2,"name":"Aplicaci\u00f3n de Agentes Nuevos"}]},{"@type":"WebSite","@id":"https:\/\/happyadventurers.com\/#website","url":"https:\/\/happyadventurers.com\/","name":"Happy Adventurers","description":"The Fun Travel Agency","publisher":{"@id":"https:\/\/happyadventurers.com\/#organization"},"potentialAction":[{"@type":"SearchAction","target":{"@type":"EntryPoint","urlTemplate":"https:\/\/happyadventurers.com\/?s={search_term_string}"},"query-input":{"@type":"PropertyValueSpecification","valueRequired":true,"valueName":"search_term_string"}}],"inLanguage":"es"},{"@type":"Organization","@id":"https:\/\/happyadventurers.com\/#organization","name":"Happy Adventurers","url":"https:\/\/happyadventurers.com\/","logo":{"@type":"ImageObject","inLanguage":"es","@id":"https:\/\/happyadventurers.com\/#\/schema\/logo\/image\/","url":"https:\/\/happyadventurers.com\/wp-content\/uploads\/2025\/02\/Logo-Oficial-Negro.png","contentUrl":"https:\/\/happyadventurers.com\/wp-content\/uploads\/2025\/02\/Logo-Oficial-Negro.png","width":655,"height":540,"caption":"Happy Adventurers"},"image":{"@id":"https:\/\/happyadventurers.com\/#\/schema\/logo\/image\/"},"sameAs":["https:\/\/www.facebook.com\/happyadventurers.travel","https:\/\/www.instagram.com\/happyadventurers.travel\/"]}]}},"_links":{"self":[{"href":"https:\/\/happyadventurers.com\/es\/wp-json\/wp\/v2\/pages\/412","targetHints":{"allow":["GET"]}}],"collection":[{"href":"https:\/\/happyadventurers.com\/es\/wp-json\/wp\/v2\/pages"}],"about":[{"href":"https:\/\/happyadventurers.com\/es\/wp-json\/wp\/v2\/types\/page"}],"author":[{"embeddable":true,"href":"https:\/\/happyadventurers.com\/es\/wp-json\/wp\/v2\/users\/1"}],"replies":[{"embeddable":true,"href":"https:\/\/happyadventurers.com\/es\/wp-json\/wp\/v2\/comments?post=412"}],"version-history":[{"count":7,"href":"https:\/\/happyadventurers.com\/es\/wp-json\/wp\/v2\/pages\/412\/revisions"}],"predecessor-version":[{"id":420,"href":"https:\/\/happyadventurers.com\/es\/wp-json\/wp\/v2\/pages\/412\/revisions\/420"}],"wp:featuredmedia":[{"embeddable":true,"href":"https:\/\/happyadventurers.com\/es\/wp-json\/wp\/v2\/media\/413"}],"wp:attachment":[{"href":"https:\/\/happyadventurers.com\/es\/wp-json\/wp\/v2\/media?parent=412"}],"curies":[{"name":"wp","href":"https:\/\/api.w.org\/{rel}","templated":true}]}}