{"id":391,"date":"2022-05-30T20:02:21","date_gmt":"2022-05-30T20:02:21","guid":{"rendered":"https:\/\/happyadventurers.com\/?page_id=391"},"modified":"2022-05-30T20:05:22","modified_gmt":"2022-05-30T20:05:22","slug":"w8ben","status":"publish","type":"page","link":"https:\/\/happyadventurers.com\/es\/w8ben\/","title":{"rendered":"Formulario de liberaci\u00f3n de comisiones"},"content":{"rendered":"\n<h2 class=\"wp-block-heading\">Formulario de liberaci\u00f3n de comisiones<\/h2>\n\n\n\n<p>Completa este formulario que nos permitir\u00e1 crear tu forma de liberaci\u00f3n de comisiones. El gobierno de los Estados Unidos requiere que todos los agentes independientes que no residan en los Estados Unidos, completen un formulario W8-BEN. Utilizaremos esta informaci\u00f3n para llenar el formulario y te lo compartiremos para tu revisi\u00f3n.<\/p>\n\n\n<div class=\"wpforms-container wpforms-container-full\" id=\"wpforms-380\"><form id=\"wpforms-form-380\" class=\"wpforms-validate wpforms-form wpforms-ajax-form\" data-formid=\"380\" method=\"post\" enctype=\"multipart\/form-data\" action=\"\/es\/wp-json\/wp\/v2\/pages\/391\" data-token=\"e78371a516718e39086b7eacf6637eb5\" data-token-time=\"1777576624\"><noscript class=\"wpforms-error-noscript\">Por favor, activa JavaScript en tu navegador para completar este formulario.<\/noscript><div class=\"wpforms-field-container\"><div id=\"wpforms-380-field_1-container\" class=\"wpforms-field wpforms-field-text\" data-field-type=\"text\" data-field-id=\"1\"><label class=\"wpforms-field-label\" for=\"wpforms-380-field_1\">Nombre Completo del Agente <span class=\"wpforms-required-label\">*<\/span><\/label><input type=\"text\" id=\"wpforms-380-field_1\" class=\"wpforms-field-medium wpforms-field-required\" name=\"wpforms[fields][1]\" required><\/div><div id=\"wpforms-380-field_2-container\" class=\"wpforms-field wpforms-field-email\" data-field-type=\"email\" data-field-id=\"2\"><label class=\"wpforms-field-label\" for=\"wpforms-380-field_2\">Email del Agente <span class=\"wpforms-required-label\">*<\/span><\/label><input type=\"email\" id=\"wpforms-380-field_2\" class=\"wpforms-field-medium wpforms-field-required\" name=\"wpforms[fields][2]\" spellcheck=\"false\" required><\/div><div id=\"wpforms-380-field_6-container\" class=\"wpforms-field wpforms-field-text\" data-field-type=\"text\" data-field-id=\"6\"><label class=\"wpforms-field-label\" for=\"wpforms-380-field_6\">Pa\u00eds de Ciudadan\u00eda <span class=\"wpforms-required-label\">*<\/span><\/label><input type=\"text\" id=\"wpforms-380-field_6\" class=\"wpforms-field-medium wpforms-field-required\" name=\"wpforms[fields][6]\" required><\/div><div id=\"wpforms-380-field_7-container\" class=\"wpforms-field wpforms-field-text\" data-field-type=\"text\" data-field-id=\"7\"><label class=\"wpforms-field-label\" for=\"wpforms-380-field_7\">Direcci\u00f3n de Residencia <span class=\"wpforms-required-label\">*<\/span><\/label><input type=\"text\" id=\"wpforms-380-field_7\" class=\"wpforms-field-medium wpforms-field-required\" name=\"wpforms[fields][7]\" required><\/div><div id=\"wpforms-380-field_8-container\" class=\"wpforms-field wpforms-field-text\" data-field-type=\"text\" data-field-id=\"8\"><label class=\"wpforms-field-label\" for=\"wpforms-380-field_8\">Ciudad y Estado <span class=\"wpforms-required-label\">*<\/span><\/label><input type=\"text\" id=\"wpforms-380-field_8\" class=\"wpforms-field-medium wpforms-field-required\" name=\"wpforms[fields][8]\" required><\/div><div id=\"wpforms-380-field_9-container\" class=\"wpforms-field wpforms-field-text\" data-field-type=\"text\" data-field-id=\"9\"><label class=\"wpforms-field-label\" for=\"wpforms-380-field_9\">C\u00f3digo Postal <span class=\"wpforms-required-label\">*<\/span><\/label><input type=\"text\" id=\"wpforms-380-field_9\" class=\"wpforms-field-medium wpforms-field-required\" name=\"wpforms[fields][9]\" required><\/div><div id=\"wpforms-380-field_10-container\" class=\"wpforms-field wpforms-field-text\" data-field-type=\"text\" data-field-id=\"10\"><label class=\"wpforms-field-label\" for=\"wpforms-380-field_10\">Pa\u00eds <span class=\"wpforms-required-label\">*<\/span><\/label><input type=\"text\" id=\"wpforms-380-field_10\" class=\"wpforms-field-medium wpforms-field-required\" name=\"wpforms[fields][10]\" required><\/div><div id=\"wpforms-380-field_11-container\" class=\"wpforms-field wpforms-field-text\" data-field-type=\"text\" data-field-id=\"11\"><label class=\"wpforms-field-label\" for=\"wpforms-380-field_11\">RFC (Registro Federal de Contribuyentes) <span class=\"wpforms-required-label\">*<\/span><\/label><input type=\"text\" id=\"wpforms-380-field_11\" class=\"wpforms-field-medium wpforms-field-required\" name=\"wpforms[fields][11]\" required><\/div><div id=\"wpforms-380-field_12-container\" class=\"wpforms-field wpforms-field-text\" data-field-type=\"text\" data-field-id=\"12\"><label class=\"wpforms-field-label\" for=\"wpforms-380-field_12\">Fecha de Nacimiento <span class=\"wpforms-required-label\">*<\/span><\/label><input type=\"text\" id=\"wpforms-380-field_12\" class=\"wpforms-field-medium wpforms-field-required\" name=\"wpforms[fields][12]\" placeholder=\"14\/Agosto\/1990\" required><\/div><\/div><!-- .wpforms-field-container --><div class=\"wpforms-submit-container\" ><input type=\"hidden\" name=\"wpforms[id]\" value=\"380\"><input type=\"hidden\" name=\"page_title\" value=\"\"><input type=\"hidden\" name=\"page_url\" value=\"https:\/\/happyadventurers.com\/es\/wp-json\/wp\/v2\/pages\/391\"><input type=\"hidden\" name=\"url_referer\" value=\"\"><button type=\"submit\" name=\"wpforms[submit]\" id=\"wpforms-submit-380\" class=\"wpforms-submit\" data-alt-text=\"Enviando...\" data-submit-text=\"Enviar\" aria-live=\"assertive\" value=\"wpforms-submit\">Enviar<\/button><img decoding=\"async\" data-src=\"https:\/\/happyadventurers.com\/wp-content\/plugins\/wpforms\/assets\/images\/submit-spin.svg\" class=\"wpforms-submit-spinner lazyload\" style=\"--smush-placeholder-width: 26px; --smush-placeholder-aspect-ratio: 26\/26;display: none;\" width=\"26\" height=\"26\" alt=\"Cargando\" src=\"data:image\/svg+xml;base64,PHN2ZyB3aWR0aD0iMSIgaGVpZ2h0PSIxIiB4bWxucz0iaHR0cDovL3d3dy53My5vcmcvMjAwMC9zdmciPjwvc3ZnPg==\"><\/div><\/form><\/div>  <!-- .wpforms-container -->\n","protected":false},"excerpt":{"rendered":"<p>Formulario de liberaci\u00f3n de comisiones Completa este formulario que nos permitir\u00e1 crear tu forma de&hellip;<\/p>","protected":false},"author":1,"featured_media":392,"parent":0,"menu_order":0,"comment_status":"closed","ping_status":"closed","template":"","meta":{"_acf_changed":false,"footnotes":""},"class_list":["post-391","page","type-page","status-publish","has-post-thumbnail","hentry"],"acf":[],"yoast_head":"<!-- This site is optimized with the Yoast SEO plugin v27.5 - https:\/\/yoast.com\/product\/yoast-seo-wordpress\/ -->\n<title>Formulario de liberaci\u00f3n de comisiones - Happy Adventurers<\/title>\n<meta name=\"robots\" content=\"index, follow, max-snippet:-1, max-image-preview:large, max-video-preview:-1\" \/>\n<link rel=\"canonical\" href=\"https:\/\/happyadventurers.com\/es\/w8ben\/\" \/>\n<meta property=\"og:locale\" content=\"es_MX\" \/>\n<meta property=\"og:type\" content=\"article\" \/>\n<meta property=\"og:title\" content=\"Formulario de liberaci\u00f3n de comisiones - Happy Adventurers\" \/>\n<meta property=\"og:description\" content=\"Formulario de liberaci\u00f3n de comisiones Completa este formulario que nos permitir\u00e1 crear tu forma de&hellip;\" \/>\n<meta property=\"og:url\" content=\"https:\/\/happyadventurers.com\/es\/w8ben\/\" \/>\n<meta property=\"og:site_name\" content=\"Happy Adventurers\" \/>\n<meta property=\"article:modified_time\" content=\"2022-05-30T20:05:22+00:00\" \/>\n<meta property=\"og:image\" content=\"http:\/\/happyadventurers.com\/wp-content\/uploads\/2022\/05\/pexels-jess-bailey-designs-1007025-scaled.jpg\" \/>\n\t<meta property=\"og:image:width\" content=\"2560\" \/>\n\t<meta property=\"og:image:height\" content=\"1920\" \/>\n\t<meta property=\"og:image:type\" content=\"image\/jpeg\" \/>\n<meta name=\"twitter:card\" content=\"summary_large_image\" \/>\n<meta name=\"twitter:label1\" content=\"Tiempo de lectura\" \/>\n\t<meta name=\"twitter:data1\" content=\"1 minuto\" \/>\n<script type=\"application\/ld+json\" class=\"yoast-schema-graph\">{\"@context\":\"https:\\\/\\\/schema.org\",\"@graph\":[{\"@type\":\"WebPage\",\"@id\":\"https:\\\/\\\/happyadventurers.com\\\/w8ben\\\/\",\"url\":\"https:\\\/\\\/happyadventurers.com\\\/w8ben\\\/\",\"name\":\"Formulario de liberaci\u00f3n de comisiones - Happy Adventurers\",\"isPartOf\":{\"@id\":\"https:\\\/\\\/happyadventurers.com\\\/#website\"},\"primaryImageOfPage\":{\"@id\":\"https:\\\/\\\/happyadventurers.com\\\/w8ben\\\/#primaryimage\"},\"image\":{\"@id\":\"https:\\\/\\\/happyadventurers.com\\\/w8ben\\\/#primaryimage\"},\"thumbnailUrl\":\"https:\\\/\\\/happyadventurers.com\\\/wp-content\\\/uploads\\\/2022\\\/05\\\/pexels-jess-bailey-designs-1007025-scaled.jpg\",\"datePublished\":\"2022-05-30T20:02:21+00:00\",\"dateModified\":\"2022-05-30T20:05:22+00:00\",\"breadcrumb\":{\"@id\":\"https:\\\/\\\/happyadventurers.com\\\/w8ben\\\/#breadcrumb\"},\"inLanguage\":\"es\",\"potentialAction\":[{\"@type\":\"ReadAction\",\"target\":[\"https:\\\/\\\/happyadventurers.com\\\/w8ben\\\/\"]}]},{\"@type\":\"ImageObject\",\"inLanguage\":\"es\",\"@id\":\"https:\\\/\\\/happyadventurers.com\\\/w8ben\\\/#primaryimage\",\"url\":\"https:\\\/\\\/happyadventurers.com\\\/wp-content\\\/uploads\\\/2022\\\/05\\\/pexels-jess-bailey-designs-1007025-scaled.jpg\",\"contentUrl\":\"https:\\\/\\\/happyadventurers.com\\\/wp-content\\\/uploads\\\/2022\\\/05\\\/pexels-jess-bailey-designs-1007025-scaled.jpg\",\"width\":2560,\"height\":1920},{\"@type\":\"BreadcrumbList\",\"@id\":\"https:\\\/\\\/happyadventurers.com\\\/w8ben\\\/#breadcrumb\",\"itemListElement\":[{\"@type\":\"ListItem\",\"position\":1,\"name\":\"Home\",\"item\":\"https:\\\/\\\/happyadventurers.com\\\/\"},{\"@type\":\"ListItem\",\"position\":2,\"name\":\"Formulario de liberaci\u00f3n de comisiones\"}]},{\"@type\":\"WebSite\",\"@id\":\"https:\\\/\\\/happyadventurers.com\\\/#website\",\"url\":\"https:\\\/\\\/happyadventurers.com\\\/\",\"name\":\"Happy Adventurers\",\"description\":\"The Fun Travel Agency\",\"publisher\":{\"@id\":\"https:\\\/\\\/happyadventurers.com\\\/#organization\"},\"potentialAction\":[{\"@type\":\"SearchAction\",\"target\":{\"@type\":\"EntryPoint\",\"urlTemplate\":\"https:\\\/\\\/happyadventurers.com\\\/?s={search_term_string}\"},\"query-input\":{\"@type\":\"PropertyValueSpecification\",\"valueRequired\":true,\"valueName\":\"search_term_string\"}}],\"inLanguage\":\"es\"},{\"@type\":\"Organization\",\"@id\":\"https:\\\/\\\/happyadventurers.com\\\/#organization\",\"name\":\"Happy Adventurers\",\"url\":\"https:\\\/\\\/happyadventurers.com\\\/\",\"logo\":{\"@type\":\"ImageObject\",\"inLanguage\":\"es\",\"@id\":\"https:\\\/\\\/happyadventurers.com\\\/#\\\/schema\\\/logo\\\/image\\\/\",\"url\":\"https:\\\/\\\/happyadventurers.com\\\/wp-content\\\/uploads\\\/2022\\\/04\\\/Logo-Oficial-nocastle.png\",\"contentUrl\":\"https:\\\/\\\/happyadventurers.com\\\/wp-content\\\/uploads\\\/2022\\\/04\\\/Logo-Oficial-nocastle.png\",\"width\":655,\"height\":540,\"caption\":\"Happy Adventurers\"},\"image\":{\"@id\":\"https:\\\/\\\/happyadventurers.com\\\/#\\\/schema\\\/logo\\\/image\\\/\"}}]}<\/script>\n<!-- \/ Yoast SEO plugin. -->","yoast_head_json":{"title":"Formulario de liberaci\u00f3n de comisiones - Happy Adventurers","robots":{"index":"index","follow":"follow","max-snippet":"max-snippet:-1","max-image-preview":"max-image-preview:large","max-video-preview":"max-video-preview:-1"},"canonical":"https:\/\/happyadventurers.com\/es\/w8ben\/","og_locale":"es_MX","og_type":"article","og_title":"Formulario de liberaci\u00f3n de comisiones - Happy Adventurers","og_description":"Formulario de liberaci\u00f3n de comisiones Completa este formulario que nos permitir\u00e1 crear tu forma de&hellip;","og_url":"https:\/\/happyadventurers.com\/es\/w8ben\/","og_site_name":"Happy Adventurers","article_modified_time":"2022-05-30T20:05:22+00:00","og_image":[{"width":2560,"height":1920,"url":"http:\/\/happyadventurers.com\/wp-content\/uploads\/2022\/05\/pexels-jess-bailey-designs-1007025-scaled.jpg","type":"image\/jpeg"}],"twitter_card":"summary_large_image","twitter_misc":{"Tiempo de lectura":"1 minuto"},"schema":{"@context":"https:\/\/schema.org","@graph":[{"@type":"WebPage","@id":"https:\/\/happyadventurers.com\/w8ben\/","url":"https:\/\/happyadventurers.com\/w8ben\/","name":"Formulario de liberaci\u00f3n de comisiones - Happy Adventurers","isPartOf":{"@id":"https:\/\/happyadventurers.com\/#website"},"primaryImageOfPage":{"@id":"https:\/\/happyadventurers.com\/w8ben\/#primaryimage"},"image":{"@id":"https:\/\/happyadventurers.com\/w8ben\/#primaryimage"},"thumbnailUrl":"https:\/\/happyadventurers.com\/wp-content\/uploads\/2022\/05\/pexels-jess-bailey-designs-1007025-scaled.jpg","datePublished":"2022-05-30T20:02:21+00:00","dateModified":"2022-05-30T20:05:22+00:00","breadcrumb":{"@id":"https:\/\/happyadventurers.com\/w8ben\/#breadcrumb"},"inLanguage":"es","potentialAction":[{"@type":"ReadAction","target":["https:\/\/happyadventurers.com\/w8ben\/"]}]},{"@type":"ImageObject","inLanguage":"es","@id":"https:\/\/happyadventurers.com\/w8ben\/#primaryimage","url":"https:\/\/happyadventurers.com\/wp-content\/uploads\/2022\/05\/pexels-jess-bailey-designs-1007025-scaled.jpg","contentUrl":"https:\/\/happyadventurers.com\/wp-content\/uploads\/2022\/05\/pexels-jess-bailey-designs-1007025-scaled.jpg","width":2560,"height":1920},{"@type":"BreadcrumbList","@id":"https:\/\/happyadventurers.com\/w8ben\/#breadcrumb","itemListElement":[{"@type":"ListItem","position":1,"name":"Home","item":"https:\/\/happyadventurers.com\/"},{"@type":"ListItem","position":2,"name":"Formulario de liberaci\u00f3n de comisiones"}]},{"@type":"WebSite","@id":"https:\/\/happyadventurers.com\/#website","url":"https:\/\/happyadventurers.com\/","name":"Happy Adventurers","description":"The Fun Travel Agency","publisher":{"@id":"https:\/\/happyadventurers.com\/#organization"},"potentialAction":[{"@type":"SearchAction","target":{"@type":"EntryPoint","urlTemplate":"https:\/\/happyadventurers.com\/?s={search_term_string}"},"query-input":{"@type":"PropertyValueSpecification","valueRequired":true,"valueName":"search_term_string"}}],"inLanguage":"es"},{"@type":"Organization","@id":"https:\/\/happyadventurers.com\/#organization","name":"Happy Adventurers","url":"https:\/\/happyadventurers.com\/","logo":{"@type":"ImageObject","inLanguage":"es","@id":"https:\/\/happyadventurers.com\/#\/schema\/logo\/image\/","url":"https:\/\/happyadventurers.com\/wp-content\/uploads\/2022\/04\/Logo-Oficial-nocastle.png","contentUrl":"https:\/\/happyadventurers.com\/wp-content\/uploads\/2022\/04\/Logo-Oficial-nocastle.png","width":655,"height":540,"caption":"Happy Adventurers"},"image":{"@id":"https:\/\/happyadventurers.com\/#\/schema\/logo\/image\/"}}]}},"_links":{"self":[{"href":"https:\/\/happyadventurers.com\/es\/wp-json\/wp\/v2\/pages\/391","targetHints":{"allow":["GET"]}}],"collection":[{"href":"https:\/\/happyadventurers.com\/es\/wp-json\/wp\/v2\/pages"}],"about":[{"href":"https:\/\/happyadventurers.com\/es\/wp-json\/wp\/v2\/types\/page"}],"author":[{"embeddable":true,"href":"https:\/\/happyadventurers.com\/es\/wp-json\/wp\/v2\/users\/1"}],"replies":[{"embeddable":true,"href":"https:\/\/happyadventurers.com\/es\/wp-json\/wp\/v2\/comments?post=391"}],"version-history":[{"count":3,"href":"https:\/\/happyadventurers.com\/es\/wp-json\/wp\/v2\/pages\/391\/revisions"}],"predecessor-version":[{"id":397,"href":"https:\/\/happyadventurers.com\/es\/wp-json\/wp\/v2\/pages\/391\/revisions\/397"}],"wp:featuredmedia":[{"embeddable":true,"href":"https:\/\/happyadventurers.com\/es\/wp-json\/wp\/v2\/media\/392"}],"wp:attachment":[{"href":"https:\/\/happyadventurers.com\/es\/wp-json\/wp\/v2\/media?parent=391"}],"curies":[{"name":"wp","href":"https:\/\/api.w.org\/{rel}","templated":true}]}}