{"id":3544,"date":"2023-11-18T21:17:36","date_gmt":"2023-11-18T21:17:36","guid":{"rendered":"https:\/\/happyadventurers.com\/?page_id=3544"},"modified":"2023-11-18T21:46:49","modified_gmt":"2023-11-18T21:46:49","slug":"preguntas-comisiones","status":"publish","type":"page","link":"https:\/\/happyadventurers.com\/es\/preguntas-comisiones\/","title":{"rendered":"Encuentra tus comisiones"},"content":{"rendered":"<h2 class=\"wp-block-heading\">Encuentra tus comisiones<\/h2>\n\n\n\n<section id='' \n                class='helpie-faq accordions faq-toggle' \n                data-collection='' \n                data-pagination='0' \n                data-search='0' \n                data-pagination-enabled='0'\n                role='region'\n                aria-label='FAQ Section'\n                aria-live='polite'><form class=\"search\" onsubmit=\"return false;\" action=\"\"><div class=\"search__wrapper\"><input type=\"text\" class=\"search__input\" aria-label=\"Search\" role=\"searchbox\" placeholder=\"Buscar Respuestas\"><span class=\"search__icon\"><svg class=\"svg-icon--search\" role=\"img\" xmlns=\"http:\/\/www.w3.org\/2000\/svg\" viewbox=\"0 0 22 22\">\r\n                        <g fill=\"none\" stroke=\"#171717\">\r\n                            <path stroke-linecap=\"square\" stroke-width=\"2\" d=\"M18.5 18.3l-5.4-5.4\"\/>\r\n                            <circle cx=\"8\" cy=\"8\" r=\"7\" stroke-width=\"2\"\/>\r\n                        <\/g>\r\n                    <\/svg><\/span><\/div><div class=\"search__message\"><\/div><input type=\"hidden\" name=\"trp-form-language\" value=\"es\"\/><\/form><h3 class='accordion__heading accordion__category' id=\"accordion-header-term-35\" data-item=\"hfaq-term-35\" data-id=\"term-35\">FAQ Centro de Comisiones<\/h3><article class=\"accordion\"><div class='helpie-faq-row'><div class='helpie-faq-col helpie-faq-col-12' ><ul><li class=\"accordion__item\"><div class=\"accordion__header\" \r\n                id=\"accordion-header-post-3540\"\r\n                role=\"button\"\r\n                aria-expanded=\"false\"\r\n                aria-controls=\"accordion-content-post-3540\"\r\n                data-id=\"post-3540\" \r\n                data-item=\"hfaq-post-3540\" \r\n                style=\"background:transparent;\" \r\n                data-tags=\"\"\r\n                tabindex=\"0\"><div class=\"accordion__title\">\u00bfC\u00f3mo revisar la comisi\u00f3n que pag\u00f3 Expedia por una reservaci\u00f3n?<\/div><\/div><div id=\"accordion-content-post-3540\" \r\n                class=\"accordion__body\" \r\n                role=\"region\"\r\n                aria-labelledby=\"accordion-header-post-3540\"\r\n                style=\"background:transparent;\"><!-- wp:paragraph -->\n<p>1. Ingresa a tu cuenta en expediataap.com o expediataap.mx seg\u00fan la plataforma que hayas utilizado.<\/p>\n<!-- \/wp:paragraph -->\n\n<!-- wp:paragraph -->\n<p>2. En la esquina superior izquierda encuentra el men\u00fa y selecciona <strong>\"Report\"<\/strong>.<\/p>\n<!-- \/wp:paragraph -->\n\n<!-- wp:image {\"align\":\"center\",\"id\":3541,\"sizeSlug\":\"large\",\"linkDestination\":\"none\"} -->\n<figure class=\"wp-block-image aligncenter size-large\"><img fetchpriority=\"high\" decoding=\"async\" width=\"1024\" height=\"408\" src=\"https:\/\/happyadventurers.com\/wp-content\/uploads\/2023\/11\/Screenshot-2023-11-18-at-2.09.08\u202fPM-1024x408.png\" alt=\"\" class=\"wp-image-3541\" srcset=\"https:\/\/happyadventurers.com\/wp-content\/uploads\/2023\/11\/Screenshot-2023-11-18-at-2.09.08\u202fPM-1024x408.png 1024w, https:\/\/happyadventurers.com\/wp-content\/uploads\/2023\/11\/Screenshot-2023-11-18-at-2.09.08\u202fPM-300x120.png 300w, https:\/\/happyadventurers.com\/wp-content\/uploads\/2023\/11\/Screenshot-2023-11-18-at-2.09.08\u202fPM-768x306.png 768w, https:\/\/happyadventurers.com\/wp-content\/uploads\/2023\/11\/Screenshot-2023-11-18-at-2.09.08\u202fPM-1536x612.png 1536w, https:\/\/happyadventurers.com\/wp-content\/uploads\/2023\/11\/Screenshot-2023-11-18-at-2.09.08\u202fPM-2048x816.png 2048w, https:\/\/happyadventurers.com\/wp-content\/uploads\/2023\/11\/Screenshot-2023-11-18-at-2.09.08\u202fPM-18x7.png 18w\" sizes=\"(max-width: 1024px) 100vw, 1024px\" \/><\/figure>\n<!-- \/wp:image -->\n\n<!-- wp:paragraph -->\n<p>3. Selecciona \"Itinireray Report\" e ingresa el n\u00famero de confirmaci\u00f3n<\/p>\n<!-- \/wp:paragraph -->\n\n<!-- wp:image {\"id\":3542,\"sizeSlug\":\"large\",\"linkDestination\":\"none\"} -->\n<figure class=\"wp-block-image size-large\"><img decoding=\"async\" width=\"1024\" height=\"281\" data-src=\"https:\/\/happyadventurers.com\/wp-content\/uploads\/2023\/11\/Screenshot-2023-11-18-at-2.10.36\u202fPM-1024x281.png\" alt=\"\" class=\"wp-image-3542 lazyload\" data-srcset=\"https:\/\/happyadventurers.com\/wp-content\/uploads\/2023\/11\/Screenshot-2023-11-18-at-2.10.36\u202fPM-1024x281.png 1024w, https:\/\/happyadventurers.com\/wp-content\/uploads\/2023\/11\/Screenshot-2023-11-18-at-2.10.36\u202fPM-300x82.png 300w, https:\/\/happyadventurers.com\/wp-content\/uploads\/2023\/11\/Screenshot-2023-11-18-at-2.10.36\u202fPM-768x211.png 768w, https:\/\/happyadventurers.com\/wp-content\/uploads\/2023\/11\/Screenshot-2023-11-18-at-2.10.36\u202fPM-1536x422.png 1536w, https:\/\/happyadventurers.com\/wp-content\/uploads\/2023\/11\/Screenshot-2023-11-18-at-2.10.36\u202fPM-2048x562.png 2048w, https:\/\/happyadventurers.com\/wp-content\/uploads\/2023\/11\/Screenshot-2023-11-18-at-2.10.36\u202fPM-18x5.png 18w\" data-sizes=\"(max-width: 1024px) 100vw, 1024px\" src=\"data:image\/svg+xml;base64,PHN2ZyB3aWR0aD0iMSIgaGVpZ2h0PSIxIiB4bWxucz0iaHR0cDovL3d3dy53My5vcmcvMjAwMC9zdmciPjwvc3ZnPg==\" style=\"--smush-placeholder-width: 1024px; --smush-placeholder-aspect-ratio: 1024\/281;\" \/><\/figure>\n<!-- \/wp:image -->\n\n<!-- wp:paragraph -->\n<p><\/p>\n<!-- \/wp:paragraph -->\n\n<!-- wp:paragraph -->\n<p>4. Encuentra el campo \"TAAP Commission\". Esta es la comisi\u00f3n que pag\u00f3 o pagar\u00e1 Expedia. En la parte de abajo podr\u00e1s ver los detalles de la comisi\u00f3n y ver si hubo alguna modificaci\u00f3n o cancelaci\u00f3n que haya provocado un ajuste en la comisi\u00f3n pagada vs lo que inicialmente hab\u00edas considerado.<\/p>\n<!-- \/wp:paragraph --><\/div><\/li><li class=\"accordion__item\"><div class=\"accordion__header\" \r\n                id=\"accordion-header-post-3546\"\r\n                role=\"button\"\r\n                aria-expanded=\"false\"\r\n                aria-controls=\"accordion-content-post-3546\"\r\n                data-id=\"post-3546\" \r\n                data-item=\"hfaq-post-3546\" \r\n                style=\"background:transparent;\" \r\n                data-tags=\"\"\r\n                tabindex=\"0\"><div class=\"accordion__title\">\u00bfC\u00f3mo revisar la comisi\u00f3n que pag\u00f3 VAX<\/div><\/div><div id=\"accordion-content-post-3546\" \r\n                class=\"accordion__body\" \r\n                role=\"region\"\r\n                aria-labelledby=\"accordion-header-post-3546\"\r\n                style=\"background:transparent;\"><!-- wp:paragraph -->\n<p>1. Ingresa a tu cuenta en https:\/\/vaxvacationaccess.com\/<\/p>\n<!-- \/wp:paragraph -->\n\n<!-- wp:paragraph -->\n<p>2. Presiona \"Existing reservation\" e ingresa la clave de reservaci\u00f3n.<\/p>\n<!-- \/wp:paragraph -->\n\n<!-- wp:image {\"id\":3547,\"sizeSlug\":\"large\",\"linkDestination\":\"none\"} -->\n<figure class=\"wp-block-image size-large\"><img decoding=\"async\" width=\"1024\" height=\"332\" data-src=\"https:\/\/happyadventurers.com\/wp-content\/uploads\/2023\/11\/Screenshot-2023-11-18-at-2.20.29\u202fPM-1024x332.png\" alt=\"\" class=\"wp-image-3547 lazyload\" data-srcset=\"https:\/\/happyadventurers.com\/wp-content\/uploads\/2023\/11\/Screenshot-2023-11-18-at-2.20.29\u202fPM-1024x332.png 1024w, https:\/\/happyadventurers.com\/wp-content\/uploads\/2023\/11\/Screenshot-2023-11-18-at-2.20.29\u202fPM-300x97.png 300w, https:\/\/happyadventurers.com\/wp-content\/uploads\/2023\/11\/Screenshot-2023-11-18-at-2.20.29\u202fPM-768x249.png 768w, https:\/\/happyadventurers.com\/wp-content\/uploads\/2023\/11\/Screenshot-2023-11-18-at-2.20.29\u202fPM-1536x497.png 1536w, https:\/\/happyadventurers.com\/wp-content\/uploads\/2023\/11\/Screenshot-2023-11-18-at-2.20.29\u202fPM-2048x663.png 2048w, https:\/\/happyadventurers.com\/wp-content\/uploads\/2023\/11\/Screenshot-2023-11-18-at-2.20.29\u202fPM-18x6.png 18w\" data-sizes=\"(max-width: 1024px) 100vw, 1024px\" src=\"data:image\/svg+xml;base64,PHN2ZyB3aWR0aD0iMSIgaGVpZ2h0PSIxIiB4bWxucz0iaHR0cDovL3d3dy53My5vcmcvMjAwMC9zdmciPjwvc3ZnPg==\" style=\"--smush-placeholder-width: 1024px; --smush-placeholder-aspect-ratio: 1024\/332;\" \/><\/figure>\n<!-- \/wp:image -->\n\n<!-- wp:paragraph -->\n<p><\/p>\n<!-- \/wp:paragraph -->\n\n<!-- wp:paragraph -->\n<p>3. Presiona \"Booking Administration\" que se encuentra en la parte derecha de la pantalla.<\/p>\n<!-- \/wp:paragraph -->\n\n<!-- wp:image {\"align\":\"center\",\"id\":3548,\"width\":\"auto\",\"height\":\"600px\",\"sizeSlug\":\"full\",\"linkDestination\":\"none\"} -->\n<figure class=\"wp-block-image aligncenter size-full is-resized\"><img decoding=\"async\" width=\"602\" height=\"1024\" data-src=\"https:\/\/happyadventurers.com\/wp-content\/uploads\/2023\/11\/Screenshot-2023-11-18-at-2.23.54\u202fPM.png\" alt=\"\" class=\"wp-image-3548 lazyload\" style=\"--smush-placeholder-width: 602px; --smush-placeholder-aspect-ratio: 602\/1024;width:auto;height:600px\" data-srcset=\"https:\/\/happyadventurers.com\/wp-content\/uploads\/2023\/11\/Screenshot-2023-11-18-at-2.23.54\u202fPM.png 602w, https:\/\/happyadventurers.com\/wp-content\/uploads\/2023\/11\/Screenshot-2023-11-18-at-2.23.54\u202fPM-176x300.png 176w, https:\/\/happyadventurers.com\/wp-content\/uploads\/2023\/11\/Screenshot-2023-11-18-at-2.23.54\u202fPM-7x12.png 7w\" data-sizes=\"(max-width: 602px) 100vw, 602px\" src=\"data:image\/svg+xml;base64,PHN2ZyB3aWR0aD0iMSIgaGVpZ2h0PSIxIiB4bWxucz0iaHR0cDovL3d3dy53My5vcmcvMjAwMC9zdmciPjwvc3ZnPg==\" \/><\/figure>\n<!-- \/wp:image -->\n\n<!-- wp:paragraph -->\n<p>4. Encuentra la comisi\u00f3n que pag\u00f3 VAX.<\/p>\n<!-- \/wp:paragraph -->\n\n<!-- wp:image {\"id\":3549,\"sizeSlug\":\"large\",\"linkDestination\":\"none\"} -->\n<figure class=\"wp-block-image size-large\"><img decoding=\"async\" width=\"1024\" height=\"369\" data-src=\"https:\/\/happyadventurers.com\/wp-content\/uploads\/2023\/11\/Screenshot-2023-11-18-at-2.27.17\u202fPM-1024x369.png\" alt=\"\" class=\"wp-image-3549 lazyload\" data-srcset=\"https:\/\/happyadventurers.com\/wp-content\/uploads\/2023\/11\/Screenshot-2023-11-18-at-2.27.17\u202fPM-1024x369.png 1024w, https:\/\/happyadventurers.com\/wp-content\/uploads\/2023\/11\/Screenshot-2023-11-18-at-2.27.17\u202fPM-300x108.png 300w, https:\/\/happyadventurers.com\/wp-content\/uploads\/2023\/11\/Screenshot-2023-11-18-at-2.27.17\u202fPM-768x276.png 768w, https:\/\/happyadventurers.com\/wp-content\/uploads\/2023\/11\/Screenshot-2023-11-18-at-2.27.17\u202fPM-1536x553.png 1536w, https:\/\/happyadventurers.com\/wp-content\/uploads\/2023\/11\/Screenshot-2023-11-18-at-2.27.17\u202fPM-18x6.png 18w, https:\/\/happyadventurers.com\/wp-content\/uploads\/2023\/11\/Screenshot-2023-11-18-at-2.27.17\u202fPM.png 1756w\" data-sizes=\"(max-width: 1024px) 100vw, 1024px\" src=\"data:image\/svg+xml;base64,PHN2ZyB3aWR0aD0iMSIgaGVpZ2h0PSIxIiB4bWxucz0iaHR0cDovL3d3dy53My5vcmcvMjAwMC9zdmciPjwvc3ZnPg==\" style=\"--smush-placeholder-width: 1024px; --smush-placeholder-aspect-ratio: 1024\/369;\" \/><\/figure>\n<!-- \/wp:image --><\/div><\/li><li class=\"accordion__item\"><div class=\"accordion__header\" \r\n                id=\"accordion-header-post-3552\"\r\n                role=\"button\"\r\n                aria-expanded=\"false\"\r\n                aria-controls=\"accordion-content-post-3552\"\r\n                data-id=\"post-3552\" \r\n                data-item=\"hfaq-post-3552\" \r\n                style=\"background:transparent;\" \r\n                data-tags=\"\"\r\n                tabindex=\"0\"><div class=\"accordion__title\">\u00bfCu\u00e1nta comisi\u00f3n generan los tickets de Walt Disney World Resort en Disney Travel Agents?<\/div><\/div><div id=\"accordion-content-post-3552\" \r\n                class=\"accordion__body\" \r\n                role=\"region\"\r\n                aria-labelledby=\"accordion-header-post-3552\"\r\n                style=\"background:transparent;\"><!-- wp:paragraph -->\n<p>Para conocer los detalles de comisi\u00f3n de tickets de WDW ingresa a:<\/p>\n<!-- \/wp:paragraph -->\n\n<!-- wp:paragraph -->\n<p><a href=\"https:\/\/agentcentral.disneytravelagents.com\/benefits\/list\/commissions\">https:\/\/agentcentral.disneytravelagents.com\/benefits\/list\/commissions<\/a><\/p>\n<!-- \/wp:paragraph -->\n\n<!-- wp:paragraph -->\n<p>Toma en cuenta que en Walt Disney World, los tickets de 1 y 2 d\u00edas NO generan comisi\u00f3n.<\/p>\n<!-- \/wp:paragraph --><\/div><\/li><li class=\"accordion__item\"><div class=\"accordion__header\" \r\n                id=\"accordion-header-post-3554\"\r\n                role=\"button\"\r\n                aria-expanded=\"false\"\r\n                aria-controls=\"accordion-content-post-3554\"\r\n                data-id=\"post-3554\" \r\n                data-item=\"hfaq-post-3554\" \r\n                style=\"background:transparent;\" \r\n                data-tags=\"\"\r\n                tabindex=\"0\"><div class=\"accordion__title\">\u00bfCu\u00e1nta comisi\u00f3n generan los tickets de Disneyland en Disney Travel Agents?<\/div><\/div><div id=\"accordion-content-post-3554\" \r\n                class=\"accordion__body\" \r\n                role=\"region\"\r\n                aria-labelledby=\"accordion-header-post-3554\"\r\n                style=\"background:transparent;\"><!-- wp:paragraph -->\n<p>Para conocer los detalles de las comisiones ingresa a:<\/p>\n<!-- \/wp:paragraph -->\n\n<!-- wp:paragraph -->\n<p><a href=\"https:\/\/agentcentral.disneytravelagents.com\/benefits\/list\/commissions\">https:\/\/agentcentral.disneytravelagents.com\/benefits\/list\/commissions<\/a><\/p>\n<!-- \/wp:paragraph -->\n\n<!-- wp:paragraph -->\n<p>Toma en cuenta que los tickets de 1 d\u00eda procesados por Disney Travel Agents no generan comisi\u00f3n. Si los procesas por Expedia generar\u00e1n el 11.5% de comisi\u00f3n, incluyendo los de 1 d\u00eda.<\/p>\n<!-- \/wp:paragraph --><\/div><\/li><li class=\"accordion__item\"><div class=\"accordion__header\" \r\n                id=\"accordion-header-post-3556\"\r\n                role=\"button\"\r\n                aria-expanded=\"false\"\r\n                aria-controls=\"accordion-content-post-3556\"\r\n                data-id=\"post-3556\" \r\n                data-item=\"hfaq-post-3556\" \r\n                style=\"background:transparent;\" \r\n                data-tags=\"\"\r\n                tabindex=\"0\"><div class=\"accordion__title\">\u00bfC\u00f3mo encontrar la comisi\u00f3n que pag\u00f3 Viator?<\/div><\/div><div id=\"accordion-content-post-3556\" \r\n                class=\"accordion__body\" \r\n                role=\"region\"\r\n                aria-labelledby=\"accordion-header-post-3556\"\r\n                style=\"background:transparent;\"><!-- wp:paragraph -->\n<p>1. Ingresa a tu cuenta en <a href=\"http:\/\/partners.viator.com\/\" target=\"_blank\" rel=\"noreferrer noopener\">http:\/\/partners.viator.com\/ <\/a><\/p>\n<!-- \/wp:paragraph -->\n\n<!-- wp:paragraph -->\n<p>2. Presiona \"Manage Bookings\" en la esquina superior izquierda e ingresa la clave de reservaci\u00f3n.<\/p>\n<!-- \/wp:paragraph -->\n\n<!-- wp:image {\"id\":3557,\"sizeSlug\":\"large\",\"linkDestination\":\"none\"} -->\n<figure class=\"wp-block-image size-large\"><img decoding=\"async\" width=\"1024\" height=\"369\" data-src=\"https:\/\/happyadventurers.com\/wp-content\/uploads\/2023\/11\/Screenshot-2023-11-18-at-2.38.36\u202fPM-1024x369.png\" alt=\"\" class=\"wp-image-3557 lazyload\" data-srcset=\"https:\/\/happyadventurers.com\/wp-content\/uploads\/2023\/11\/Screenshot-2023-11-18-at-2.38.36\u202fPM-1024x369.png 1024w, https:\/\/happyadventurers.com\/wp-content\/uploads\/2023\/11\/Screenshot-2023-11-18-at-2.38.36\u202fPM-300x108.png 300w, https:\/\/happyadventurers.com\/wp-content\/uploads\/2023\/11\/Screenshot-2023-11-18-at-2.38.36\u202fPM-768x276.png 768w, https:\/\/happyadventurers.com\/wp-content\/uploads\/2023\/11\/Screenshot-2023-11-18-at-2.38.36\u202fPM-1536x553.png 1536w, https:\/\/happyadventurers.com\/wp-content\/uploads\/2023\/11\/Screenshot-2023-11-18-at-2.38.36\u202fPM-18x6.png 18w, https:\/\/happyadventurers.com\/wp-content\/uploads\/2023\/11\/Screenshot-2023-11-18-at-2.38.36\u202fPM.png 1756w\" data-sizes=\"(max-width: 1024px) 100vw, 1024px\" src=\"data:image\/svg+xml;base64,PHN2ZyB3aWR0aD0iMSIgaGVpZ2h0PSIxIiB4bWxucz0iaHR0cDovL3d3dy53My5vcmcvMjAwMC9zdmciPjwvc3ZnPg==\" style=\"--smush-placeholder-width: 1024px; --smush-placeholder-aspect-ratio: 1024\/369;\" \/><\/figure>\n<!-- \/wp:image -->\n\n<!-- wp:paragraph -->\n<p><\/p>\n<!-- \/wp:paragraph -->\n\n<!-- wp:paragraph -->\n<p>3. Encuentra la comisi\u00f3n que pag\u00f3 o pagar\u00e1 Viator en la columna \"Commission\".<\/p>\n<!-- \/wp:paragraph --><\/div><\/li><\/ul><\/div><\/div><\/article><\/section>","protected":false},"excerpt":{"rendered":"<p>Encuentra tus comisiones<\/p>","protected":false},"author":1,"featured_media":2150,"parent":0,"menu_order":0,"comment_status":"closed","ping_status":"closed","template":"","meta":{"_acf_changed":false,"footnotes":""},"class_list":["post-3544","page","type-page","status-publish","has-post-thumbnail","hentry"],"acf":[],"yoast_head":"<!-- This site is optimized with the Yoast SEO plugin v27.4 - https:\/\/yoast.com\/product\/yoast-seo-wordpress\/ -->\n<title>Encuentra tus comisiones - Happy Adventurers<\/title>\n<meta name=\"robots\" content=\"index, follow, max-snippet:-1, max-image-preview:large, max-video-preview:-1\" \/>\n<link rel=\"canonical\" href=\"https:\/\/happyadventurers.com\/es\/preguntas-comisiones\/\" \/>\n<meta property=\"og:locale\" content=\"es_MX\" \/>\n<meta property=\"og:type\" content=\"article\" \/>\n<meta property=\"og:title\" content=\"Encuentra tus comisiones - Happy Adventurers\" \/>\n<meta property=\"og:description\" content=\"Encuentra tus comisiones\" \/>\n<meta property=\"og:url\" content=\"https:\/\/happyadventurers.com\/es\/preguntas-comisiones\/\" \/>\n<meta property=\"og:site_name\" content=\"Happy Adventurers\" \/>\n<meta property=\"article:modified_time\" content=\"2023-11-18T21:46:49+00:00\" \/>\n<meta property=\"og:image\" content=\"http:\/\/happyadventurers.com\/wp-content\/uploads\/2023\/04\/knowledge-g9bb457fe1_1920.jpg\" \/>\n\t<meta property=\"og:image:width\" content=\"1920\" \/>\n\t<meta property=\"og:image:height\" content=\"1080\" \/>\n\t<meta property=\"og:image:type\" content=\"image\/jpeg\" \/>\n<meta name=\"twitter:card\" content=\"summary_large_image\" \/>\n<meta name=\"twitter:label1\" content=\"Tiempo de lectura\" \/>\n\t<meta name=\"twitter:data1\" content=\"1 minuto\" \/>\n<script type=\"application\/ld+json\" class=\"yoast-schema-graph\">{\"@context\":\"https:\\\/\\\/schema.org\",\"@graph\":[{\"@type\":\"WebPage\",\"@id\":\"https:\\\/\\\/happyadventurers.com\\\/preguntas-comisiones\\\/\",\"url\":\"https:\\\/\\\/happyadventurers.com\\\/preguntas-comisiones\\\/\",\"name\":\"Encuentra tus comisiones - Happy Adventurers\",\"isPartOf\":{\"@id\":\"https:\\\/\\\/happyadventurers.com\\\/#website\"},\"primaryImageOfPage\":{\"@id\":\"https:\\\/\\\/happyadventurers.com\\\/preguntas-comisiones\\\/#primaryimage\"},\"image\":{\"@id\":\"https:\\\/\\\/happyadventurers.com\\\/preguntas-comisiones\\\/#primaryimage\"},\"thumbnailUrl\":\"https:\\\/\\\/happyadventurers.com\\\/wp-content\\\/uploads\\\/2023\\\/04\\\/knowledge-g9bb457fe1_1920.jpg\",\"datePublished\":\"2023-11-18T21:17:36+00:00\",\"dateModified\":\"2023-11-18T21:46:49+00:00\",\"breadcrumb\":{\"@id\":\"https:\\\/\\\/happyadventurers.com\\\/preguntas-comisiones\\\/#breadcrumb\"},\"inLanguage\":\"es\",\"potentialAction\":[{\"@type\":\"ReadAction\",\"target\":[\"https:\\\/\\\/happyadventurers.com\\\/preguntas-comisiones\\\/\"]}]},{\"@type\":\"ImageObject\",\"inLanguage\":\"es\",\"@id\":\"https:\\\/\\\/happyadventurers.com\\\/preguntas-comisiones\\\/#primaryimage\",\"url\":\"https:\\\/\\\/happyadventurers.com\\\/wp-content\\\/uploads\\\/2023\\\/04\\\/knowledge-g9bb457fe1_1920.jpg\",\"contentUrl\":\"https:\\\/\\\/happyadventurers.com\\\/wp-content\\\/uploads\\\/2023\\\/04\\\/knowledge-g9bb457fe1_1920.jpg\",\"width\":1920,\"height\":1080},{\"@type\":\"BreadcrumbList\",\"@id\":\"https:\\\/\\\/happyadventurers.com\\\/preguntas-comisiones\\\/#breadcrumb\",\"itemListElement\":[{\"@type\":\"ListItem\",\"position\":1,\"name\":\"Home\",\"item\":\"https:\\\/\\\/happyadventurers.com\\\/\"},{\"@type\":\"ListItem\",\"position\":2,\"name\":\"Encuentra tus comisiones\"}]},{\"@type\":\"WebSite\",\"@id\":\"https:\\\/\\\/happyadventurers.com\\\/#website\",\"url\":\"https:\\\/\\\/happyadventurers.com\\\/\",\"name\":\"Happy Adventurers\",\"description\":\"The Fun Travel Agency\",\"publisher\":{\"@id\":\"https:\\\/\\\/happyadventurers.com\\\/#organization\"},\"potentialAction\":[{\"@type\":\"SearchAction\",\"target\":{\"@type\":\"EntryPoint\",\"urlTemplate\":\"https:\\\/\\\/happyadventurers.com\\\/?s={search_term_string}\"},\"query-input\":{\"@type\":\"PropertyValueSpecification\",\"valueRequired\":true,\"valueName\":\"search_term_string\"}}],\"inLanguage\":\"es\"},{\"@type\":\"Organization\",\"@id\":\"https:\\\/\\\/happyadventurers.com\\\/#organization\",\"name\":\"Happy Adventurers\",\"url\":\"https:\\\/\\\/happyadventurers.com\\\/\",\"logo\":{\"@type\":\"ImageObject\",\"inLanguage\":\"es\",\"@id\":\"https:\\\/\\\/happyadventurers.com\\\/#\\\/schema\\\/logo\\\/image\\\/\",\"url\":\"https:\\\/\\\/happyadventurers.com\\\/wp-content\\\/uploads\\\/2022\\\/04\\\/Logo-Oficial-nocastle.png\",\"contentUrl\":\"https:\\\/\\\/happyadventurers.com\\\/wp-content\\\/uploads\\\/2022\\\/04\\\/Logo-Oficial-nocastle.png\",\"width\":655,\"height\":540,\"caption\":\"Happy Adventurers\"},\"image\":{\"@id\":\"https:\\\/\\\/happyadventurers.com\\\/#\\\/schema\\\/logo\\\/image\\\/\"}}]}<\/script>\n<!-- \/ Yoast SEO plugin. -->","yoast_head_json":{"title":"Encuentra tus comisiones - Happy Adventurers","robots":{"index":"index","follow":"follow","max-snippet":"max-snippet:-1","max-image-preview":"max-image-preview:large","max-video-preview":"max-video-preview:-1"},"canonical":"https:\/\/happyadventurers.com\/es\/preguntas-comisiones\/","og_locale":"es_MX","og_type":"article","og_title":"Encuentra tus comisiones - Happy Adventurers","og_description":"Encuentra tus comisiones","og_url":"https:\/\/happyadventurers.com\/es\/preguntas-comisiones\/","og_site_name":"Happy Adventurers","article_modified_time":"2023-11-18T21:46:49+00:00","og_image":[{"width":1920,"height":1080,"url":"http:\/\/happyadventurers.com\/wp-content\/uploads\/2023\/04\/knowledge-g9bb457fe1_1920.jpg","type":"image\/jpeg"}],"twitter_card":"summary_large_image","twitter_misc":{"Tiempo de lectura":"1 minuto"},"schema":{"@context":"https:\/\/schema.org","@graph":[{"@type":"WebPage","@id":"https:\/\/happyadventurers.com\/preguntas-comisiones\/","url":"https:\/\/happyadventurers.com\/preguntas-comisiones\/","name":"Encuentra tus comisiones - Happy Adventurers","isPartOf":{"@id":"https:\/\/happyadventurers.com\/#website"},"primaryImageOfPage":{"@id":"https:\/\/happyadventurers.com\/preguntas-comisiones\/#primaryimage"},"image":{"@id":"https:\/\/happyadventurers.com\/preguntas-comisiones\/#primaryimage"},"thumbnailUrl":"https:\/\/happyadventurers.com\/wp-content\/uploads\/2023\/04\/knowledge-g9bb457fe1_1920.jpg","datePublished":"2023-11-18T21:17:36+00:00","dateModified":"2023-11-18T21:46:49+00:00","breadcrumb":{"@id":"https:\/\/happyadventurers.com\/preguntas-comisiones\/#breadcrumb"},"inLanguage":"es","potentialAction":[{"@type":"ReadAction","target":["https:\/\/happyadventurers.com\/preguntas-comisiones\/"]}]},{"@type":"ImageObject","inLanguage":"es","@id":"https:\/\/happyadventurers.com\/preguntas-comisiones\/#primaryimage","url":"https:\/\/happyadventurers.com\/wp-content\/uploads\/2023\/04\/knowledge-g9bb457fe1_1920.jpg","contentUrl":"https:\/\/happyadventurers.com\/wp-content\/uploads\/2023\/04\/knowledge-g9bb457fe1_1920.jpg","width":1920,"height":1080},{"@type":"BreadcrumbList","@id":"https:\/\/happyadventurers.com\/preguntas-comisiones\/#breadcrumb","itemListElement":[{"@type":"ListItem","position":1,"name":"Home","item":"https:\/\/happyadventurers.com\/"},{"@type":"ListItem","position":2,"name":"Encuentra tus comisiones"}]},{"@type":"WebSite","@id":"https:\/\/happyadventurers.com\/#website","url":"https:\/\/happyadventurers.com\/","name":"Happy Adventurers","description":"The Fun Travel Agency","publisher":{"@id":"https:\/\/happyadventurers.com\/#organization"},"potentialAction":[{"@type":"SearchAction","target":{"@type":"EntryPoint","urlTemplate":"https:\/\/happyadventurers.com\/?s={search_term_string}"},"query-input":{"@type":"PropertyValueSpecification","valueRequired":true,"valueName":"search_term_string"}}],"inLanguage":"es"},{"@type":"Organization","@id":"https:\/\/happyadventurers.com\/#organization","name":"Happy Adventurers","url":"https:\/\/happyadventurers.com\/","logo":{"@type":"ImageObject","inLanguage":"es","@id":"https:\/\/happyadventurers.com\/#\/schema\/logo\/image\/","url":"https:\/\/happyadventurers.com\/wp-content\/uploads\/2022\/04\/Logo-Oficial-nocastle.png","contentUrl":"https:\/\/happyadventurers.com\/wp-content\/uploads\/2022\/04\/Logo-Oficial-nocastle.png","width":655,"height":540,"caption":"Happy Adventurers"},"image":{"@id":"https:\/\/happyadventurers.com\/#\/schema\/logo\/image\/"}}]}},"_links":{"self":[{"href":"https:\/\/happyadventurers.com\/es\/wp-json\/wp\/v2\/pages\/3544","targetHints":{"allow":["GET"]}}],"collection":[{"href":"https:\/\/happyadventurers.com\/es\/wp-json\/wp\/v2\/pages"}],"about":[{"href":"https:\/\/happyadventurers.com\/es\/wp-json\/wp\/v2\/types\/page"}],"author":[{"embeddable":true,"href":"https:\/\/happyadventurers.com\/es\/wp-json\/wp\/v2\/users\/1"}],"replies":[{"embeddable":true,"href":"https:\/\/happyadventurers.com\/es\/wp-json\/wp\/v2\/comments?post=3544"}],"version-history":[{"count":4,"href":"https:\/\/happyadventurers.com\/es\/wp-json\/wp\/v2\/pages\/3544\/revisions"}],"predecessor-version":[{"id":3561,"href":"https:\/\/happyadventurers.com\/es\/wp-json\/wp\/v2\/pages\/3544\/revisions\/3561"}],"wp:featuredmedia":[{"embeddable":true,"href":"https:\/\/happyadventurers.com\/es\/wp-json\/wp\/v2\/media\/2150"}],"wp:attachment":[{"href":"https:\/\/happyadventurers.com\/es\/wp-json\/wp\/v2\/media?parent=3544"}],"curies":[{"name":"wp","href":"https:\/\/api.w.org\/{rel}","templated":true}]}}