{"id":1347,"date":"2023-01-14T00:10:02","date_gmt":"2023-01-14T00:10:02","guid":{"rendered":"https:\/\/happyadventurers.com\/?page_id=1347"},"modified":"2023-11-08T01:00:36","modified_gmt":"2023-11-08T01:00:36","slug":"creador-de-link-newsletter","status":"publish","type":"page","link":"https:\/\/happyadventurers.com\/es\/creador-de-link-newsletter\/","title":{"rendered":"Creador de Link Newsletter"},"content":{"rendered":"\n<h2 class=\"wp-block-heading\">Creador de Link Newsletter<\/h2>\n\n\n\n<p>Crea tu link personal para que tus clientes se suscriban al newsletter y sean invitados a reservar contigo su pr\u00f3ximo viaje.<\/p>\n\n\n<div class=\"wpforms-container wpforms-container-full\" id=\"wpforms-1341\"><form id=\"wpforms-form-1341\" class=\"wpforms-validate wpforms-form wpforms-ajax-form\" data-formid=\"1341\" method=\"post\" enctype=\"multipart\/form-data\" action=\"\/es\/wp-json\/wp\/v2\/pages\/1347\" data-token=\"bf12c907d8eaef48707210e45c9ea565\" data-token-time=\"1777006936\"><noscript class=\"wpforms-error-noscript\">Por favor, activa JavaScript en tu navegador para completar este formulario.<\/noscript><div class=\"wpforms-field-container\"><div id=\"wpforms-1341-field_1-container\" class=\"wpforms-field wpforms-field-text\" data-field-type=\"text\" data-field-id=\"1\"><label class=\"wpforms-field-label\" for=\"wpforms-1341-field_1\">Nombre completo del agente <span class=\"wpforms-required-label\">*<\/span><\/label><input type=\"text\" id=\"wpforms-1341-field_1\" class=\"wpforms-field-large wpforms-field-required\" name=\"wpforms[fields][1]\" required><\/div><div id=\"wpforms-1341-field_2-container\" class=\"wpforms-field wpforms-field-text\" data-field-type=\"text\" data-field-id=\"2\"><label class=\"wpforms-field-label\" for=\"wpforms-1341-field_2\">Correo electr\u00f3nico del agente <span class=\"wpforms-required-label\">*<\/span><\/label><input type=\"text\" id=\"wpforms-1341-field_2\" class=\"wpforms-field-large wpforms-field-required\" name=\"wpforms[fields][2]\" required><\/div><div id=\"wpforms-1341-field_6-container\" class=\"wpforms-field wpforms-field-url\" data-field-type=\"url\" data-field-id=\"6\"><label class=\"wpforms-field-label\" for=\"wpforms-1341-field_6\">Link para agendar llamada o Link de WhatsApp <span class=\"wpforms-required-label\">*<\/span><\/label><input type=\"url\" id=\"wpforms-1341-field_6\" class=\"wpforms-field-large wpforms-field-required\" name=\"wpforms[fields][6]\" required><div class=\"wpforms-field-description\">Tus clientes tendr\u00e1n la opci\u00f3n de presionar un bot\u00f3n que los llevar\u00e1 directo a tu p\u00e1gina para agendar una llamada o contactarte v\u00eda WhatsApp.<\/div><\/div><div id=\"wpforms-1341-field_4-container\" class=\"wpforms-field wpforms-field-phone\" data-field-type=\"phone\" data-field-id=\"4\"><label class=\"wpforms-field-label\" for=\"wpforms-1341-field_4\">Tel\u00e9fono del agente <span class=\"wpforms-required-label\">*<\/span><\/label><input type=\"tel\" id=\"wpforms-1341-field_4\" class=\"wpforms-field-large wpforms-field-required wpforms-smart-phone-field\" data-rule-smart-phone-field=\"true\" name=\"wpforms[fields][4]\" aria-label=\"Tel\u00e9fono del agente\" required><div class=\"wpforms-field-description\">Incluye c\u00f3digo de pa\u00eds. El tel\u00e9fono se compartir\u00e1 con tus clientes tal cual lo estipules aqu\u00ed. Aseg\u00farate de que sea correcto.<\/div><\/div><\/div><!-- .wpforms-field-container --><div class=\"wpforms-submit-container\" ><input type=\"hidden\" name=\"wpforms[id]\" value=\"1341\"><input type=\"hidden\" name=\"page_title\" value=\"\"><input type=\"hidden\" name=\"page_url\" value=\"https:\/\/happyadventurers.com\/es\/wp-json\/wp\/v2\/pages\/1347\"><input type=\"hidden\" name=\"url_referer\" value=\"\"><button type=\"submit\" name=\"wpforms[submit]\" id=\"wpforms-submit-1341\" class=\"wpforms-submit\" data-alt-text=\"Creando...\" data-submit-text=\"Crear Link Personalizado\" aria-live=\"assertive\" value=\"wpforms-submit\">Crear Link Personalizado<\/button><img decoding=\"async\" data-src=\"https:\/\/happyadventurers.com\/wp-content\/plugins\/wpforms\/assets\/images\/submit-spin.svg\" class=\"wpforms-submit-spinner lazyload\" style=\"--smush-placeholder-width: 26px; --smush-placeholder-aspect-ratio: 26\/26;display: none;\" width=\"26\" height=\"26\" alt=\"Cargando\" src=\"data:image\/svg+xml;base64,PHN2ZyB3aWR0aD0iMSIgaGVpZ2h0PSIxIiB4bWxucz0iaHR0cDovL3d3dy53My5vcmcvMjAwMC9zdmciPjwvc3ZnPg==\"><\/div><\/form><\/div>  <!-- .wpforms-container -->\n","protected":false},"excerpt":{"rendered":"<p>Creador de Link Newsletter Crea tu link personal para que tus clientes se suscriban al&hellip;<\/p>","protected":false},"author":1,"featured_media":3464,"parent":0,"menu_order":0,"comment_status":"closed","ping_status":"closed","template":"","meta":{"_acf_changed":false,"footnotes":""},"class_list":["post-1347","page","type-page","status-publish","has-post-thumbnail","hentry"],"acf":[],"yoast_head":"<!-- This site is optimized with the Yoast SEO plugin v27.4 - https:\/\/yoast.com\/product\/yoast-seo-wordpress\/ -->\n<title>Creador de Link Newsletter - Happy Adventurers<\/title>\n<meta name=\"robots\" content=\"index, follow, max-snippet:-1, max-image-preview:large, max-video-preview:-1\" \/>\n<link rel=\"canonical\" href=\"https:\/\/happyadventurers.com\/es\/creador-de-link-newsletter\/\" \/>\n<meta property=\"og:locale\" content=\"es_MX\" \/>\n<meta property=\"og:type\" content=\"article\" \/>\n<meta property=\"og:title\" content=\"Creador de Link Newsletter - Happy Adventurers\" \/>\n<meta property=\"og:description\" content=\"Creador de Link Newsletter Crea tu link personal para que tus clientes se suscriban al&hellip;\" \/>\n<meta property=\"og:url\" content=\"https:\/\/happyadventurers.com\/es\/creador-de-link-newsletter\/\" \/>\n<meta property=\"og:site_name\" content=\"Happy Adventurers\" \/>\n<meta property=\"article:modified_time\" content=\"2023-11-08T01:00:36+00:00\" \/>\n<meta property=\"og:image\" content=\"http:\/\/happyadventurers.com\/wp-content\/uploads\/2023\/11\/john-matychuk-Af8ZjGMsHKQ-unsplash-scaled.jpg\" \/>\n\t<meta property=\"og:image:width\" content=\"2560\" \/>\n\t<meta property=\"og:image:height\" content=\"1707\" \/>\n\t<meta property=\"og:image:type\" content=\"image\/jpeg\" \/>\n<meta name=\"twitter:card\" content=\"summary_large_image\" \/>\n<meta name=\"twitter:label1\" content=\"Tiempo de lectura\" \/>\n\t<meta name=\"twitter:data1\" content=\"1 minuto\" \/>\n<script type=\"application\/ld+json\" class=\"yoast-schema-graph\">{\"@context\":\"https:\\\/\\\/schema.org\",\"@graph\":[{\"@type\":\"WebPage\",\"@id\":\"https:\\\/\\\/happyadventurers.com\\\/creador-de-link-newsletter\\\/\",\"url\":\"https:\\\/\\\/happyadventurers.com\\\/creador-de-link-newsletter\\\/\",\"name\":\"Creador de Link Newsletter - Happy Adventurers\",\"isPartOf\":{\"@id\":\"https:\\\/\\\/happyadventurers.com\\\/#website\"},\"primaryImageOfPage\":{\"@id\":\"https:\\\/\\\/happyadventurers.com\\\/creador-de-link-newsletter\\\/#primaryimage\"},\"image\":{\"@id\":\"https:\\\/\\\/happyadventurers.com\\\/creador-de-link-newsletter\\\/#primaryimage\"},\"thumbnailUrl\":\"https:\\\/\\\/happyadventurers.com\\\/wp-content\\\/uploads\\\/2023\\\/11\\\/john-matychuk-Af8ZjGMsHKQ-unsplash-scaled.jpg\",\"datePublished\":\"2023-01-14T00:10:02+00:00\",\"dateModified\":\"2023-11-08T01:00:36+00:00\",\"breadcrumb\":{\"@id\":\"https:\\\/\\\/happyadventurers.com\\\/creador-de-link-newsletter\\\/#breadcrumb\"},\"inLanguage\":\"es\",\"potentialAction\":[{\"@type\":\"ReadAction\",\"target\":[\"https:\\\/\\\/happyadventurers.com\\\/creador-de-link-newsletter\\\/\"]}]},{\"@type\":\"ImageObject\",\"inLanguage\":\"es\",\"@id\":\"https:\\\/\\\/happyadventurers.com\\\/creador-de-link-newsletter\\\/#primaryimage\",\"url\":\"https:\\\/\\\/happyadventurers.com\\\/wp-content\\\/uploads\\\/2023\\\/11\\\/john-matychuk-Af8ZjGMsHKQ-unsplash-scaled.jpg\",\"contentUrl\":\"https:\\\/\\\/happyadventurers.com\\\/wp-content\\\/uploads\\\/2023\\\/11\\\/john-matychuk-Af8ZjGMsHKQ-unsplash-scaled.jpg\",\"width\":2560,\"height\":1707},{\"@type\":\"BreadcrumbList\",\"@id\":\"https:\\\/\\\/happyadventurers.com\\\/creador-de-link-newsletter\\\/#breadcrumb\",\"itemListElement\":[{\"@type\":\"ListItem\",\"position\":1,\"name\":\"Home\",\"item\":\"https:\\\/\\\/happyadventurers.com\\\/\"},{\"@type\":\"ListItem\",\"position\":2,\"name\":\"Creador de Link Newsletter\"}]},{\"@type\":\"WebSite\",\"@id\":\"https:\\\/\\\/happyadventurers.com\\\/#website\",\"url\":\"https:\\\/\\\/happyadventurers.com\\\/\",\"name\":\"Happy Adventurers\",\"description\":\"The Fun Travel Agency\",\"publisher\":{\"@id\":\"https:\\\/\\\/happyadventurers.com\\\/#organization\"},\"potentialAction\":[{\"@type\":\"SearchAction\",\"target\":{\"@type\":\"EntryPoint\",\"urlTemplate\":\"https:\\\/\\\/happyadventurers.com\\\/?s={search_term_string}\"},\"query-input\":{\"@type\":\"PropertyValueSpecification\",\"valueRequired\":true,\"valueName\":\"search_term_string\"}}],\"inLanguage\":\"es\"},{\"@type\":\"Organization\",\"@id\":\"https:\\\/\\\/happyadventurers.com\\\/#organization\",\"name\":\"Happy Adventurers\",\"url\":\"https:\\\/\\\/happyadventurers.com\\\/\",\"logo\":{\"@type\":\"ImageObject\",\"inLanguage\":\"es\",\"@id\":\"https:\\\/\\\/happyadventurers.com\\\/#\\\/schema\\\/logo\\\/image\\\/\",\"url\":\"https:\\\/\\\/happyadventurers.com\\\/wp-content\\\/uploads\\\/2022\\\/04\\\/Logo-Oficial-nocastle.png\",\"contentUrl\":\"https:\\\/\\\/happyadventurers.com\\\/wp-content\\\/uploads\\\/2022\\\/04\\\/Logo-Oficial-nocastle.png\",\"width\":655,\"height\":540,\"caption\":\"Happy Adventurers\"},\"image\":{\"@id\":\"https:\\\/\\\/happyadventurers.com\\\/#\\\/schema\\\/logo\\\/image\\\/\"}}]}<\/script>\n<!-- \/ Yoast SEO plugin. -->","yoast_head_json":{"title":"Creador de Link Newsletter - Happy Adventurers","robots":{"index":"index","follow":"follow","max-snippet":"max-snippet:-1","max-image-preview":"max-image-preview:large","max-video-preview":"max-video-preview:-1"},"canonical":"https:\/\/happyadventurers.com\/es\/creador-de-link-newsletter\/","og_locale":"es_MX","og_type":"article","og_title":"Creador de Link Newsletter - Happy Adventurers","og_description":"Creador de Link Newsletter Crea tu link personal para que tus clientes se suscriban al&hellip;","og_url":"https:\/\/happyadventurers.com\/es\/creador-de-link-newsletter\/","og_site_name":"Happy Adventurers","article_modified_time":"2023-11-08T01:00:36+00:00","og_image":[{"width":2560,"height":1707,"url":"http:\/\/happyadventurers.com\/wp-content\/uploads\/2023\/11\/john-matychuk-Af8ZjGMsHKQ-unsplash-scaled.jpg","type":"image\/jpeg"}],"twitter_card":"summary_large_image","twitter_misc":{"Tiempo de lectura":"1 minuto"},"schema":{"@context":"https:\/\/schema.org","@graph":[{"@type":"WebPage","@id":"https:\/\/happyadventurers.com\/creador-de-link-newsletter\/","url":"https:\/\/happyadventurers.com\/creador-de-link-newsletter\/","name":"Creador de Link Newsletter - Happy Adventurers","isPartOf":{"@id":"https:\/\/happyadventurers.com\/#website"},"primaryImageOfPage":{"@id":"https:\/\/happyadventurers.com\/creador-de-link-newsletter\/#primaryimage"},"image":{"@id":"https:\/\/happyadventurers.com\/creador-de-link-newsletter\/#primaryimage"},"thumbnailUrl":"https:\/\/happyadventurers.com\/wp-content\/uploads\/2023\/11\/john-matychuk-Af8ZjGMsHKQ-unsplash-scaled.jpg","datePublished":"2023-01-14T00:10:02+00:00","dateModified":"2023-11-08T01:00:36+00:00","breadcrumb":{"@id":"https:\/\/happyadventurers.com\/creador-de-link-newsletter\/#breadcrumb"},"inLanguage":"es","potentialAction":[{"@type":"ReadAction","target":["https:\/\/happyadventurers.com\/creador-de-link-newsletter\/"]}]},{"@type":"ImageObject","inLanguage":"es","@id":"https:\/\/happyadventurers.com\/creador-de-link-newsletter\/#primaryimage","url":"https:\/\/happyadventurers.com\/wp-content\/uploads\/2023\/11\/john-matychuk-Af8ZjGMsHKQ-unsplash-scaled.jpg","contentUrl":"https:\/\/happyadventurers.com\/wp-content\/uploads\/2023\/11\/john-matychuk-Af8ZjGMsHKQ-unsplash-scaled.jpg","width":2560,"height":1707},{"@type":"BreadcrumbList","@id":"https:\/\/happyadventurers.com\/creador-de-link-newsletter\/#breadcrumb","itemListElement":[{"@type":"ListItem","position":1,"name":"Home","item":"https:\/\/happyadventurers.com\/"},{"@type":"ListItem","position":2,"name":"Creador de Link Newsletter"}]},{"@type":"WebSite","@id":"https:\/\/happyadventurers.com\/#website","url":"https:\/\/happyadventurers.com\/","name":"Happy Adventurers","description":"The Fun Travel Agency","publisher":{"@id":"https:\/\/happyadventurers.com\/#organization"},"potentialAction":[{"@type":"SearchAction","target":{"@type":"EntryPoint","urlTemplate":"https:\/\/happyadventurers.com\/?s={search_term_string}"},"query-input":{"@type":"PropertyValueSpecification","valueRequired":true,"valueName":"search_term_string"}}],"inLanguage":"es"},{"@type":"Organization","@id":"https:\/\/happyadventurers.com\/#organization","name":"Happy Adventurers","url":"https:\/\/happyadventurers.com\/","logo":{"@type":"ImageObject","inLanguage":"es","@id":"https:\/\/happyadventurers.com\/#\/schema\/logo\/image\/","url":"https:\/\/happyadventurers.com\/wp-content\/uploads\/2022\/04\/Logo-Oficial-nocastle.png","contentUrl":"https:\/\/happyadventurers.com\/wp-content\/uploads\/2022\/04\/Logo-Oficial-nocastle.png","width":655,"height":540,"caption":"Happy Adventurers"},"image":{"@id":"https:\/\/happyadventurers.com\/#\/schema\/logo\/image\/"}}]}},"_links":{"self":[{"href":"https:\/\/happyadventurers.com\/es\/wp-json\/wp\/v2\/pages\/1347","targetHints":{"allow":["GET"]}}],"collection":[{"href":"https:\/\/happyadventurers.com\/es\/wp-json\/wp\/v2\/pages"}],"about":[{"href":"https:\/\/happyadventurers.com\/es\/wp-json\/wp\/v2\/types\/page"}],"author":[{"embeddable":true,"href":"https:\/\/happyadventurers.com\/es\/wp-json\/wp\/v2\/users\/1"}],"replies":[{"embeddable":true,"href":"https:\/\/happyadventurers.com\/es\/wp-json\/wp\/v2\/comments?post=1347"}],"version-history":[{"count":2,"href":"https:\/\/happyadventurers.com\/es\/wp-json\/wp\/v2\/pages\/1347\/revisions"}],"predecessor-version":[{"id":3467,"href":"https:\/\/happyadventurers.com\/es\/wp-json\/wp\/v2\/pages\/1347\/revisions\/3467"}],"wp:featuredmedia":[{"embeddable":true,"href":"https:\/\/happyadventurers.com\/es\/wp-json\/wp\/v2\/media\/3464"}],"wp:attachment":[{"href":"https:\/\/happyadventurers.com\/es\/wp-json\/wp\/v2\/media?parent=1347"}],"curies":[{"name":"wp","href":"https:\/\/api.w.org\/{rel}","templated":true}]}}