{"id":1161,"date":"2022-12-02T17:26:57","date_gmt":"2022-12-02T17:26:57","guid":{"rendered":"https:\/\/happyadventurers.com\/?page_id=1161"},"modified":"2023-02-08T14:43:07","modified_gmt":"2023-02-08T14:43:07","slug":"como-ser-agente-de-viajes-disney","status":"publish","type":"page","link":"https:\/\/happyadventurers.com\/es\/como-ser-agente-de-viajes-disney\/","title":{"rendered":"\u00bfC\u00f3mo ser agente de viajes Disney?"},"content":{"rendered":"<p>\u00bfSab\u00edas que ser agente de viajes Disney es posible y es m\u00e1s f\u00e1cil de lo que parece? Aqu\u00ed te vamos a ense\u00f1ar todo lo que tienes que saber para iniciar tu carrera como agente de viajes y para que decidas si ser agente de viajes Disney es para ti.<\/p>\n\n\n\n<div class=\"wp-block-image\"><figure class=\"aligncenter size-large\"><img fetchpriority=\"high\" decoding=\"async\" width=\"1024\" height=\"751\" src=\"https:\/\/happyadventurers.com\/wp-content\/uploads\/2022\/12\/heather-maguire-QIUR-K3YgDk-unsplash-1024x751.jpg\" alt=\"En este post sabr\u00e1s c\u00f3mo ser agente de viajes disney\" class=\"wp-image-1165\" srcset=\"https:\/\/happyadventurers.com\/wp-content\/uploads\/2022\/12\/heather-maguire-QIUR-K3YgDk-unsplash-1024x751.jpg 1024w, https:\/\/happyadventurers.com\/wp-content\/uploads\/2022\/12\/heather-maguire-QIUR-K3YgDk-unsplash-300x220.jpg 300w, https:\/\/happyadventurers.com\/wp-content\/uploads\/2022\/12\/heather-maguire-QIUR-K3YgDk-unsplash-768x564.jpg 768w, https:\/\/happyadventurers.com\/wp-content\/uploads\/2022\/12\/heather-maguire-QIUR-K3YgDk-unsplash-1536x1127.jpg 1536w, https:\/\/happyadventurers.com\/wp-content\/uploads\/2022\/12\/heather-maguire-QIUR-K3YgDk-unsplash-2048x1503.jpg 2048w\" sizes=\"(max-width: 1024px) 100vw, 1024px\" \/><\/figure><\/div>\n\n\n\n<h2 class=\"wp-block-heading\">\u00bfQu\u00e9 necesito para ser agente de viajes Disney?<\/h2>\n\n\n\n<p>Lo primero para responder a la pregunta de c\u00f3mo ser agente de viajes Disney es saber qu\u00e9 se necesita para serlo. Lo m\u00e1s importante es que seas un apasionado de Disney. No tienes que ser experto en los parques para ser agente de viajes Disney, ni tampoco es necesario que los hayas visitado \u2014aunque haberlo hecho seguro es un s\u00faper plus.<\/p>\n\n\n\n<p>El principal requisito es ser muy organizado. Al final tus clientes depender\u00e1n de tu capacidad de organizaci\u00f3n para tener unas vacaciones inolvidables. Tambi\u00e9n te recomendamos tener una computadora, es m\u00e1s f\u00e1cil utilizar las herramientas en una computadora que en un dispositivo m\u00f3vil.<\/p>\n\n\n\n<h2 class=\"wp-block-heading\">\u00bfC\u00f3mo doy el primer paso para ser agente de viajes Disney?<\/h2>\n\n\n\n<p>B\u00e1sicamente tienes dos opciones, establecer una relaci\u00f3n directamente con Disney o unirte a una agencia de viajes certificada por Disney.&nbsp;<\/p>\n\n\n\n<p>Establecer una relaci\u00f3n directamente con Disney es posible, pero no es tan sencillo. Tendr\u00e1s formar tu agencia de viajes, y durante tu aplicaci\u00f3n; demostrar tu trayectoria dentro de la industria del turismo.<\/p>\n\n\n\n<p>Por eso nuestra recomendaci\u00f3n ser\u00eda unirte a una agencia de viajes certificada por Disney. Hay diferentes programas disponibles, por ejemplo; hay agencias que se concentran en tener esquemas piramidales. En estas agencias, el enfoque de los agentes no es reservar viajes a Disney sino unir a m\u00e1s agentes debajo de ellos para ganar.<\/p>\n\n\n\n<p>Si a ti lo que realmente te interesa es ayudarle a familias y grupos a planear su viaje a Disney para que tengan unas vacaciones inolvidables, entonces te recomendamos este <a href=\"https:\/\/agentes.happyadventurers.com\/p\/agentes-de-viajes-certificados\">programa de agente de viajes certificado especializado en Disney<\/a>. En este v\u00ednculo te explican c\u00f3mo ser agente de viajes Disney.<\/p>\n\n\n\n<p>En este programa podr\u00e1s ser agente de viajes Disney, podr\u00e1s certificarte tanto con la agencia como con Disney y tendr\u00e1s acceso a una serie de beneficios que no podr\u00edas obtener de ninguna otra manera.<\/p>\n\n\n\n<h2 class=\"wp-block-heading\">\u00bfCu\u00e1nto gana un agente de viajes Disney?<\/h2>\n\n\n\n<p>Una de las ventajas de ser agente de viajes Disney es que le puedes dedicar las horas que desees y hacerlo en los momentos que mejor se acomoden a tu agenda. El ingreso de cada agente depender\u00e1 del tiempo que le dedique y de su efectividad al trabajar.&nbsp;<\/p>\n\n\n\n<p>Por fortuna en el programa de <a href=\"https:\/\/agentes.happyadventurers.com\/p\/agentes-de-viajes-certificados\">agente de viajes certificado<\/a> que te recomendamos, tendr\u00e1s acceso a un entrenamiento s\u00faper completo, donde te ense\u00f1ar\u00e1n desde c\u00f3mo utilizar cada herramienta, hasta c\u00f3mo obtener clientes potenciales de manera consistente a trav\u00e9s de varios canales.<\/p>\n\n\n\n<p>En promedio los agentes de viajes Disney pueden estar ganando entre $500 y $5,000 d\u00f3lares al mes. Todo depender\u00e1 del tiempo y habilidades del propio agente.<\/p>\n\n\n\n<h2 class=\"wp-block-heading\">\u00bfQu\u00e9 otros beneficios obtengo al ser agente de viajes Disney?<\/h2>\n\n\n\n<p>Quiz\u00e1 una de las cosas m\u00e1s emocionantes de ser agente de viajes Disney es el portafolio de beneficios que te da. Adem\u00e1s de estar ganando dinero, y hacerlo desde cualquier parte del mundo, con una libertad total en cuanto horarios; los agentes de viajes Disney tienen acceso al programa de descuentos exclusivos para agentes de viajes.&nbsp;<\/p>\n\n\n\n<p>Por ejemplo, Disney hace hasta un 80% de descuento en Disney Cruise Line, 50% de descuento en hospedaje en Walt Disney World y Disneyland, ticket gratis para Disneyland y descuentos en tus tickets para Walt Disney World.<\/p>\n\n\n\n<p>As\u00ed que no solo estar\u00e1s ganando dinero, sino que con estos descuentos, podr\u00e1s viajar m\u00e1s seguido a cualquiera de los destinos Disney en los Estados Unidos.<\/p>\n\n\n\n<h2 class=\"wp-block-heading\">\u00bfObtengo una certificaci\u00f3n?<\/h2>\n\n\n\n<p>Depende del convenio que tenga la agencia con Disney, sus agentes tendr\u00e1n acceso al College of Disney Knowledge. Este programa de certificaci\u00f3n dise\u00f1ado por Disney, le permite a los agentes, conocer todos los detalles de cada uno de los destinos Disney de los Estados Unidos.<\/p>\n\n\n\n<p>No todas las agencias tienen dentro de su convenio acceso a este programa, as\u00ed que te recomendamos verificarlo primero.<\/p>\n\n\n\n<p>Descubre c\u00f3mo <a href=\"https:\/\/happyadventurers.com\/es\/happy-adventurers-es-confiable\/\" target=\"_blank\" rel=\"noreferrer noopener\">Happy Adventurers<\/a> puede ayudarte a impulsar tu carrera como <a href=\"https:\/\/agentes.happyadventurers.com\/p\/agentes-de-viajes-webinar\">agente de viajes Disney certificado<\/a>.<\/p>\n\n\n\n<h2 class=\"wp-block-heading\">Conclusi\u00f3n<\/h2>\n\n\n\n<p>Ser un agente de viajes Disney es uno de los trabajos m\u00e1s emocionantes. Te permitir\u00e1 trabajar desde cualquier parte del mundo, tendr\u00e1s una incre\u00edble flexibilidad de horarios, y te dar\u00e1 la oportunidad de viajar con mayor frecuencia. Si te gusta Disney y la planeaci\u00f3n de viajes, tienes lo que se necesita para tener \u00e9xito.<\/p>","protected":false},"excerpt":{"rendered":"<p>\u00bfSab\u00edas que ser agente de viajes Disney es posible y es m\u00e1s f\u00e1cil de lo&hellip;<\/p>","protected":false},"author":1,"featured_media":1162,"parent":0,"menu_order":0,"comment_status":"closed","ping_status":"closed","template":"","meta":{"_acf_changed":false,"footnotes":""},"class_list":["post-1161","page","type-page","status-publish","has-post-thumbnail","hentry"],"acf":[],"yoast_head":"<!-- This site is optimized with the Yoast SEO plugin v27.3 - https:\/\/yoast.com\/product\/yoast-seo-wordpress\/ -->\n<title>\u00bfC\u00f3mo ser agente de viajes Disney? - Happy Adventurers<\/title>\n<meta name=\"description\" content=\"En este post te contamos todo sobre c\u00f3mo ser agente de viajes Disney. Descubre cu\u00e1nto gana un agente y c\u00f3mo iniciar tu carrera.\" \/>\n<meta name=\"robots\" content=\"index, follow, max-snippet:-1, max-image-preview:large, max-video-preview:-1\" \/>\n<link rel=\"canonical\" href=\"https:\/\/happyadventurers.com\/es\/como-ser-agente-de-viajes-disney\/\" \/>\n<meta property=\"og:locale\" content=\"es_MX\" \/>\n<meta property=\"og:type\" content=\"article\" \/>\n<meta property=\"og:title\" content=\"\u00bfC\u00f3mo ser agente de viajes Disney? - Happy Adventurers\" \/>\n<meta property=\"og:description\" content=\"En este post te contamos todo sobre c\u00f3mo ser agente de viajes Disney. Descubre cu\u00e1nto gana un agente y c\u00f3mo iniciar tu carrera.\" \/>\n<meta property=\"og:url\" content=\"https:\/\/happyadventurers.com\/es\/como-ser-agente-de-viajes-disney\/\" \/>\n<meta property=\"og:site_name\" content=\"Happy Adventurers\" \/>\n<meta property=\"article:modified_time\" content=\"2023-02-08T14:43:07+00:00\" \/>\n<meta property=\"og:image\" content=\"http:\/\/happyadventurers.com\/wp-content\/uploads\/2022\/12\/tyler-nix-kxvo-c2GhwQ-unsplash-3-scaled.jpg\" \/>\n\t<meta property=\"og:image:width\" content=\"2560\" \/>\n\t<meta property=\"og:image:height\" content=\"1707\" \/>\n\t<meta property=\"og:image:type\" content=\"image\/jpeg\" \/>\n<meta name=\"twitter:card\" content=\"summary_large_image\" \/>\n<meta name=\"twitter:label1\" content=\"Tiempo de lectura\" \/>\n\t<meta name=\"twitter:data1\" content=\"4 minutos\" \/>\n<script type=\"application\/ld+json\" class=\"yoast-schema-graph\">{\"@context\":\"https:\\\/\\\/schema.org\",\"@graph\":[{\"@type\":\"WebPage\",\"@id\":\"https:\\\/\\\/happyadventurers.com\\\/como-ser-agente-de-viajes-disney\\\/\",\"url\":\"https:\\\/\\\/happyadventurers.com\\\/como-ser-agente-de-viajes-disney\\\/\",\"name\":\"\u00bfC\u00f3mo ser agente de viajes Disney? - Happy Adventurers\",\"isPartOf\":{\"@id\":\"https:\\\/\\\/happyadventurers.com\\\/#website\"},\"primaryImageOfPage\":{\"@id\":\"https:\\\/\\\/happyadventurers.com\\\/como-ser-agente-de-viajes-disney\\\/#primaryimage\"},\"image\":{\"@id\":\"https:\\\/\\\/happyadventurers.com\\\/como-ser-agente-de-viajes-disney\\\/#primaryimage\"},\"thumbnailUrl\":\"https:\\\/\\\/happyadventurers.com\\\/wp-content\\\/uploads\\\/2022\\\/12\\\/tyler-nix-kxvo-c2GhwQ-unsplash-3-scaled.jpg\",\"datePublished\":\"2022-12-02T17:26:57+00:00\",\"dateModified\":\"2023-02-08T14:43:07+00:00\",\"description\":\"En este post te contamos todo sobre c\u00f3mo ser agente de viajes Disney. Descubre cu\u00e1nto gana un agente y c\u00f3mo iniciar tu carrera.\",\"breadcrumb\":{\"@id\":\"https:\\\/\\\/happyadventurers.com\\\/como-ser-agente-de-viajes-disney\\\/#breadcrumb\"},\"inLanguage\":\"es\",\"potentialAction\":[{\"@type\":\"ReadAction\",\"target\":[\"https:\\\/\\\/happyadventurers.com\\\/como-ser-agente-de-viajes-disney\\\/\"]}]},{\"@type\":\"ImageObject\",\"inLanguage\":\"es\",\"@id\":\"https:\\\/\\\/happyadventurers.com\\\/como-ser-agente-de-viajes-disney\\\/#primaryimage\",\"url\":\"https:\\\/\\\/happyadventurers.com\\\/wp-content\\\/uploads\\\/2022\\\/12\\\/tyler-nix-kxvo-c2GhwQ-unsplash-3-scaled.jpg\",\"contentUrl\":\"https:\\\/\\\/happyadventurers.com\\\/wp-content\\\/uploads\\\/2022\\\/12\\\/tyler-nix-kxvo-c2GhwQ-unsplash-3-scaled.jpg\",\"width\":2560,\"height\":1707,\"caption\":\"Descubre C\u00f3mo ser agente de viajes Disney en este post.\"},{\"@type\":\"BreadcrumbList\",\"@id\":\"https:\\\/\\\/happyadventurers.com\\\/como-ser-agente-de-viajes-disney\\\/#breadcrumb\",\"itemListElement\":[{\"@type\":\"ListItem\",\"position\":1,\"name\":\"Home\",\"item\":\"https:\\\/\\\/happyadventurers.com\\\/\"},{\"@type\":\"ListItem\",\"position\":2,\"name\":\"\u00bfC\u00f3mo ser agente de viajes Disney?\"}]},{\"@type\":\"WebSite\",\"@id\":\"https:\\\/\\\/happyadventurers.com\\\/#website\",\"url\":\"https:\\\/\\\/happyadventurers.com\\\/\",\"name\":\"Happy Adventurers\",\"description\":\"The Fun Travel Agency\",\"publisher\":{\"@id\":\"https:\\\/\\\/happyadventurers.com\\\/#organization\"},\"potentialAction\":[{\"@type\":\"SearchAction\",\"target\":{\"@type\":\"EntryPoint\",\"urlTemplate\":\"https:\\\/\\\/happyadventurers.com\\\/?s={search_term_string}\"},\"query-input\":{\"@type\":\"PropertyValueSpecification\",\"valueRequired\":true,\"valueName\":\"search_term_string\"}}],\"inLanguage\":\"es\"},{\"@type\":\"Organization\",\"@id\":\"https:\\\/\\\/happyadventurers.com\\\/#organization\",\"name\":\"Happy Adventurers\",\"url\":\"https:\\\/\\\/happyadventurers.com\\\/\",\"logo\":{\"@type\":\"ImageObject\",\"inLanguage\":\"es\",\"@id\":\"https:\\\/\\\/happyadventurers.com\\\/#\\\/schema\\\/logo\\\/image\\\/\",\"url\":\"https:\\\/\\\/happyadventurers.com\\\/wp-content\\\/uploads\\\/2022\\\/04\\\/Logo-Oficial-nocastle.png\",\"contentUrl\":\"https:\\\/\\\/happyadventurers.com\\\/wp-content\\\/uploads\\\/2022\\\/04\\\/Logo-Oficial-nocastle.png\",\"width\":655,\"height\":540,\"caption\":\"Happy Adventurers\"},\"image\":{\"@id\":\"https:\\\/\\\/happyadventurers.com\\\/#\\\/schema\\\/logo\\\/image\\\/\"}}]}<\/script>\n<!-- \/ Yoast SEO plugin. -->","yoast_head_json":{"title":"\u00bfC\u00f3mo ser agente de viajes Disney? - Happy Adventurers","description":"En este post te contamos todo sobre c\u00f3mo ser agente de viajes Disney. Descubre cu\u00e1nto gana un agente y c\u00f3mo iniciar tu carrera.","robots":{"index":"index","follow":"follow","max-snippet":"max-snippet:-1","max-image-preview":"max-image-preview:large","max-video-preview":"max-video-preview:-1"},"canonical":"https:\/\/happyadventurers.com\/es\/como-ser-agente-de-viajes-disney\/","og_locale":"es_MX","og_type":"article","og_title":"\u00bfC\u00f3mo ser agente de viajes Disney? - Happy Adventurers","og_description":"En este post te contamos todo sobre c\u00f3mo ser agente de viajes Disney. Descubre cu\u00e1nto gana un agente y c\u00f3mo iniciar tu carrera.","og_url":"https:\/\/happyadventurers.com\/es\/como-ser-agente-de-viajes-disney\/","og_site_name":"Happy Adventurers","article_modified_time":"2023-02-08T14:43:07+00:00","og_image":[{"width":2560,"height":1707,"url":"http:\/\/happyadventurers.com\/wp-content\/uploads\/2022\/12\/tyler-nix-kxvo-c2GhwQ-unsplash-3-scaled.jpg","type":"image\/jpeg"}],"twitter_card":"summary_large_image","twitter_misc":{"Tiempo de lectura":"4 minutos"},"schema":{"@context":"https:\/\/schema.org","@graph":[{"@type":"WebPage","@id":"https:\/\/happyadventurers.com\/como-ser-agente-de-viajes-disney\/","url":"https:\/\/happyadventurers.com\/como-ser-agente-de-viajes-disney\/","name":"\u00bfC\u00f3mo ser agente de viajes Disney? - Happy Adventurers","isPartOf":{"@id":"https:\/\/happyadventurers.com\/#website"},"primaryImageOfPage":{"@id":"https:\/\/happyadventurers.com\/como-ser-agente-de-viajes-disney\/#primaryimage"},"image":{"@id":"https:\/\/happyadventurers.com\/como-ser-agente-de-viajes-disney\/#primaryimage"},"thumbnailUrl":"https:\/\/happyadventurers.com\/wp-content\/uploads\/2022\/12\/tyler-nix-kxvo-c2GhwQ-unsplash-3-scaled.jpg","datePublished":"2022-12-02T17:26:57+00:00","dateModified":"2023-02-08T14:43:07+00:00","description":"En este post te contamos todo sobre c\u00f3mo ser agente de viajes Disney. Descubre cu\u00e1nto gana un agente y c\u00f3mo iniciar tu carrera.","breadcrumb":{"@id":"https:\/\/happyadventurers.com\/como-ser-agente-de-viajes-disney\/#breadcrumb"},"inLanguage":"es","potentialAction":[{"@type":"ReadAction","target":["https:\/\/happyadventurers.com\/como-ser-agente-de-viajes-disney\/"]}]},{"@type":"ImageObject","inLanguage":"es","@id":"https:\/\/happyadventurers.com\/como-ser-agente-de-viajes-disney\/#primaryimage","url":"https:\/\/happyadventurers.com\/wp-content\/uploads\/2022\/12\/tyler-nix-kxvo-c2GhwQ-unsplash-3-scaled.jpg","contentUrl":"https:\/\/happyadventurers.com\/wp-content\/uploads\/2022\/12\/tyler-nix-kxvo-c2GhwQ-unsplash-3-scaled.jpg","width":2560,"height":1707,"caption":"Descubre C\u00f3mo ser agente de viajes Disney en este post."},{"@type":"BreadcrumbList","@id":"https:\/\/happyadventurers.com\/como-ser-agente-de-viajes-disney\/#breadcrumb","itemListElement":[{"@type":"ListItem","position":1,"name":"Home","item":"https:\/\/happyadventurers.com\/"},{"@type":"ListItem","position":2,"name":"\u00bfC\u00f3mo ser agente de viajes Disney?"}]},{"@type":"WebSite","@id":"https:\/\/happyadventurers.com\/#website","url":"https:\/\/happyadventurers.com\/","name":"Happy Adventurers","description":"The Fun Travel Agency","publisher":{"@id":"https:\/\/happyadventurers.com\/#organization"},"potentialAction":[{"@type":"SearchAction","target":{"@type":"EntryPoint","urlTemplate":"https:\/\/happyadventurers.com\/?s={search_term_string}"},"query-input":{"@type":"PropertyValueSpecification","valueRequired":true,"valueName":"search_term_string"}}],"inLanguage":"es"},{"@type":"Organization","@id":"https:\/\/happyadventurers.com\/#organization","name":"Happy Adventurers","url":"https:\/\/happyadventurers.com\/","logo":{"@type":"ImageObject","inLanguage":"es","@id":"https:\/\/happyadventurers.com\/#\/schema\/logo\/image\/","url":"https:\/\/happyadventurers.com\/wp-content\/uploads\/2022\/04\/Logo-Oficial-nocastle.png","contentUrl":"https:\/\/happyadventurers.com\/wp-content\/uploads\/2022\/04\/Logo-Oficial-nocastle.png","width":655,"height":540,"caption":"Happy Adventurers"},"image":{"@id":"https:\/\/happyadventurers.com\/#\/schema\/logo\/image\/"}}]}},"_links":{"self":[{"href":"https:\/\/happyadventurers.com\/es\/wp-json\/wp\/v2\/pages\/1161","targetHints":{"allow":["GET"]}}],"collection":[{"href":"https:\/\/happyadventurers.com\/es\/wp-json\/wp\/v2\/pages"}],"about":[{"href":"https:\/\/happyadventurers.com\/es\/wp-json\/wp\/v2\/types\/page"}],"author":[{"embeddable":true,"href":"https:\/\/happyadventurers.com\/es\/wp-json\/wp\/v2\/users\/1"}],"replies":[{"embeddable":true,"href":"https:\/\/happyadventurers.com\/es\/wp-json\/wp\/v2\/comments?post=1161"}],"version-history":[{"count":2,"href":"https:\/\/happyadventurers.com\/es\/wp-json\/wp\/v2\/pages\/1161\/revisions"}],"predecessor-version":[{"id":1560,"href":"https:\/\/happyadventurers.com\/es\/wp-json\/wp\/v2\/pages\/1161\/revisions\/1560"}],"wp:featuredmedia":[{"embeddable":true,"href":"https:\/\/happyadventurers.com\/es\/wp-json\/wp\/v2\/media\/1162"}],"wp:attachment":[{"href":"https:\/\/happyadventurers.com\/es\/wp-json\/wp\/v2\/media?parent=1161"}],"curies":[{"name":"wp","href":"https:\/\/api.w.org\/{rel}","templated":true}]}}