{"id":1113,"date":"2022-11-25T19:54:23","date_gmt":"2022-11-25T19:54:23","guid":{"rendered":"https:\/\/happyadventurers.com\/?page_id=1113"},"modified":"2025-12-18T15:02:42","modified_gmt":"2025-12-18T22:02:42","slug":"happy-adventurers-es-confiable","status":"publish","type":"page","link":"https:\/\/happyadventurers.com\/es\/happy-adventurers-es-confiable\/","title":{"rendered":"\u00bfHappy Adventurers es Confiable y Real?"},"content":{"rendered":"<p>Con tantas historias de empresas que terminan no entregando todo lo que ofrecieron o que de plano son un fraude, es natural preguntarte si Happy Adventurers es confiable y real.<\/p>\n\n\n\n<p>La respuesta corta es <strong>\u00a1S\u00ed!<\/strong> <strong>Happy Adventurers es confiable y real.<\/strong> Y queremos compartirte c\u00f3mo puedes comprobarlo por ti mismo.<\/p>\n\n\n\n<h2 class=\"wp-block-heading\"><strong>\u00bfC\u00f3mo saber si Happy Adventurers es Confiable y Real?<\/strong><\/h2>\n\n\n\n<p>Lo primero que debes confirmar es que Happy Adventurers es una Agencia de Viajes establecida y certificada. Por fortuna existe una organizaci\u00f3n internacional que se dedica justo a certificar agencias de viajes de todo el mundo.&nbsp;<\/p>\n\n\n\n<p>Es la Asociaci\u00f3n Internacional de Cruceros o CLIA por sus siglas en ingl\u00e9s. Los l\u00edderes de la industria del turismo como Disney, Royal Caribbean, Marriott y Carnival Cruise Line; conf\u00edan en CLIA al exigirle a sus agencias que sean certificadas por ella.<\/p>\n\n\n\n<p><strong>Happy Adventurers est\u00e1 certificada por CLIA y puedes comprobar esto siguiendo estos pasos:<\/strong><\/p>\n\n\n\n<ol class=\"wp-block-list\">\n<li>Ingresa a <a href=\"https:\/\/cruising.org\/en\/verify-a-travel-agency-member\" target=\"_blank\" rel=\"noreferrer noopener\"><a href=\"https:\/\/trade.cruising.org\/verify-travel-agency-member-or-individual-agent-member\">https:\/\/trade.cruising.org\/verify-travel-agency-member-or-individual-agent-member<\/a><\/a><\/li>\n\n\n\n<li>En la secci\u00f3n \u201cTravel Agency Member: CLIA\/Industry ID#:\u201d ingresa nuestro ID: 00039177<\/li>\n\n\n\n<li>Presiona el bot\u00f3n \u201cVerify Travel Agency Member\u201d.<\/li>\n\n\n\n<li>Confirma la leyenda \u201cHappy Adventurers LLC Is a current CLIA member in good standing.\u201d que significa Happy Adventurers LLC es un miembro activo de CLIA y su registro est\u00e1 en orden.<\/li>\n<\/ol>\n\n\n\n<p>Como podr\u00e1s imaginar, al ser un organismo internacional y teniendo la confianza de los l\u00edderes de la industria del turismo, CLIA tiene altos est\u00e1ndares para certificar agencias de viajes. El tener este certificado es reflejo de la solidez y buenas pr\u00e1cticas de Happy Adventurers.<\/p>\n\n\n<div class=\"wp-block-image\">\n<figure class=\"aligncenter size-large is-resized\"><img fetchpriority=\"high\" decoding=\"async\" width=\"1024\" height=\"800\" src=\"http:\/\/happyadventurers.com\/wp-content\/uploads\/2025\/12\/Final-2026-CLIA-Mockup-1024x800.png\" alt=\"\" class=\"wp-image-9530\" style=\"width:800px\" srcset=\"https:\/\/happyadventurers.com\/wp-content\/uploads\/2025\/12\/Final-2026-CLIA-Mockup-1024x800.png 1024w, https:\/\/happyadventurers.com\/wp-content\/uploads\/2025\/12\/Final-2026-CLIA-Mockup-300x234.png 300w, https:\/\/happyadventurers.com\/wp-content\/uploads\/2025\/12\/Final-2026-CLIA-Mockup-768x600.png 768w, https:\/\/happyadventurers.com\/wp-content\/uploads\/2025\/12\/Final-2026-CLIA-Mockup-15x12.png 15w, https:\/\/happyadventurers.com\/wp-content\/uploads\/2025\/12\/Final-2026-CLIA-Mockup-500x391.png 500w, https:\/\/happyadventurers.com\/wp-content\/uploads\/2025\/12\/Final-2026-CLIA-Mockup.png 1125w\" sizes=\"(max-width: 1024px) 100vw, 1024px\" \/><\/figure>\n<\/div>\n\n\n<h2 class=\"wp-block-heading\"><strong>Opiniones de Clientes<\/strong><\/h2>\n\n\n\n<p>Ahora que ya confirmamos que Happy Adventurers es confiable y real, y que cuenta con la certificaci\u00f3n de CLIA, hay que enfocarnos en las opiniones de las personas que est\u00e1n actualmente trabajando con Happy Adventurers o que han vivido la experiencia de planear un viaje.<\/p>\n\n\n\n<p>Nuestra fuente favorita de rese\u00f1as confiables es <a href=\"https:\/\/www.trustpilot.com\/review\/happyadventurers.com\" target=\"_blank\" rel=\"noreferrer noopener\">Trustpilot<\/a>, organizaci\u00f3n internacional que permite a usuarios verificados, emitir sus opiniones sobre empresas con presencia en Internet. Trustpilot tiene protocolos bien establecidos para asegurar que las rese\u00f1as sean confiables.<\/p>\n\n\n\n<p>Descubre las <a href=\"https:\/\/www.trustpilot.com\/review\/happyadventurers.com\" target=\"_blank\" rel=\"noreferrer noopener\">opiniones de usuarios verificados<\/a> de Happy Adventurers.<\/p>\n\n\n<div class=\"wp-block-image\">\n<figure class=\"aligncenter size-large\"><img decoding=\"async\" width=\"1024\" height=\"259\" data-src=\"http:\/\/happyadventurers.com\/wp-content\/uploads\/2023\/02\/Trustpilot4.8-checkout-es-1024x259.png\" alt=\"Happy Adventurers es real y confiable. Mira las calificaciones en Trustpilot\" class=\"wp-image-1547 lazyload\" title=\"Happy adventurers es real y confiable\" data-srcset=\"https:\/\/happyadventurers.com\/wp-content\/uploads\/2023\/02\/Trustpilot4.8-checkout-es-1024x259.png 1024w, https:\/\/happyadventurers.com\/wp-content\/uploads\/2023\/02\/Trustpilot4.8-checkout-es-300x76.png 300w, https:\/\/happyadventurers.com\/wp-content\/uploads\/2023\/02\/Trustpilot4.8-checkout-es-768x194.png 768w, https:\/\/happyadventurers.com\/wp-content\/uploads\/2023\/02\/Trustpilot4.8-checkout-es-1536x388.png 1536w, https:\/\/happyadventurers.com\/wp-content\/uploads\/2023\/02\/Trustpilot4.8-checkout-es.png 1697w\" data-sizes=\"(max-width: 1024px) 100vw, 1024px\" src=\"data:image\/svg+xml;base64,PHN2ZyB3aWR0aD0iMSIgaGVpZ2h0PSIxIiB4bWxucz0iaHR0cDovL3d3dy53My5vcmcvMjAwMC9zdmciPjwvc3ZnPg==\" style=\"--smush-placeholder-width: 1024px; --smush-placeholder-aspect-ratio: 1024\/259;\" \/><\/figure>\n<\/div>\n\n\n<h2 class=\"wp-block-heading\"><strong>Programa de Agentes de Viajes Certificados<\/strong><\/h2>\n\n\n\n<p>Probablemente est\u00e1s aqu\u00ed por que est\u00e1s buscando emprender como <a href=\"https:\/\/agentes.happyadventurers.com\/p\/agentes-de-viajes-certificados\" target=\"_blank\" rel=\"noreferrer noopener\">Agente de Viajes Certificado<\/a>. Happy Adventurers naci\u00f3 como una agencia de viajes enfocada en ayudarle a familias a planear sus viajes principalmente a destinos Disney.<\/p>\n\n\n\n<p>De forma inesperada, durante la pandemia; recibimos incontables peticiones de personas que se quer\u00edan unir a la agencia y fue as\u00ed como decidimos abrir este programa de <a href=\"https:\/\/agentes.happyadventurers.com\/p\/agentes-de-viajes-certificados\" target=\"_blank\" rel=\"noreferrer noopener\">Agentes de Viajes Certificados<\/a>.<\/p>\n\n\n\n<p>El crecimiento del programa ha sido incre\u00edble, en pocos meses logramos pasar de ser una agencia local a ser una agencia con cientos de agentes en diferentes pa\u00edses de Am\u00e9rica.<\/p>\n\n\n\n<p>Una de las cosas que nos caracterizan, es la cercan\u00eda que tenemos con nuestros agentes. Nuestro objetivo primordial es entregar mejores herramientas y m\u00e1s conocimiento a nuestros agentes.<\/p>\n\n\n\n<p><strong>Escucha de viva voz, las opiniones sobre Happy Adventurers:<\/strong><\/p>\n\n\n\n<figure class=\"wp-block-embed aligncenter is-type-video is-provider-youtube wp-block-embed-youtube wp-embed-aspect-16-9 wp-has-aspect-ratio\"><div class=\"wp-block-embed__wrapper\">\n<iframe title=\"Nuestros Agentes Opinan\" width=\"525\" height=\"295\" data-src=\"https:\/\/www.youtube.com\/embed\/hdctvW25FD0?feature=oembed\" frameborder=\"0\" allow=\"accelerometer; autoplay; clipboard-write; encrypted-media; gyroscope; picture-in-picture; web-share\" referrerpolicy=\"strict-origin-when-cross-origin\" allowfullscreen src=\"data:image\/svg+xml;base64,PHN2ZyB3aWR0aD0iMSIgaGVpZ2h0PSIxIiB4bWxucz0iaHR0cDovL3d3dy53My5vcmcvMjAwMC9zdmciPjwvc3ZnPg==\" class=\"lazyload\" data-load-mode=\"1\"><\/iframe>\n<\/div><\/figure>\n\n\n\n<h2 class=\"wp-block-heading\"><strong>Razones por las que te encantar\u00e1<\/strong><\/h2>\n\n\n\n<p>Este programa de <a href=\"https:\/\/agentes.happyadventurers.com\/p\/agentes-de-viajes-certificados\" target=\"_blank\" rel=\"noreferrer noopener\">Agentes de Viajes Certificados<\/a> est\u00e1 dise\u00f1ado con el coraz\u00f3n. Hace varios a\u00f1os, cuando decidimos convertirnos en agentes de viajes, nos unimos a otra agencia. Con el paso de los meses, fuimos descubriendo muchas cosas que no nos gustaban, y despu\u00e9s de un par de a\u00f1os, finalmente optamos por salirnos de aqu\u00e9lla agencia para iniciar Happy Adventurers.<\/p>\n\n\n\n<p>Gracias a cientos de peticiones de personas interesadas en unirse a la agencia como <a href=\"https:\/\/agentes.happyadventurers.com\/p\/agentes-de-viajes-certificados\" target=\"_blank\" rel=\"noreferrer noopener\">Agentes de Viajes Certificados Independientes<\/a>, entendimos que ten\u00edamos una oportunidad inmejorable, de crear un programa con las caracter\u00edsticas que a <strong>nosotros nos hubiera gustado<\/strong> tener cuando iniciamos nuestro camino.<\/p>\n\n\n\n<p><strong>Por eso decidimos:<\/strong><\/p>\n\n\n\n<h3 class=\"wp-block-heading\"><strong>No tener mensualidades, anualidades ni m\u00ednimos de reservaciones.<\/strong><\/h3>\n\n\n\n<p>Entendemos que para la mayor\u00eda, este es un emprendimiento nuevo y tienen poca o nula experiencia. Conocemos de primera mano ese sentimiento de tener la presi\u00f3n de pagar una mensualidad, anualidades o penalizaciones por no cumplir con un m\u00ednimo de reservaciones. Otras agencias cobran hasta $70 d\u00f3lares de mensualidad y $500 d\u00f3lares de anualidad.<\/p>\n\n\n\n<p><strong>En Happy Adventurers puedes olvidarte de estos cobros sin sentido.<\/strong><\/p>\n\n\n\n<h3 class=\"wp-block-heading\"><strong>Pagar las comisiones r\u00e1pido<\/strong><\/h3>\n\n\n\n<p>Una de las cosas que m\u00e1s ansiedad nos generaba cuando est\u00e1bamos en la otra agencia, era el tiempo tan largo \u2014<strong>\u00a1hasta 90 d\u00edas!<\/strong> que ten\u00eda que pasar para que nos pagaran las comisiones. En Happy Adventurers decidimos pagar las comisiones lo m\u00e1s r\u00e1pido posible.<\/p>\n\n\n\n<p>Usualmente, los proveedores le pagan las comisiones a la agencia; en el mes inmediato posterior a la culminaci\u00f3n del viaje de los clientes. Inmediatamente la agencia le paga las comisiones a los agentes.&nbsp;<\/p>\n\n\n\n<h3 class=\"wp-block-heading\"><strong>Pagos econ\u00f3micos<\/strong><\/h3>\n\n\n\n<p>Imag\u00ednate que despu\u00e9s de todo el trabajo, y de esperar por 90 d\u00edas por tus comisiones, el d\u00eda de pago te enteras que te han quitado entre el 4% y 8% de tu comisi\u00f3n.<\/p>\n\n\n\n<p>Esto nos pasaba en la otra agencia, porque los pagos los hac\u00edan utilizando servicios como PayPal, que cobran altas comisiones por recibir dinero, adem\u00e1s de que el cambio de divisa que manejan ellos es muy inferior al real.<\/p>\n\n\n\n<p>En Happy Adventurers, establecimos una alianza con un sistema de pagos internacional que utiliza las plataformas locales de cada pa\u00eds para hacer las transferencias. Podemos pagar las comisiones a cualquier banco de M\u00e9xico o de los Estados Unidos. Si es en M\u00e9xico, es por SPEI y si es en los Estados Unidos por ACH. Adem\u00e1s el costo por la transferencia extremadamente bajo.<\/p>\n\n\n\n<h3 class=\"wp-block-heading\"><strong>Entrenamiento de Clase Mundial<\/strong><\/h3>\n\n\n\n<p>El dicho \u201cte mandaron a la guerra sin fusil\u201d describe a la perfecci\u00f3n nuestra experiencia en la otra agencia. Tuvimos cero entrenamiento y nos cost\u00f3 varios meses entender c\u00f3mo utilizar correctamente las plataformas \u2014en todo este tiempo segu\u00edamos obligados a pagar la mensualidad.<\/p>\n\n\n\n<p>Por eso, dise\u00f1amos un programa de entrenamiento de Clase Mundial al que tienen acceso todos nuestros agentes.<\/p>\n\n\n\n<h4 class=\"wp-block-heading\"><strong>Aprender\u00e1s:<\/strong><\/h4>\n\n\n\n<p>A utilizar todas las herramientas.<\/p>\n\n\n\n<p>Mejores pr\u00e1cticas para cotizar y reservar.<\/p>\n\n\n\n<p>T\u00e9cnicas de seguimiento a clientes potenciales.<\/p>\n\n\n\n<p>Estrategias probadas \u2014que hemos usado por a\u00f1os para conseguir clientes potenciales.<\/p>\n\n\n\n<p><strong>Adem\u00e1s, tendr\u00e1s acceso a todos los m\u00f3dulos nuevos que vayamos sacando.&nbsp;<\/strong><\/p>\n\n\n\n<h3 class=\"wp-block-heading\"><strong>Soporte en espa\u00f1ol e ingl\u00e9s los 7 d\u00edas de la semana<\/strong><\/h3>\n\n\n\n<p>Nada m\u00e1s desesperante que necesitar ayuda y no contar con ella. En Happy Adventurers siempre estar\u00e1s acompa\u00f1ado, pues tenemos soporte en espa\u00f1ol e ingl\u00e9s los 7 d\u00edas de la semana a trav\u00e9s de WhatsApp y nuestros tel\u00e9fonos lada sin costo.<\/p>\n\n\n\n<h3 class=\"wp-block-heading\"><strong>Comunidades que te encantar\u00e1n<\/strong><\/h3>\n\n\n\n<p>Contar con una comunidad que nos lleve a crecer todos juntos, fue uno de las ideas principales cuando iniciamos el proyecto. Ahora contamos con dos comunidades que arropan tanto a nuestros agentes como a nuestros clientes viajeros.<\/p>\n\n\n\n<p>Nuestra comunidad en Facebook se llama <a href=\"https:\/\/www.facebook.com\/TipsdeDisney\" target=\"_blank\" rel=\"noreferrer noopener\">Tips de Disney<\/a>. En esta comunidad de m\u00e1s de 50,000 miembros, publicamos tips, noticias y t\u00e9cnicas para que nuestros clientes viajeros tengan unas vacaciones incre\u00edbles.<\/p>\n\n\n<div class=\"wp-block-image\">\n<figure class=\"aligncenter size-full is-resized\"><img decoding=\"async\" width=\"611\" height=\"697\" data-src=\"http:\/\/happyadventurers.com\/wp-content\/uploads\/2022\/11\/comunidad-aventureros-iphone-chopped.png\" alt=\"La comunidad de aventureros opina que Happy Adventurers es confiable y real\" class=\"wp-image-1120 lazyload\" style=\"--smush-placeholder-width: 611px; --smush-placeholder-aspect-ratio: 611\/697;width:458px;height:523px\" data-srcset=\"https:\/\/happyadventurers.com\/wp-content\/uploads\/2022\/11\/comunidad-aventureros-iphone-chopped.png 611w, https:\/\/happyadventurers.com\/wp-content\/uploads\/2022\/11\/comunidad-aventureros-iphone-chopped-263x300.png 263w, https:\/\/happyadventurers.com\/wp-content\/uploads\/2022\/11\/comunidad-aventureros-iphone-chopped-438x500.png 438w\" data-sizes=\"(max-width: 611px) 100vw, 611px\" src=\"data:image\/svg+xml;base64,PHN2ZyB3aWR0aD0iMSIgaGVpZ2h0PSIxIiB4bWxucz0iaHR0cDovL3d3dy53My5vcmcvMjAwMC9zdmciPjwvc3ZnPg==\" \/><\/figure>\n<\/div>\n\n\n<p>Por otro lado, est\u00e1 la Comunidad de Aventureros. Nuestros <a href=\"https:\/\/agentes.happyadventurers.com\/p\/agentes-de-viajes-certificados\" target=\"_blank\" rel=\"noreferrer noopener\">Agentes de Viajes Certificados<\/a> tienen acceso exclusivo a esta comunidad donde todos pueden compartir sus experiencias y tips para crecer su emprendimiento. Adem\u00e1s tienen la oportunidad de hacerle preguntas a toda la comunidad.&nbsp;<\/p>\n\n\n\n<p><strong>\u00a1Siempre encontrar\u00e1n la respuesta apropiada!<\/strong><\/p>\n\n\n\n<h2 class=\"wp-block-heading\"><strong>\u00bfHappy Adventurers es confiable y real?<\/strong><\/h2>\n\n\n\n<p><strong>\u00a1Definitivamente s\u00ed!<\/strong> Happy Adventurers es una agencia confiable y real, avalada por CLIA y por todos nuestros proveedores. Adem\u00e1s nuestros clientes y agentes est\u00e1n felices trabajando con nosotros.<\/p>\n\n\n\n<p>Si lo deseas, puedes contactarnos v\u00eda telef\u00f3nica para platicar m\u00e1s sobre c\u00f3mo en Happy Adventurers podemos ayudarte a convertirte en un Agente de Viajes Certificado o planear un viaje inolvidable a cualquier rinc\u00f3n del mundo.<\/p>\n\n\n\n<p>\ud83c\uddfa\ud83c\uddf8+1 (855) 997 7792.<\/p>\n\n\n\n<p>\ud83c\uddf2\ud83c\uddfd (800) 813-8180.<\/p>","protected":false},"excerpt":{"rendered":"<p>Con tantas historias de empresas que terminan no entregando todo lo que ofrecieron o que&hellip;<\/p>","protected":false},"author":1,"featured_media":81,"parent":0,"menu_order":0,"comment_status":"closed","ping_status":"closed","template":"","meta":{"_acf_changed":false,"footnotes":""},"class_list":["post-1113","page","type-page","status-publish","has-post-thumbnail","hentry"],"acf":[],"yoast_head":"<!-- This site is optimized with the Yoast SEO plugin v27.3 - https:\/\/yoast.com\/product\/yoast-seo-wordpress\/ -->\n<title>\u00bfHappy Adventurers es Confiable y Real? - Happy Adventurers<\/title>\n<meta name=\"description\" content=\"Descubre como saber si Happy Adventurers es confiable y real. Conocer\u00e1s toda la informaci\u00f3n para que lo determines tu mismo.\" \/>\n<meta name=\"robots\" content=\"index, follow, max-snippet:-1, max-image-preview:large, max-video-preview:-1\" \/>\n<link rel=\"canonical\" href=\"https:\/\/happyadventurers.com\/es\/happy-adventurers-es-confiable\/\" \/>\n<meta property=\"og:locale\" content=\"es_MX\" \/>\n<meta property=\"og:type\" content=\"article\" \/>\n<meta property=\"og:title\" content=\"\u00bfHappy Adventurers es Confiable y Real? - Happy Adventurers\" \/>\n<meta property=\"og:description\" content=\"Descubre como saber si Happy Adventurers es confiable y real. Conocer\u00e1s toda la informaci\u00f3n para que lo determines tu mismo.\" \/>\n<meta property=\"og:url\" content=\"https:\/\/happyadventurers.com\/es\/happy-adventurers-es-confiable\/\" \/>\n<meta property=\"og:site_name\" content=\"Happy Adventurers\" \/>\n<meta property=\"article:modified_time\" content=\"2025-12-18T22:02:42+00:00\" \/>\n<meta property=\"og:image\" content=\"http:\/\/happyadventurers.com\/wp-content\/uploads\/2022\/04\/cropped-luggage-gc409602da_1920.jpg\" \/>\n\t<meta property=\"og:image:width\" content=\"1920\" \/>\n\t<meta property=\"og:image:height\" content=\"650\" \/>\n\t<meta property=\"og:image:type\" content=\"image\/jpeg\" \/>\n<meta name=\"twitter:card\" content=\"summary_large_image\" \/>\n<meta name=\"twitter:label1\" content=\"Tiempo de lectura\" \/>\n\t<meta name=\"twitter:data1\" content=\"7 minutos\" \/>\n<script type=\"application\/ld+json\" class=\"yoast-schema-graph\">{\"@context\":\"https:\\\/\\\/schema.org\",\"@graph\":[{\"@type\":\"WebPage\",\"@id\":\"https:\\\/\\\/happyadventurers.com\\\/happy-adventurers-es-confiable\\\/\",\"url\":\"https:\\\/\\\/happyadventurers.com\\\/happy-adventurers-es-confiable\\\/\",\"name\":\"\u00bfHappy Adventurers es Confiable y Real? - Happy Adventurers\",\"isPartOf\":{\"@id\":\"https:\\\/\\\/happyadventurers.com\\\/#website\"},\"primaryImageOfPage\":{\"@id\":\"https:\\\/\\\/happyadventurers.com\\\/happy-adventurers-es-confiable\\\/#primaryimage\"},\"image\":{\"@id\":\"https:\\\/\\\/happyadventurers.com\\\/happy-adventurers-es-confiable\\\/#primaryimage\"},\"thumbnailUrl\":\"https:\\\/\\\/happyadventurers.com\\\/wp-content\\\/uploads\\\/2022\\\/04\\\/cropped-luggage-gc409602da_1920.jpg\",\"datePublished\":\"2022-11-25T19:54:23+00:00\",\"dateModified\":\"2025-12-18T22:02:42+00:00\",\"description\":\"Descubre como saber si Happy Adventurers es confiable y real. Conocer\u00e1s toda la informaci\u00f3n para que lo determines tu mismo.\",\"breadcrumb\":{\"@id\":\"https:\\\/\\\/happyadventurers.com\\\/happy-adventurers-es-confiable\\\/#breadcrumb\"},\"inLanguage\":\"es\",\"potentialAction\":[{\"@type\":\"ReadAction\",\"target\":[\"https:\\\/\\\/happyadventurers.com\\\/happy-adventurers-es-confiable\\\/\"]}]},{\"@type\":\"ImageObject\",\"inLanguage\":\"es\",\"@id\":\"https:\\\/\\\/happyadventurers.com\\\/happy-adventurers-es-confiable\\\/#primaryimage\",\"url\":\"https:\\\/\\\/happyadventurers.com\\\/wp-content\\\/uploads\\\/2022\\\/04\\\/cropped-luggage-gc409602da_1920.jpg\",\"contentUrl\":\"https:\\\/\\\/happyadventurers.com\\\/wp-content\\\/uploads\\\/2022\\\/04\\\/cropped-luggage-gc409602da_1920.jpg\",\"width\":1920,\"height\":650},{\"@type\":\"BreadcrumbList\",\"@id\":\"https:\\\/\\\/happyadventurers.com\\\/happy-adventurers-es-confiable\\\/#breadcrumb\",\"itemListElement\":[{\"@type\":\"ListItem\",\"position\":1,\"name\":\"Home\",\"item\":\"https:\\\/\\\/happyadventurers.com\\\/\"},{\"@type\":\"ListItem\",\"position\":2,\"name\":\"\u00bfHappy Adventurers es Confiable y Real?\"}]},{\"@type\":\"WebSite\",\"@id\":\"https:\\\/\\\/happyadventurers.com\\\/#website\",\"url\":\"https:\\\/\\\/happyadventurers.com\\\/\",\"name\":\"Happy Adventurers\",\"description\":\"The Fun Travel Agency\",\"publisher\":{\"@id\":\"https:\\\/\\\/happyadventurers.com\\\/#organization\"},\"potentialAction\":[{\"@type\":\"SearchAction\",\"target\":{\"@type\":\"EntryPoint\",\"urlTemplate\":\"https:\\\/\\\/happyadventurers.com\\\/?s={search_term_string}\"},\"query-input\":{\"@type\":\"PropertyValueSpecification\",\"valueRequired\":true,\"valueName\":\"search_term_string\"}}],\"inLanguage\":\"es\"},{\"@type\":\"Organization\",\"@id\":\"https:\\\/\\\/happyadventurers.com\\\/#organization\",\"name\":\"Happy Adventurers\",\"url\":\"https:\\\/\\\/happyadventurers.com\\\/\",\"logo\":{\"@type\":\"ImageObject\",\"inLanguage\":\"es\",\"@id\":\"https:\\\/\\\/happyadventurers.com\\\/#\\\/schema\\\/logo\\\/image\\\/\",\"url\":\"https:\\\/\\\/happyadventurers.com\\\/wp-content\\\/uploads\\\/2022\\\/04\\\/Logo-Oficial-nocastle.png\",\"contentUrl\":\"https:\\\/\\\/happyadventurers.com\\\/wp-content\\\/uploads\\\/2022\\\/04\\\/Logo-Oficial-nocastle.png\",\"width\":655,\"height\":540,\"caption\":\"Happy Adventurers\"},\"image\":{\"@id\":\"https:\\\/\\\/happyadventurers.com\\\/#\\\/schema\\\/logo\\\/image\\\/\"}}]}<\/script>\n<!-- \/ Yoast SEO plugin. -->","yoast_head_json":{"title":"\u00bfHappy Adventurers es Confiable y Real? - Happy Adventurers","description":"Descubre como saber si Happy Adventurers es confiable y real. Conocer\u00e1s toda la informaci\u00f3n para que lo determines tu mismo.","robots":{"index":"index","follow":"follow","max-snippet":"max-snippet:-1","max-image-preview":"max-image-preview:large","max-video-preview":"max-video-preview:-1"},"canonical":"https:\/\/happyadventurers.com\/es\/happy-adventurers-es-confiable\/","og_locale":"es_MX","og_type":"article","og_title":"\u00bfHappy Adventurers es Confiable y Real? - Happy Adventurers","og_description":"Descubre como saber si Happy Adventurers es confiable y real. Conocer\u00e1s toda la informaci\u00f3n para que lo determines tu mismo.","og_url":"https:\/\/happyadventurers.com\/es\/happy-adventurers-es-confiable\/","og_site_name":"Happy Adventurers","article_modified_time":"2025-12-18T22:02:42+00:00","og_image":[{"width":1920,"height":650,"url":"http:\/\/happyadventurers.com\/wp-content\/uploads\/2022\/04\/cropped-luggage-gc409602da_1920.jpg","type":"image\/jpeg"}],"twitter_card":"summary_large_image","twitter_misc":{"Tiempo de lectura":"7 minutos"},"schema":{"@context":"https:\/\/schema.org","@graph":[{"@type":"WebPage","@id":"https:\/\/happyadventurers.com\/happy-adventurers-es-confiable\/","url":"https:\/\/happyadventurers.com\/happy-adventurers-es-confiable\/","name":"\u00bfHappy Adventurers es Confiable y Real? - Happy Adventurers","isPartOf":{"@id":"https:\/\/happyadventurers.com\/#website"},"primaryImageOfPage":{"@id":"https:\/\/happyadventurers.com\/happy-adventurers-es-confiable\/#primaryimage"},"image":{"@id":"https:\/\/happyadventurers.com\/happy-adventurers-es-confiable\/#primaryimage"},"thumbnailUrl":"https:\/\/happyadventurers.com\/wp-content\/uploads\/2022\/04\/cropped-luggage-gc409602da_1920.jpg","datePublished":"2022-11-25T19:54:23+00:00","dateModified":"2025-12-18T22:02:42+00:00","description":"Descubre como saber si Happy Adventurers es confiable y real. Conocer\u00e1s toda la informaci\u00f3n para que lo determines tu mismo.","breadcrumb":{"@id":"https:\/\/happyadventurers.com\/happy-adventurers-es-confiable\/#breadcrumb"},"inLanguage":"es","potentialAction":[{"@type":"ReadAction","target":["https:\/\/happyadventurers.com\/happy-adventurers-es-confiable\/"]}]},{"@type":"ImageObject","inLanguage":"es","@id":"https:\/\/happyadventurers.com\/happy-adventurers-es-confiable\/#primaryimage","url":"https:\/\/happyadventurers.com\/wp-content\/uploads\/2022\/04\/cropped-luggage-gc409602da_1920.jpg","contentUrl":"https:\/\/happyadventurers.com\/wp-content\/uploads\/2022\/04\/cropped-luggage-gc409602da_1920.jpg","width":1920,"height":650},{"@type":"BreadcrumbList","@id":"https:\/\/happyadventurers.com\/happy-adventurers-es-confiable\/#breadcrumb","itemListElement":[{"@type":"ListItem","position":1,"name":"Home","item":"https:\/\/happyadventurers.com\/"},{"@type":"ListItem","position":2,"name":"\u00bfHappy Adventurers es Confiable y Real?"}]},{"@type":"WebSite","@id":"https:\/\/happyadventurers.com\/#website","url":"https:\/\/happyadventurers.com\/","name":"Happy Adventurers","description":"The Fun Travel Agency","publisher":{"@id":"https:\/\/happyadventurers.com\/#organization"},"potentialAction":[{"@type":"SearchAction","target":{"@type":"EntryPoint","urlTemplate":"https:\/\/happyadventurers.com\/?s={search_term_string}"},"query-input":{"@type":"PropertyValueSpecification","valueRequired":true,"valueName":"search_term_string"}}],"inLanguage":"es"},{"@type":"Organization","@id":"https:\/\/happyadventurers.com\/#organization","name":"Happy Adventurers","url":"https:\/\/happyadventurers.com\/","logo":{"@type":"ImageObject","inLanguage":"es","@id":"https:\/\/happyadventurers.com\/#\/schema\/logo\/image\/","url":"https:\/\/happyadventurers.com\/wp-content\/uploads\/2022\/04\/Logo-Oficial-nocastle.png","contentUrl":"https:\/\/happyadventurers.com\/wp-content\/uploads\/2022\/04\/Logo-Oficial-nocastle.png","width":655,"height":540,"caption":"Happy Adventurers"},"image":{"@id":"https:\/\/happyadventurers.com\/#\/schema\/logo\/image\/"}}]}},"_links":{"self":[{"href":"https:\/\/happyadventurers.com\/es\/wp-json\/wp\/v2\/pages\/1113","targetHints":{"allow":["GET"]}}],"collection":[{"href":"https:\/\/happyadventurers.com\/es\/wp-json\/wp\/v2\/pages"}],"about":[{"href":"https:\/\/happyadventurers.com\/es\/wp-json\/wp\/v2\/types\/page"}],"author":[{"embeddable":true,"href":"https:\/\/happyadventurers.com\/es\/wp-json\/wp\/v2\/users\/1"}],"replies":[{"embeddable":true,"href":"https:\/\/happyadventurers.com\/es\/wp-json\/wp\/v2\/comments?post=1113"}],"version-history":[{"count":13,"href":"https:\/\/happyadventurers.com\/es\/wp-json\/wp\/v2\/pages\/1113\/revisions"}],"predecessor-version":[{"id":9532,"href":"https:\/\/happyadventurers.com\/es\/wp-json\/wp\/v2\/pages\/1113\/revisions\/9532"}],"wp:featuredmedia":[{"embeddable":true,"href":"https:\/\/happyadventurers.com\/es\/wp-json\/wp\/v2\/media\/81"}],"wp:attachment":[{"href":"https:\/\/happyadventurers.com\/es\/wp-json\/wp\/v2\/media?parent=1113"}],"curies":[{"name":"wp","href":"https:\/\/api.w.org\/{rel}","templated":true}]}}