{"id":1058,"date":"2022-11-21T17:54:45","date_gmt":"2022-11-21T17:54:45","guid":{"rendered":"https:\/\/happyadventurers.com\/?page_id=1058"},"modified":"2025-12-18T15:01:55","modified_gmt":"2025-12-18T22:01:55","slug":"happy-adventurers-es-estafa","status":"publish","type":"page","link":"https:\/\/happyadventurers.com\/es\/happy-adventurers-es-estafa\/","title":{"rendered":"\u00bfHappy Adventurers es Estafa?"},"content":{"rendered":"<p>Al ser una agencia especializada en organizar viajes para familias de todo el mundo, una de las preguntas que puede surgirte es si Happy Adventurers es una estafa.<\/p>\n\n\n\n<p>La respuesta corta es <strong>\u00a1no!<\/strong> Happy Adventurers no es una estafa y queremos compartirte c\u00f3mo puedes verificar que Happy Adventurers no es una estafa.<\/p>\n\n\n\n<h2 class=\"wp-block-heading\"><strong>\u00bfC\u00f3mo compruebo que no es una estafa?<\/strong><\/h2>\n\n\n\n<p>Existe una organizaci\u00f3n que se dedica entre otras cosas a certificar agencias de viajes en todo el mundo. Es la Asociaci\u00f3n Internacional de Cruceros o CLIA por sus siglas en ingl\u00e9s. Proveedores como Disney, Marriott, Royal Caribbean o Carnival Cruise Line, le exigen a las agencias de viajes estar certificadas por CLIA para poder establecer una relaci\u00f3n comercial con ellas.<\/p>\n\n\n\n<p><strong>Happy Adventurers est\u00e1 certificada por CLIA y puedes comprobarlo siguiendo estos pasos:<\/strong><\/p>\n\n\n\n<ol class=\"wp-block-list\">\n<li>Ingresa a <a href=\"https:\/\/trade.cruising.org\/verify-travel-agency-member-or-individual-agent-member\">https:\/\/trade.cruising.org\/verify-travel-agency-member-or-individual-agent-member<\/a><\/li>\n\n\n\n<li>En la secci\u00f3n \u201cTravel Agency Member: CLIA\/Industry ID#:\u201d ingresa nuestro ID: 00039177<\/li>\n\n\n\n<li>Presiona el bot\u00f3n \u201cVerify Travel Agency Member\u201d.<\/li>\n\n\n\n<li>Confirma la leyenda \u201cHappy Adventurers LLC Is a current CLIA member in good standing.\u201d que significa Happy Adventurers LLC es un miembro activo de CLIA y su registro est\u00e1 en orden.<\/li>\n<\/ol>\n\n\n<div class=\"wp-block-image\">\n<figure class=\"aligncenter size-large is-resized\"><img fetchpriority=\"high\" decoding=\"async\" width=\"1024\" height=\"800\" src=\"http:\/\/happyadventurers.com\/wp-content\/uploads\/2025\/12\/Final-2026-CLIA-Mockup-1024x800.png\" alt=\"\" class=\"wp-image-9530\" style=\"width:800px\" srcset=\"https:\/\/happyadventurers.com\/wp-content\/uploads\/2025\/12\/Final-2026-CLIA-Mockup-1024x800.png 1024w, https:\/\/happyadventurers.com\/wp-content\/uploads\/2025\/12\/Final-2026-CLIA-Mockup-300x234.png 300w, https:\/\/happyadventurers.com\/wp-content\/uploads\/2025\/12\/Final-2026-CLIA-Mockup-768x600.png 768w, https:\/\/happyadventurers.com\/wp-content\/uploads\/2025\/12\/Final-2026-CLIA-Mockup-15x12.png 15w, https:\/\/happyadventurers.com\/wp-content\/uploads\/2025\/12\/Final-2026-CLIA-Mockup-500x391.png 500w, https:\/\/happyadventurers.com\/wp-content\/uploads\/2025\/12\/Final-2026-CLIA-Mockup.png 1125w\" sizes=\"(max-width: 1024px) 100vw, 1024px\" \/><\/figure>\n<\/div>\n\n\n<p>Es importante recalcar que CLIA siendo un organismo internacional, tiene altos est\u00e1ndares para certificar Agencias de Viajes. El contar con este certificado, es un reconocimiento a la transparencia y buenas pr\u00e1cticas de nuestra agencia.<\/p>\n\n\n\n<h2 class=\"wp-block-heading\"><strong>Rese\u00f1as de Clientes<\/strong><\/h2>\n\n\n\n<p>Ahora que ya comprobamos que Happy Adventurers es una agencia real y certificada por CLIA, hay que conocer lo que opinan personas que han vivido la experiencia de trabajar o planear un viaje con Happy Adventurers.<\/p>\n\n\n\n<p>Para hacerlo puedes ingresar a <a href=\"https:\/\/www.trustpilot.com\/review\/happyadventurers.com\" target=\"_blank\" rel=\"noreferrer noopener\">Trustpilot<\/a>, que es una organizaci\u00f3n internacional dedicada a validar empresas con presencia en Internet, a trav\u00e9s de protocolos y rese\u00f1as de usuarios verificados.<\/p>\n\n\n<div class=\"wp-block-image\">\n<figure class=\"aligncenter size-large\"><img decoding=\"async\" width=\"1024\" height=\"259\" data-src=\"http:\/\/happyadventurers.com\/wp-content\/uploads\/2023\/02\/Trustpilot4.8-checkout-es-1024x259.png\" alt=\"Happy Adventurers en Trustpilot\" class=\"wp-image-1547 lazyload\" data-srcset=\"https:\/\/happyadventurers.com\/wp-content\/uploads\/2023\/02\/Trustpilot4.8-checkout-es-1024x259.png 1024w, https:\/\/happyadventurers.com\/wp-content\/uploads\/2023\/02\/Trustpilot4.8-checkout-es-300x76.png 300w, https:\/\/happyadventurers.com\/wp-content\/uploads\/2023\/02\/Trustpilot4.8-checkout-es-768x194.png 768w, https:\/\/happyadventurers.com\/wp-content\/uploads\/2023\/02\/Trustpilot4.8-checkout-es-1536x388.png 1536w, https:\/\/happyadventurers.com\/wp-content\/uploads\/2023\/02\/Trustpilot4.8-checkout-es.png 1697w\" data-sizes=\"(max-width: 1024px) 100vw, 1024px\" src=\"data:image\/svg+xml;base64,PHN2ZyB3aWR0aD0iMSIgaGVpZ2h0PSIxIiB4bWxucz0iaHR0cDovL3d3dy53My5vcmcvMjAwMC9zdmciPjwvc3ZnPg==\" style=\"--smush-placeholder-width: 1024px; --smush-placeholder-aspect-ratio: 1024\/259;\" \/><\/figure>\n<\/div>\n\n\n<h2 class=\"wp-block-heading\"><strong>Programa de Agentes de Viajes Certificados<\/strong><\/h2>\n\n\n\n<p>Si est\u00e1s aqu\u00ed porque te interesa unirte a nuestro <a href=\"https:\/\/agentes.happyadventurers.com\/p\/agentes-de-viajes-webinar\">programa de agentes de viajes certificados<\/a> te gustar\u00e1 saber que, despu\u00e9s de varios a\u00f1os de recibir incontables peticiones de personas que quer\u00edan unirse a la agencia, decidimos abrir nuestro programa para <strong><a href=\"https:\/\/agentes.happyadventurers.com\/p\/agentes-de-viajes-webinar\">Agentes de Viajes Certificados<\/a><\/strong>.<\/p>\n\n\n\n<p>Este programa ha crecido mucho m\u00e1s r\u00e1pido de lo que imaginamos. Estamos encantados de que cientos de agentes est\u00e9n con nosotros.&nbsp;<\/p>\n\n\n\n<p>Dentro de este programa, sabiendo que el \u00e9xito s\u00f3lo lo conseguiremos trabajando hombro con hombro con nuestros agentes, todos los d\u00edas nos preguntamos \u00bfc\u00f3mo podemos entregarles <strong>mejores herramientas y m\u00e1s conocimiento<\/strong> a nuestros agentes?<\/p>\n\n\n\n<p>Esto es lo que opinan agentes que actualmente est\u00e1n dentro del programa:<\/p>\n\n\n\n<figure class=\"wp-block-embed aligncenter is-type-video is-provider-youtube wp-block-embed-youtube wp-embed-aspect-16-9 wp-has-aspect-ratio\"><div class=\"wp-block-embed__wrapper\">\n<iframe title=\"Nuestros Agentes Opinan\" width=\"525\" height=\"295\" data-src=\"https:\/\/www.youtube.com\/embed\/hdctvW25FD0?feature=oembed\" frameborder=\"0\" allow=\"accelerometer; autoplay; clipboard-write; encrypted-media; gyroscope; picture-in-picture; web-share\" referrerpolicy=\"strict-origin-when-cross-origin\" allowfullscreen src=\"data:image\/svg+xml;base64,PHN2ZyB3aWR0aD0iMSIgaGVpZ2h0PSIxIiB4bWxucz0iaHR0cDovL3d3dy53My5vcmcvMjAwMC9zdmciPjwvc3ZnPg==\" class=\"lazyload\" data-load-mode=\"1\"><\/iframe>\n<\/div><\/figure>\n\n\n\n<h2 class=\"wp-block-heading\"><strong>Esto es lo que nos hace diferentes<\/strong><\/h2>\n\n\n\n<p>El programa de Agentes de Viajes Certificados, lo dise\u00f1amos con el coraz\u00f3n. Cuando reci\u00e9n empezamos nuestro camino, nosotros mismos nos unimos a otra agencia. Honestamente, nunca estuvimos s\u00faper contentos con los t\u00e9rminos de aqu\u00e9lla agencia, y despu\u00e9s de un par de a\u00f1os decidimos salirnos para iniciar Happy Adventurers.<\/p>\n\n\n\n<p>Cuando comenzamos a recibir peticiones para ingresar a la agencia como Agentes de Viajes Certificados Independientes, nos dimos cuenta de que ten\u00edamos la oportunidad de dise\u00f1ar el programa como a <strong>nosotros nos hubiera gustado<\/strong> <strong>que fuera<\/strong> cuando ingresamos a la otra agencia.<\/p>\n\n\n\n<h2 class=\"wp-block-heading\"><strong>Por eso decidimos:<\/strong><\/h2>\n\n\n\n<h3 class=\"wp-block-heading\"><strong>No tener mensualidades, anualidades ni m\u00ednimos de reservaciones.<\/strong><\/h3>\n\n\n\n<p class=\"has-regular-font-size\">Cuando est\u00e1bamos en la otra agencia \u2014a\u00fan no nos dedic\u00e1bamos de tiempo completo a este emprendimiento, hab\u00eda meses donde simplemente perd\u00edamos dinero, al tener que pagar una mensualdad de $70 d\u00f3lares sin importar si gan\u00e1bamos comisiones o no. As\u00ed que en nuestro programa decidimos no tener este cargo que simplemente no hace sentido.<\/p>\n\n\n\n<h3 class=\"wp-block-heading\"><strong>Pagar las comisiones r\u00e1pido<\/strong><\/h3>\n\n\n\n<p>Cuando est\u00e1bamos en la otra agencia, demoraban hasta 90 d\u00edas en pagarnos las comisiones. Despu\u00e9s, cuando establecimos nuestra agencia; nos dimos cuenta de que los proveedores pagan las comisiones en el mes inmediato posterior a la culminaci\u00f3n del viaje de los clientes. As\u00ed que retener las comisiones por 90 d\u00edas <strong>\u00a1es una locura!<\/strong><\/p>\n\n\n\n<p>Nosotros pagamos las comisiones en el mes inmediato posterior a la culminaci\u00f3n del viaje de tus clientes. As\u00ed podr\u00e1s disfrutar de tus comisiones lo m\u00e1s r\u00e1pido posible.<\/p>\n\n\n\n<h3 class=\"wp-block-heading\"><strong>Pagos econ\u00f3micos<\/strong><\/h3>\n\n\n\n<p>En la agencia anterior, los pagos eran hechos a trav\u00e9s de servicios como PayPal que cobran comisiones de entre el 4% y el 8% adem\u00e1s de que el cambio de divisa es muy inferior al real.<\/p>\n\n\n\n<p>En cambio, en Happy Adventurers, hemos logrado una alianza con un sistema de pagos internacional que utiliza las plataformas locales de cada pa\u00eds para hacer las transferencias. Podemos pagar las comisiones a cualquier banco de M\u00e9xico o de los Estados Unidos. Si es en M\u00e9xico, es por SPEI y si es en los Estados Unidos por ACH. Adem\u00e1s, el costo por la transferencia es extremadamente bajo.<\/p>\n\n\n\n<h3 class=\"wp-block-heading\"><strong>Entrenamiento de Clase Mundial<\/strong><\/h3>\n\n\n\n<p>Es imposible tener \u00e9xito en cualquier cosa, si no se tiene el conocimiento adecuado. Por eso hemos dise\u00f1ado un entrenamiento de Clase Mundial para nuestros agentes.&nbsp;<\/p>\n\n\n\n<p><strong>Aprender\u00e1s:<\/strong><\/p>\n\n\n\n<ul class=\"wp-block-list\">\n<li>A utilizar todas las herramientas.<\/li>\n\n\n\n<li>Mejores pr\u00e1cticas para cotizar y reservar.<\/li>\n\n\n\n<li>T\u00e9cnicas de seguimiento a clientes potenciales.<\/li>\n\n\n\n<li>Estrategias probadas \u2014que hemos usado por a\u00f1os para conseguir clientes potenciales.<\/li>\n\n\n\n<li>Adem\u00e1s, tendr\u00e1s acceso a todos los m\u00f3dulos nuevos que vayamos sacando.&nbsp;<\/li>\n<\/ul>\n\n\n\n<h3 class=\"wp-block-heading\"><strong>Soporte en espa\u00f1ol e ingl\u00e9s los 7 d\u00edas de la semana<\/strong><\/h3>\n\n\n\n<p>Imag\u00ednate que tus clientes est\u00e1n viajando y enfrentan un problema que no sabes c\u00f3mo solucionar. Si no cuentas con un soporte adecuado, vivir\u00e1s momentos de angustia y estr\u00e9s.<\/p>\n\n\n\n<p>En Happy Adventurers contamos con soporte en espa\u00f1ol e ingl\u00e9s los 7 d\u00edas de la semana v\u00eda chat y v\u00eda telef\u00f3nica a trav\u00e9s de tel\u00e9fonos lada sin costo. As\u00ed, garantizamos que nuestros agentes puedan dar la atenci\u00f3n a sus clientes en todo momento.<\/p>\n\n\n\n<h2 class=\"wp-block-heading\"><strong>Comunidades que enriquecen<\/strong><\/h2>\n\n\n\n<p>En Happy Adventurers creemos que las comunidades son fundamentales para el crecimiento de las personas. Por eso contamos con dos comunidades que logran enriquecer tanto a nuestros agentes como a nuestros clientes viajeros.<\/p>\n\n\n\n<p>Nuestra comunidad en Facebook se llama <a href=\"https:\/\/www.facebook.com\/TipsdeDisney\" target=\"_blank\" rel=\"noreferrer noopener\">Tips de Disney<\/a>. En esta comunidad de m\u00e1s de 50,000 miembros, publicamos tips, noticias y t\u00e9cnicas para que nuestros clientes viajeros tengan unas vacaciones incre\u00edbles.<\/p>\n\n\n\n<p>Adem\u00e1s contamos con la <strong>Comunidad de Aventureros<\/strong>, que es <strong>exclusiva<\/strong> para nuestros <a href=\"https:\/\/agentes.happyadventurers.com\/p\/agentes-de-viajes-webinar\">Agentes de Viajes Certificados<\/a>. Aqu\u00ed todos los agentes comparten sus experiencias, tips para lograr m\u00e1s reservaciones y pueden hacer cualquier pregunta que tengan. \u00a1Siempre encontrar\u00e1n la respuesta apropiada!&nbsp;<\/p>\n\n\n\n<h2 class=\"wp-block-heading\"><strong>\u00bfHappy Adventurers es estafa?<\/strong><\/h2>\n\n\n\n<p><strong>\u00a1Definitivamente no!<\/strong> Somos una agencia seria, avalada por CLIA y por todos nuestros proveedores. Adem\u00e1s nuestros clientes y agentes coinciden en que les encanta trabajar con nosotros.<\/p>\n\n\n\n<p>Si lo deseas, puedes contactarnos v\u00eda telef\u00f3nica para platicar m\u00e1s sobre c\u00f3mo en Happy Adventurers podemos ayudarte a convertirte en un <strong>Agente de Viajes Certificado<\/strong> o planear un viaje inolvidable a cualquier rinc\u00f3n del mundo.<\/p>\n\n\n\n<p>\ud83c\uddfa\ud83c\uddf8+1 (855) 997 7792.<\/p>\n\n\n\n<p>\ud83c\uddf2\ud83c\uddfd (800) 813-8180.<\/p>","protected":false},"excerpt":{"rendered":"<p>Al ser una agencia especializada en organizar viajes para familias de todo el mundo, una&hellip;<\/p>","protected":false},"author":1,"featured_media":81,"parent":0,"menu_order":0,"comment_status":"closed","ping_status":"closed","template":"","meta":{"_acf_changed":false,"footnotes":""},"class_list":["post-1058","page","type-page","status-publish","has-post-thumbnail","hentry"],"acf":[],"yoast_head":"<!-- This site is optimized with the Yoast SEO plugin v27.3 - https:\/\/yoast.com\/product\/yoast-seo-wordpress\/ -->\n<title>\u00bfHappy Adventurers es Estafa? - Happy Adventurers<\/title>\n<meta name=\"description\" content=\"La respuesta corta es NO. Happy Adventurers no es una estafa. Descubre c\u00f3mo comprobarlo f\u00e1cilmente en este post.\" \/>\n<meta name=\"robots\" content=\"index, follow, max-snippet:-1, max-image-preview:large, max-video-preview:-1\" \/>\n<link rel=\"canonical\" href=\"https:\/\/happyadventurers.com\/es\/happy-adventurers-es-estafa\/\" \/>\n<meta property=\"og:locale\" content=\"es_MX\" \/>\n<meta property=\"og:type\" content=\"article\" \/>\n<meta property=\"og:title\" content=\"\u00bfHappy Adventurers es Estafa? - Happy Adventurers\" \/>\n<meta property=\"og:description\" content=\"La respuesta corta es NO. Happy Adventurers no es una estafa. Descubre c\u00f3mo comprobarlo f\u00e1cilmente en este post.\" \/>\n<meta property=\"og:url\" content=\"https:\/\/happyadventurers.com\/es\/happy-adventurers-es-estafa\/\" \/>\n<meta property=\"og:site_name\" content=\"Happy Adventurers\" \/>\n<meta property=\"article:modified_time\" content=\"2025-12-18T22:01:55+00:00\" \/>\n<meta property=\"og:image\" content=\"http:\/\/happyadventurers.com\/wp-content\/uploads\/2022\/04\/cropped-luggage-gc409602da_1920.jpg\" \/>\n\t<meta property=\"og:image:width\" content=\"1920\" \/>\n\t<meta property=\"og:image:height\" content=\"650\" \/>\n\t<meta property=\"og:image:type\" content=\"image\/jpeg\" \/>\n<meta name=\"twitter:card\" content=\"summary_large_image\" \/>\n<meta name=\"twitter:label1\" content=\"Tiempo de lectura\" \/>\n\t<meta name=\"twitter:data1\" content=\"6 minutos\" \/>\n<script type=\"application\/ld+json\" class=\"yoast-schema-graph\">{\"@context\":\"https:\\\/\\\/schema.org\",\"@graph\":[{\"@type\":\"WebPage\",\"@id\":\"https:\\\/\\\/happyadventurers.com\\\/happy-adventurers-es-estafa\\\/\",\"url\":\"https:\\\/\\\/happyadventurers.com\\\/happy-adventurers-es-estafa\\\/\",\"name\":\"\u00bfHappy Adventurers es Estafa? - Happy Adventurers\",\"isPartOf\":{\"@id\":\"https:\\\/\\\/happyadventurers.com\\\/#website\"},\"primaryImageOfPage\":{\"@id\":\"https:\\\/\\\/happyadventurers.com\\\/happy-adventurers-es-estafa\\\/#primaryimage\"},\"image\":{\"@id\":\"https:\\\/\\\/happyadventurers.com\\\/happy-adventurers-es-estafa\\\/#primaryimage\"},\"thumbnailUrl\":\"https:\\\/\\\/happyadventurers.com\\\/wp-content\\\/uploads\\\/2022\\\/04\\\/cropped-luggage-gc409602da_1920.jpg\",\"datePublished\":\"2022-11-21T17:54:45+00:00\",\"dateModified\":\"2025-12-18T22:01:55+00:00\",\"description\":\"La respuesta corta es NO. Happy Adventurers no es una estafa. Descubre c\u00f3mo comprobarlo f\u00e1cilmente en este post.\",\"breadcrumb\":{\"@id\":\"https:\\\/\\\/happyadventurers.com\\\/happy-adventurers-es-estafa\\\/#breadcrumb\"},\"inLanguage\":\"es\",\"potentialAction\":[{\"@type\":\"ReadAction\",\"target\":[\"https:\\\/\\\/happyadventurers.com\\\/happy-adventurers-es-estafa\\\/\"]}]},{\"@type\":\"ImageObject\",\"inLanguage\":\"es\",\"@id\":\"https:\\\/\\\/happyadventurers.com\\\/happy-adventurers-es-estafa\\\/#primaryimage\",\"url\":\"https:\\\/\\\/happyadventurers.com\\\/wp-content\\\/uploads\\\/2022\\\/04\\\/cropped-luggage-gc409602da_1920.jpg\",\"contentUrl\":\"https:\\\/\\\/happyadventurers.com\\\/wp-content\\\/uploads\\\/2022\\\/04\\\/cropped-luggage-gc409602da_1920.jpg\",\"width\":1920,\"height\":650},{\"@type\":\"BreadcrumbList\",\"@id\":\"https:\\\/\\\/happyadventurers.com\\\/happy-adventurers-es-estafa\\\/#breadcrumb\",\"itemListElement\":[{\"@type\":\"ListItem\",\"position\":1,\"name\":\"Home\",\"item\":\"https:\\\/\\\/happyadventurers.com\\\/\"},{\"@type\":\"ListItem\",\"position\":2,\"name\":\"\u00bfHappy Adventurers es Estafa?\"}]},{\"@type\":\"WebSite\",\"@id\":\"https:\\\/\\\/happyadventurers.com\\\/#website\",\"url\":\"https:\\\/\\\/happyadventurers.com\\\/\",\"name\":\"Happy Adventurers\",\"description\":\"The Fun Travel Agency\",\"publisher\":{\"@id\":\"https:\\\/\\\/happyadventurers.com\\\/#organization\"},\"potentialAction\":[{\"@type\":\"SearchAction\",\"target\":{\"@type\":\"EntryPoint\",\"urlTemplate\":\"https:\\\/\\\/happyadventurers.com\\\/?s={search_term_string}\"},\"query-input\":{\"@type\":\"PropertyValueSpecification\",\"valueRequired\":true,\"valueName\":\"search_term_string\"}}],\"inLanguage\":\"es\"},{\"@type\":\"Organization\",\"@id\":\"https:\\\/\\\/happyadventurers.com\\\/#organization\",\"name\":\"Happy Adventurers\",\"url\":\"https:\\\/\\\/happyadventurers.com\\\/\",\"logo\":{\"@type\":\"ImageObject\",\"inLanguage\":\"es\",\"@id\":\"https:\\\/\\\/happyadventurers.com\\\/#\\\/schema\\\/logo\\\/image\\\/\",\"url\":\"https:\\\/\\\/happyadventurers.com\\\/wp-content\\\/uploads\\\/2022\\\/04\\\/Logo-Oficial-nocastle.png\",\"contentUrl\":\"https:\\\/\\\/happyadventurers.com\\\/wp-content\\\/uploads\\\/2022\\\/04\\\/Logo-Oficial-nocastle.png\",\"width\":655,\"height\":540,\"caption\":\"Happy Adventurers\"},\"image\":{\"@id\":\"https:\\\/\\\/happyadventurers.com\\\/#\\\/schema\\\/logo\\\/image\\\/\"}}]}<\/script>\n<!-- \/ Yoast SEO plugin. -->","yoast_head_json":{"title":"\u00bfHappy Adventurers es Estafa? - Happy Adventurers","description":"La respuesta corta es NO. Happy Adventurers no es una estafa. Descubre c\u00f3mo comprobarlo f\u00e1cilmente en este post.","robots":{"index":"index","follow":"follow","max-snippet":"max-snippet:-1","max-image-preview":"max-image-preview:large","max-video-preview":"max-video-preview:-1"},"canonical":"https:\/\/happyadventurers.com\/es\/happy-adventurers-es-estafa\/","og_locale":"es_MX","og_type":"article","og_title":"\u00bfHappy Adventurers es Estafa? - Happy Adventurers","og_description":"La respuesta corta es NO. Happy Adventurers no es una estafa. Descubre c\u00f3mo comprobarlo f\u00e1cilmente en este post.","og_url":"https:\/\/happyadventurers.com\/es\/happy-adventurers-es-estafa\/","og_site_name":"Happy Adventurers","article_modified_time":"2025-12-18T22:01:55+00:00","og_image":[{"width":1920,"height":650,"url":"http:\/\/happyadventurers.com\/wp-content\/uploads\/2022\/04\/cropped-luggage-gc409602da_1920.jpg","type":"image\/jpeg"}],"twitter_card":"summary_large_image","twitter_misc":{"Tiempo de lectura":"6 minutos"},"schema":{"@context":"https:\/\/schema.org","@graph":[{"@type":"WebPage","@id":"https:\/\/happyadventurers.com\/happy-adventurers-es-estafa\/","url":"https:\/\/happyadventurers.com\/happy-adventurers-es-estafa\/","name":"\u00bfHappy Adventurers es Estafa? - Happy Adventurers","isPartOf":{"@id":"https:\/\/happyadventurers.com\/#website"},"primaryImageOfPage":{"@id":"https:\/\/happyadventurers.com\/happy-adventurers-es-estafa\/#primaryimage"},"image":{"@id":"https:\/\/happyadventurers.com\/happy-adventurers-es-estafa\/#primaryimage"},"thumbnailUrl":"https:\/\/happyadventurers.com\/wp-content\/uploads\/2022\/04\/cropped-luggage-gc409602da_1920.jpg","datePublished":"2022-11-21T17:54:45+00:00","dateModified":"2025-12-18T22:01:55+00:00","description":"La respuesta corta es NO. Happy Adventurers no es una estafa. Descubre c\u00f3mo comprobarlo f\u00e1cilmente en este post.","breadcrumb":{"@id":"https:\/\/happyadventurers.com\/happy-adventurers-es-estafa\/#breadcrumb"},"inLanguage":"es","potentialAction":[{"@type":"ReadAction","target":["https:\/\/happyadventurers.com\/happy-adventurers-es-estafa\/"]}]},{"@type":"ImageObject","inLanguage":"es","@id":"https:\/\/happyadventurers.com\/happy-adventurers-es-estafa\/#primaryimage","url":"https:\/\/happyadventurers.com\/wp-content\/uploads\/2022\/04\/cropped-luggage-gc409602da_1920.jpg","contentUrl":"https:\/\/happyadventurers.com\/wp-content\/uploads\/2022\/04\/cropped-luggage-gc409602da_1920.jpg","width":1920,"height":650},{"@type":"BreadcrumbList","@id":"https:\/\/happyadventurers.com\/happy-adventurers-es-estafa\/#breadcrumb","itemListElement":[{"@type":"ListItem","position":1,"name":"Home","item":"https:\/\/happyadventurers.com\/"},{"@type":"ListItem","position":2,"name":"\u00bfHappy Adventurers es Estafa?"}]},{"@type":"WebSite","@id":"https:\/\/happyadventurers.com\/#website","url":"https:\/\/happyadventurers.com\/","name":"Happy Adventurers","description":"The Fun Travel Agency","publisher":{"@id":"https:\/\/happyadventurers.com\/#organization"},"potentialAction":[{"@type":"SearchAction","target":{"@type":"EntryPoint","urlTemplate":"https:\/\/happyadventurers.com\/?s={search_term_string}"},"query-input":{"@type":"PropertyValueSpecification","valueRequired":true,"valueName":"search_term_string"}}],"inLanguage":"es"},{"@type":"Organization","@id":"https:\/\/happyadventurers.com\/#organization","name":"Happy Adventurers","url":"https:\/\/happyadventurers.com\/","logo":{"@type":"ImageObject","inLanguage":"es","@id":"https:\/\/happyadventurers.com\/#\/schema\/logo\/image\/","url":"https:\/\/happyadventurers.com\/wp-content\/uploads\/2022\/04\/Logo-Oficial-nocastle.png","contentUrl":"https:\/\/happyadventurers.com\/wp-content\/uploads\/2022\/04\/Logo-Oficial-nocastle.png","width":655,"height":540,"caption":"Happy Adventurers"},"image":{"@id":"https:\/\/happyadventurers.com\/#\/schema\/logo\/image\/"}}]}},"_links":{"self":[{"href":"https:\/\/happyadventurers.com\/es\/wp-json\/wp\/v2\/pages\/1058","targetHints":{"allow":["GET"]}}],"collection":[{"href":"https:\/\/happyadventurers.com\/es\/wp-json\/wp\/v2\/pages"}],"about":[{"href":"https:\/\/happyadventurers.com\/es\/wp-json\/wp\/v2\/types\/page"}],"author":[{"embeddable":true,"href":"https:\/\/happyadventurers.com\/es\/wp-json\/wp\/v2\/users\/1"}],"replies":[{"embeddable":true,"href":"https:\/\/happyadventurers.com\/es\/wp-json\/wp\/v2\/comments?post=1058"}],"version-history":[{"count":30,"href":"https:\/\/happyadventurers.com\/es\/wp-json\/wp\/v2\/pages\/1058\/revisions"}],"predecessor-version":[{"id":9531,"href":"https:\/\/happyadventurers.com\/es\/wp-json\/wp\/v2\/pages\/1058\/revisions\/9531"}],"wp:featuredmedia":[{"embeddable":true,"href":"https:\/\/happyadventurers.com\/es\/wp-json\/wp\/v2\/media\/81"}],"wp:attachment":[{"href":"https:\/\/happyadventurers.com\/es\/wp-json\/wp\/v2\/media?parent=1058"}],"curies":[{"name":"wp","href":"https:\/\/api.w.org\/{rel}","templated":true}]}}